{"id":34895,"date":"2025-08-26T10:13:10","date_gmt":"2025-08-26T10:13:10","guid":{"rendered":"https:\/\/www.freeshopfrontiera.ch\/shop\/guerlain-lhomme-ideal-eau-de-parfum-vapo-100ml\/"},"modified":"2025-08-26T10:20:35","modified_gmt":"2025-08-26T10:20:35","slug":"guerlain-lhomme-ideal-eau-de-parfum-vapo-100ml","status":"publish","type":"product","link":"https:\/\/www.freeshopfrontiera.ch\/de\/shop\/guerlain-lhomme-ideal-eau-de-parfum-vapo-100ml\/","title":{"rendered":"GUERLAIN L&#8217;Homme Ideal Eau de Parfum Vapo 100ml"},"content":{"rendered":"<p><strong data-start=\"2545\" data-end=\"2596\">GUERLAIN L\u2019Homme Id\u00e9al Eau de Parfum Vapo 100ml<\/strong> ist ein Herrenduft, der Eleganz, Sinnlichkeit und Raffinesse verk\u00f6rpert. 2016 lanciert, wurde dieses orientalisch-holzige Parfum von den Meisterparf\u00fcmeuren Thierry Wasser und Delphine Jelk kreiert, um ein einzigartiges und verf\u00fchrerisches Dufterlebnis zu bieten.<\/p>\n<p>Die Komposition er\u00f6ffnet mit Kopfnoten von <strong data-start=\"2903\" data-end=\"2913\">Mandel<\/strong>, <strong data-start=\"2915\" data-end=\"2927\">Gew\u00fcrzen<\/strong>, <strong data-start=\"2929\" data-end=\"2941\">Lavendel<\/strong>, <strong data-start=\"2943\" data-end=\"2957\">Bergamotte<\/strong>, <strong data-start=\"2959\" data-end=\"2971\">Rosmarin<\/strong> und <strong data-start=\"2976\" data-end=\"2987\">Thymian<\/strong>, die einen frischen und faszinierenden Auftakt schaffen. Das Herz offenbart Noten von <strong data-start=\"3074\" data-end=\"3085\">Kirsche<\/strong>, <strong data-start=\"3087\" data-end=\"3098\">Vanille<\/strong>, <strong data-start=\"3100\" data-end=\"3113\">Weihrauch<\/strong> und <strong data-start=\"3118\" data-end=\"3139\">bulgarischer Rose<\/strong>, die reichhaltige und komplexe Nuancen hinzuf\u00fcgen. Schlie\u00dflich ruht der Duft auf Basisnoten von <strong data-start=\"3236\" data-end=\"3245\" data-is-only-node=\"\">Leder<\/strong>, <strong data-start=\"3247\" data-end=\"3261\">Tonkabohne<\/strong> und <strong data-start=\"3266\" data-end=\"3280\">Sandelholz<\/strong>, was einen warmen und langanhaltenden Abschluss bietet. Der Flakon beh\u00e4lt seine originale Form bei, in Bernstein get\u00f6nt mit einem leuchtend orangefarbenen Logo, und verf\u00fcgt \u00fcber einen schweren, markanten Verschluss mit guillochiertem Muster, inspiriert von der Uhrmacherkunst.<\/p>\n<p><strong data-start=\"3558\" data-end=\"3598\">GUERLAIN L\u2019Homme Id\u00e9al Eau de Parfum<\/strong> ist mehr als ein Duft; es ist ein olfaktorisches Symbol f\u00fcr Raffinesse, Pers\u00f6nlichkeit und Best\u00e4ndigkeit, geschaffen f\u00fcr den modernen Mann, der in jeder Situation einen bleibenden Eindruck hinterlassen m\u00f6chte<\/p>\n<p>&nbsp;<\/p>\n<p>Follow us! <a href=\"https:\/\/www.instagram.com\/freeshopswiss\/\" target=\"_blank\" rel=\"noopener\">@freeshopswiss<\/a><\/p>\n","protected":false},"excerpt":{"rendered":"<p><strong data-start=\"2545\" data-end=\"2596\">GUERLAIN L\u2019Homme Id\u00e9al Eau de Parfum Vapo 100ml<\/strong> ist ein Herrenduft, der Eleganz, Sinnlichkeit und Raffinesse verk\u00f6rpert.<\/p>\n","protected":false},"featured_media":34891,"comment_status":"open","ping_status":"closed","template":"","meta":[],"pwb-brand":[2199],"product_brand":[],"product_cat":[84,86],"product_tag":[952,254,953,1642],"class_list":{"0":"post-34895","1":"product","2":"type-product","3":"status-publish","4":"has-post-thumbnail","6":"pwb-brand-guerlain","7":"product_cat-duefte","8":"product_cat-fur-ihn-de","9":"product_tag-profumi-de","10":"product_tag-eau-de-parfum-de","11":"product_tag-uomo-de","12":"product_tag-mens-fragrances-de","14":"first","15":"outofstock","16":"sale","17":"taxable","18":"shipping-taxable","19":"purchasable","20":"product-type-simple"},"brands":[{"id":2199,"name":"Guerlain","slug":"guerlain"}],"_links":{"self":[{"href":"https:\/\/www.freeshopfrontiera.ch\/de\/wp-json\/wp\/v2\/product\/34895","targetHints":{"allow":["GET"]}}],"collection":[{"href":"https:\/\/www.freeshopfrontiera.ch\/de\/wp-json\/wp\/v2\/product"}],"about":[{"href":"https:\/\/www.freeshopfrontiera.ch\/de\/wp-json\/wp\/v2\/types\/product"}],"replies":[{"embeddable":true,"href":"https:\/\/www.freeshopfrontiera.ch\/de\/wp-json\/wp\/v2\/comments?post=34895"}],"version-history":[{"count":2,"href":"https:\/\/www.freeshopfrontiera.ch\/de\/wp-json\/wp\/v2\/product\/34895\/revisions"}],"predecessor-version":[{"id":34899,"href":"https:\/\/www.freeshopfrontiera.ch\/de\/wp-json\/wp\/v2\/product\/34895\/revisions\/34899"}],"wp:featuredmedia":[{"embeddable":true,"href":"https:\/\/www.freeshopfrontiera.ch\/de\/wp-json\/wp\/v2\/media\/34891"}],"wp:attachment":[{"href":"https:\/\/www.freeshopfrontiera.ch\/de\/wp-json\/wp\/v2\/media?parent=34895"}],"wp:term":[{"taxonomy":"pwb-brand","embeddable":true,"href":"https:\/\/www.freeshopfrontiera.ch\/de\/wp-json\/wp\/v2\/pwb-brand?post=34895"},{"taxonomy":"product_brand","embeddable":true,"href":"https:\/\/www.freeshopfrontiera.ch\/de\/wp-json\/wp\/v2\/product_brand?post=34895"},{"taxonomy":"product_cat","embeddable":true,"href":"https:\/\/www.freeshopfrontiera.ch\/de\/wp-json\/wp\/v2\/product_cat?post=34895"},{"taxonomy":"product_tag","embeddable":true,"href":"https:\/\/www.freeshopfrontiera.ch\/de\/wp-json\/wp\/v2\/product_tag?post=34895"}],"curies":[{"name":"wp","href":"https:\/\/api.w.org\/{rel}","templated":true}]}}