{"id":34909,"date":"2025-08-26T10:37:00","date_gmt":"2025-08-26T10:37:00","guid":{"rendered":"https:\/\/www.freeshopfrontiera.ch\/shop\/guerlain-linstant-de-guerlain-pour-homme-eau-de-parfum-100ml\/"},"modified":"2025-08-26T10:56:09","modified_gmt":"2025-08-26T10:56:09","slug":"guerlain-linstant-de-guerlain-pour-homme-eau-de-parfum-100ml","status":"publish","type":"product","link":"https:\/\/www.freeshopfrontiera.ch\/de\/shop\/guerlain-linstant-de-guerlain-pour-homme-eau-de-parfum-100ml\/","title":{"rendered":"GUERLAIN L&#8217;Instant de Guerlain Pour Homme Eau de Parfum 100ml"},"content":{"rendered":"<h3 data-start=\"3847\" data-end=\"3928\"><strong data-start=\"3851\" data-end=\"3926\">GUERLAIN L\u2019Instant de Guerlain Pour Homme Eau de Parfum 100ml<\/strong><\/h3>\n<p data-start=\"3930\" data-end=\"4343\">Entdecken Sie <strong data-start=\"3944\" data-end=\"3994\">L\u2019Instant de Guerlain Pour Homme Eau de Parfum<\/strong>, eine raffinierte und moderne Interpretation des klassischen Herrendufts von Guerlain. Entwickelt f\u00fcr den eleganten und selbstbewussten Mann, vereint er Finesse und Pers\u00f6nlichkeit und macht jeden Moment zu einem einzigartigen Erlebnis. Perfekt f\u00fcr alle, die sich dezent hervorheben m\u00f6chten, ist L\u2019Instant de Guerlain die Essenz zeitloser Eleganz.<\/p>\n<p data-start=\"4345\" data-end=\"4827\">Zu Beginn entfalten <strong data-start=\"4365\" data-end=\"4409\">Bergamotte, Zitrone, Anis und Grapefruit<\/strong> eine sofortige, leuchtende Frische, dezent erg\u00e4nzt durch <strong data-start=\"4467\" data-end=\"4477\">Jasmin<\/strong> f\u00fcr eine subtile Sinnlichkeit. Das Herz entwickelt sich mit <strong data-start=\"4538\" data-end=\"4595\">Kakao, Patchouli, Sandelholz, Tee, Zeder und Lavendel<\/strong> zu einer reichhaltigen und komplexen Komposition voller Tiefe und Charakter. Schlie\u00dflich sorgen <strong data-start=\"4692\" data-end=\"4723\">Moschus, Hibiskus und Elemi<\/strong> f\u00fcr eine langanhaltende, umh\u00fcllende Basis, die eine elegante und unvergessliche Duftspur hinterl\u00e4sst.<\/p>\n<p data-start=\"4829\" data-end=\"5105\">Der Duft ist in einer Flasche mit schlichtem, aber elegantem Design verpackt. Das transparente Glas zeigt die bernsteinfarbene Fl\u00fcssigkeit, die W\u00e4rme und olfaktorische F\u00fclle symbolisiert, w\u00e4hrend der schwarze Verschluss und die klaren Linien Modernit\u00e4t und Stil ausstrahlen.<\/p>\n<p data-start=\"5107\" data-end=\"5478\">Ideal f\u00fcr jede Gelegenheit, eignet sich <strong data-start=\"5147\" data-end=\"5183\">L\u2019Instant de Guerlain Pour Homme<\/strong> sowohl f\u00fcr den Alltag im B\u00fcro als auch f\u00fcr besondere Abende und bietet einen vielseitigen Duft, der den selbstbewussten Mann den ganzen Tag begleitet. Seine komplexe Komposition macht ihn zu einem unverwechselbaren Parfum, das einen bleibenden Eindruck hinterl\u00e4sst, ohne aufdringlich zu sein.<\/p>\n<p data-start=\"5480\" data-end=\"5788\">Ein Muss f\u00fcr Liebhaber hochwertiger Herrend\u00fcfte, <strong data-start=\"5529\" data-end=\"5585\">L\u2019Instant de Guerlain Pour Homme Eau de Parfum 100ml<\/strong> ist die perfekte Wahl f\u00fcr alle, die Eleganz, Raffinesse und Charakter in einem Duft suchen. Erg\u00e4nzen Sie Ihre Sammlung und erleben Sie einen Duft, der jeden Moment in einen unvergesslichen verwandelt<\/p>\n<p data-start=\"1707\" data-end=\"2055\">Follow us! <a href=\"https:\/\/www.instagram.com\/freeshopswiss\/\" target=\"_blank\" rel=\"noopener\">@freeshopswiss<\/a><\/p>\n","protected":false},"excerpt":{"rendered":"<p>Entdecken Sie <strong data-start=\"3944\" data-end=\"3994\">L\u2019Instant de Guerlain Pour Homme Eau de Parfum<\/strong>, eine raffinierte und moderne Interpretation des klassischen Herrendufts von Guerlain.<\/p>\n","protected":false},"featured_media":34905,"comment_status":"open","ping_status":"closed","template":"","meta":[],"pwb-brand":[2199],"product_brand":[],"product_cat":[84,86],"product_tag":[952,254,953,1642],"class_list":{"0":"post-34909","1":"product","2":"type-product","3":"status-publish","4":"has-post-thumbnail","6":"pwb-brand-guerlain","7":"product_cat-duefte","8":"product_cat-fur-ihn-de","9":"product_tag-profumi-de","10":"product_tag-eau-de-parfum-de","11":"product_tag-uomo-de","12":"product_tag-mens-fragrances-de","14":"first","15":"instock","16":"sale","17":"taxable","18":"shipping-taxable","19":"purchasable","20":"product-type-simple"},"brands":[{"id":2199,"name":"Guerlain","slug":"guerlain"}],"_links":{"self":[{"href":"https:\/\/www.freeshopfrontiera.ch\/de\/wp-json\/wp\/v2\/product\/34909","targetHints":{"allow":["GET"]}}],"collection":[{"href":"https:\/\/www.freeshopfrontiera.ch\/de\/wp-json\/wp\/v2\/product"}],"about":[{"href":"https:\/\/www.freeshopfrontiera.ch\/de\/wp-json\/wp\/v2\/types\/product"}],"replies":[{"embeddable":true,"href":"https:\/\/www.freeshopfrontiera.ch\/de\/wp-json\/wp\/v2\/comments?post=34909"}],"version-history":[{"count":1,"href":"https:\/\/www.freeshopfrontiera.ch\/de\/wp-json\/wp\/v2\/product\/34909\/revisions"}],"predecessor-version":[{"id":34911,"href":"https:\/\/www.freeshopfrontiera.ch\/de\/wp-json\/wp\/v2\/product\/34909\/revisions\/34911"}],"wp:featuredmedia":[{"embeddable":true,"href":"https:\/\/www.freeshopfrontiera.ch\/de\/wp-json\/wp\/v2\/media\/34905"}],"wp:attachment":[{"href":"https:\/\/www.freeshopfrontiera.ch\/de\/wp-json\/wp\/v2\/media?parent=34909"}],"wp:term":[{"taxonomy":"pwb-brand","embeddable":true,"href":"https:\/\/www.freeshopfrontiera.ch\/de\/wp-json\/wp\/v2\/pwb-brand?post=34909"},{"taxonomy":"product_brand","embeddable":true,"href":"https:\/\/www.freeshopfrontiera.ch\/de\/wp-json\/wp\/v2\/product_brand?post=34909"},{"taxonomy":"product_cat","embeddable":true,"href":"https:\/\/www.freeshopfrontiera.ch\/de\/wp-json\/wp\/v2\/product_cat?post=34909"},{"taxonomy":"product_tag","embeddable":true,"href":"https:\/\/www.freeshopfrontiera.ch\/de\/wp-json\/wp\/v2\/product_tag?post=34909"}],"curies":[{"name":"wp","href":"https:\/\/api.w.org\/{rel}","templated":true}]}}