{"id":34962,"date":"2025-08-27T09:32:15","date_gmt":"2025-08-27T09:32:15","guid":{"rendered":"https:\/\/www.freeshopfrontiera.ch\/shop\/lattafa-safwaan-lautre-oud-eau-de-parfum-100ml\/"},"modified":"2025-08-27T09:39:23","modified_gmt":"2025-08-27T09:39:23","slug":"lattafa-safwaan-lautre-oud-eau-de-parfum-100ml","status":"publish","type":"product","link":"https:\/\/www.freeshopfrontiera.ch\/de\/shop\/lattafa-safwaan-lautre-oud-eau-de-parfum-100ml\/","title":{"rendered":"LATTAFA Safwaan L&#8217;Autre Oud Eau de Parfum 100ml"},"content":{"rendered":"<p data-start=\"3879\" data-end=\"5848\"><strong data-start=\"3879\" data-end=\"3931\">Lattafa Safwaan L&#8217;Autre Oud Eau de Parfum 100\u202fml<\/strong> ist ein raffinierter und moderner Unisex-Duft, der f\u00fcr alle gedacht ist, die einen unverwechselbaren, eleganten und langanhaltenden Duft suchen, ohne ein Verm\u00f6gen auszugeben. Dieses 100\u202fml Eau de Parfum bietet hervorragende Haltbarkeit und moderate Projektion, ideal f\u00fcr den t\u00e4glichen Gebrauch sowie f\u00fcr Abendveranstaltungen oder besondere Anl\u00e4sse.<\/p>\n<p data-start=\"3879\" data-end=\"5848\">Die olfaktorische Pyramide beginnt mit frischen und fruchtigen Noten von <strong data-start=\"4354\" data-end=\"4363\">Apfel<\/strong> und einer w\u00fcrzigen Note von <strong data-start=\"4392\" data-end=\"4403\">Pfeffer<\/strong>, die einen lebendigen und stimulierenden ersten Eindruck hinterlassen, der sofort Aufmerksamkeit erregt. Das Herz entwickelt sich zu einer warmen und umh\u00fcllenden Komposition aus <strong data-start=\"4582\" data-end=\"4592\">Safran<\/strong>, <strong data-start=\"4594\" data-end=\"4606\">Karamell<\/strong>, <strong data-start=\"4608\" data-end=\"4617\">Zeder<\/strong> und <strong data-start=\"4622\" data-end=\"4633\">Moschus<\/strong>, die dem Duft Tiefe und Charakter verleihen. Die Basis ist reichhaltig und best\u00e4ndig, mit <strong data-start=\"4724\" data-end=\"4735\">Moschus<\/strong>, <strong data-start=\"4737\" data-end=\"4748\">Vanille<\/strong> und <strong data-start=\"4753\" data-end=\"4772\">Oud Tolu Balsam<\/strong>, die eine elegante, leicht bernsteinfarbene und sinnliche Spur auf der Haut hinterlassen, typisch f\u00fcr hochwertige orientalische D\u00fcfte. Das Flaschendesign spiegelt die Eleganz des Dufts wider: schlichtes Glas mit goldenen Details, erg\u00e4nzt durch einen Zerst\u00e4uber f\u00fcr gleichm\u00e4\u00dfige und komfortable Anwendung. Die 100\u202fml Flasche garantiert langanhaltende Nutzung und ist auch ein hochwertiges Geschenk. Die Kombination aus Frische, W\u00e4rme und S\u00fc\u00dfe macht Safwaan L&#8217;Autre Oud \u00e4u\u00dferst vielseitig, geeignet f\u00fcr M\u00e4nner und Frauen, die moderne und raffinierte orientalische D\u00fcfte lieben.<\/p>\n<p data-start=\"3879\" data-end=\"5848\">Anwender berichten von einer Haltbarkeit von 6 bis 8 Stunden und einer ansprechenden Projektion in den ersten Stunden, die sich allm\u00e4hlich abschw\u00e4cht, ohne aufdringlich zu werden. Zusammengefasst ist <strong data-start=\"5549\" data-end=\"5580\">Lattafa Safwaan L&#8217;Autre Oud<\/strong> eine zug\u00e4ngliche und hochwertige L\u00f6sung f\u00fcr alle, die einen eleganten, langanhaltenden Unisex-Duft suchen, der sich durch die raffinierte Mischung aus fruchtigen, w\u00fcrzigen und orientalischen Noten auszeichnet und ein intensives, unvergessliches Dufterlebnis bietet.<\/p>\n<p>&nbsp;<\/p>\n<p>Follow us! <a href=\"https:\/\/www.instagram.com\/freeshopswiss\/\" target=\"_blank\" rel=\"noopener\">@freeshopswiss<\/a><\/p>\n","protected":false},"excerpt":{"rendered":"<p><strong data-start=\"3879\" data-end=\"3931\">Lattafa Safwaan L&#8217;Autre Oud Eau de Parfum 100\u202fml<\/strong> ist ein raffinierter und moderner Unisex-Duft, der f\u00fcr alle gedacht ist, die einen unverwechselbaren, eleganten und langanhaltenden Duft suchen, ohne ein Verm\u00f6gen auszugeben.<\/p>\n","protected":false},"featured_media":34954,"comment_status":"open","ping_status":"closed","template":"","meta":[],"pwb-brand":[772],"product_brand":[],"product_cat":[84,86,111],"product_tag":[952,254,293,953,595],"class_list":{"0":"post-34962","1":"product","2":"type-product","3":"status-publish","4":"has-post-thumbnail","6":"pwb-brand-lattafa","7":"product_cat-duefte","8":"product_cat-fur-ihn-de","9":"product_cat-fur-sie-de","10":"product_tag-profumi-de","11":"product_tag-eau-de-parfum-de","12":"product_tag-frau","13":"product_tag-uomo-de","14":"product_tag-unisex-de-2","16":"first","17":"outofstock","18":"sale","19":"taxable","20":"shipping-taxable","21":"purchasable","22":"product-type-simple"},"brands":[{"id":772,"name":"Lattafa","slug":"lattafa"}],"_links":{"self":[{"href":"https:\/\/www.freeshopfrontiera.ch\/de\/wp-json\/wp\/v2\/product\/34962","targetHints":{"allow":["GET"]}}],"collection":[{"href":"https:\/\/www.freeshopfrontiera.ch\/de\/wp-json\/wp\/v2\/product"}],"about":[{"href":"https:\/\/www.freeshopfrontiera.ch\/de\/wp-json\/wp\/v2\/types\/product"}],"replies":[{"embeddable":true,"href":"https:\/\/www.freeshopfrontiera.ch\/de\/wp-json\/wp\/v2\/comments?post=34962"}],"version-history":[{"count":1,"href":"https:\/\/www.freeshopfrontiera.ch\/de\/wp-json\/wp\/v2\/product\/34962\/revisions"}],"predecessor-version":[{"id":34967,"href":"https:\/\/www.freeshopfrontiera.ch\/de\/wp-json\/wp\/v2\/product\/34962\/revisions\/34967"}],"wp:featuredmedia":[{"embeddable":true,"href":"https:\/\/www.freeshopfrontiera.ch\/de\/wp-json\/wp\/v2\/media\/34954"}],"wp:attachment":[{"href":"https:\/\/www.freeshopfrontiera.ch\/de\/wp-json\/wp\/v2\/media?parent=34962"}],"wp:term":[{"taxonomy":"pwb-brand","embeddable":true,"href":"https:\/\/www.freeshopfrontiera.ch\/de\/wp-json\/wp\/v2\/pwb-brand?post=34962"},{"taxonomy":"product_brand","embeddable":true,"href":"https:\/\/www.freeshopfrontiera.ch\/de\/wp-json\/wp\/v2\/product_brand?post=34962"},{"taxonomy":"product_cat","embeddable":true,"href":"https:\/\/www.freeshopfrontiera.ch\/de\/wp-json\/wp\/v2\/product_cat?post=34962"},{"taxonomy":"product_tag","embeddable":true,"href":"https:\/\/www.freeshopfrontiera.ch\/de\/wp-json\/wp\/v2\/product_tag?post=34962"}],"curies":[{"name":"wp","href":"https:\/\/api.w.org\/{rel}","templated":true}]}}