{"id":35061,"date":"2025-09-01T11:54:10","date_gmt":"2025-09-01T11:54:10","guid":{"rendered":"https:\/\/www.freeshopfrontiera.ch\/shop\/narciso-rodriguez-set-for-her-3\/"},"modified":"2025-12-12T11:21:24","modified_gmt":"2025-12-12T11:21:24","slug":"narciso-rodriguez-set-for-her-3","status":"publish","type":"product","link":"https:\/\/www.freeshopfrontiera.ch\/de\/shop\/narciso-rodriguez-set-for-her-3\/","title":{"rendered":"NARCISO RODRIGUEZ SET For Her"},"content":{"rendered":"<h3 data-start=\"1978\" data-end=\"2099\">NARCISO RODRIGUEZ SET For Her Eau de Toilette Vapo 100ml + Body Lotion 50ml + Mini 7.5ml \u2013 Zeitlose feminine Eleganz<\/h3>\n<p data-start=\"2101\" data-end=\"2572\">Entdecken Sie den zeitlosen Zauber von <strong data-start=\"2140\" data-end=\"2185\">NARCISO RODRIGUEZ For Her Eau de Toilette<\/strong> mit diesem exklusiven Geschenkset \u2013 perfekt als edles Pr\u00e4sent oder als raffinierte Verw\u00f6hnung f\u00fcr sich selbst. Die ikonische Duftkreation, Sinnbild f\u00fcr sinnliche und zugleich elegante Weiblichkeit, wird hier von zwei passenden Begleitern erg\u00e4nzt: einer <strong data-start=\"2439\" data-end=\"2459\">Body Lotion 50ml<\/strong>, die die Haut pflegt und sanft parf\u00fcmiert, sowie einem <strong data-start=\"2515\" data-end=\"2544\">Mini Eau de Toilette 7.5ml<\/strong>, praktisch f\u00fcr unterwegs.<\/p>\n<p data-start=\"2574\" data-end=\"2943\">Das <strong data-start=\"2578\" data-end=\"2605\">For Her Eau de Toilette<\/strong> gilt als moderne Ikone der Parfumwelt. Es er\u00f6ffnet mit zarten, leuchtenden Noten von Orangenbl\u00fcte und Osmanthus, gefolgt von einem warmen, umh\u00fcllenden Herz aus Moschus \u2013 dem Markenzeichen von Narciso Rodriguez. In der Basis schenken Amber und edle H\u00f6lzer Tiefe und Intensit\u00e4t, wodurch eine elegante, unwiderstehliche Duftspur entsteht.<\/p>\n<p data-start=\"2945\" data-end=\"3205\">Die <strong data-start=\"2949\" data-end=\"2969\">Body Lotion 50ml<\/strong> vervollst\u00e4ndigt das Pflegeerlebnis, macht die Haut geschmeidig und intensiviert den Duft. Das handliche <strong data-start=\"3074\" data-end=\"3103\">Mini Eau de Toilette 7.5ml<\/strong> ist der perfekte Begleiter f\u00fcr die Handtasche oder auf Reisen, um For Her immer bei sich zu tragen.<\/p>\n<p data-start=\"3207\" data-end=\"3399\">Das minimalistische, raffinierte Design des Sets spiegelt den unverwechselbaren Stil von <strong data-start=\"3296\" data-end=\"3317\">Narciso Rodriguez<\/strong> wider: eine perfekte Harmonie zwischen moderner Klarheit und femininer Eleganz.<\/p>\n<p data-start=\"3401\" data-end=\"3630\"><strong data-start=\"3401\" data-end=\"3487\">NARCISO RODRIGUEZ SET For Her Eau de Toilette 100ml + Body Lotion 50ml + Mini 7.5ml<\/strong> ist die ideale Wahl f\u00fcr Frauen, die einen sinnlichen, eleganten Duft lieben \u2013 geeignet sowohl f\u00fcr besondere Anl\u00e4sse als auch f\u00fcr den Alltag.<\/p>\n<p data-start=\"3632\" data-end=\"3801\">Bestellen Sie jetzt dieses exklusive Set und lassen Sie sich von der zeitlosen Harmonie von <strong data-start=\"3724\" data-end=\"3735\">For Her<\/strong> verf\u00fchren \u2013 ein Duft, der die Essenz weiblicher Eleganz feiert<\/p>\n<p data-start=\"1912\" data-end=\"2083\">Follow us! <a href=\"https:\/\/www.instagram.com\/freeshopswiss\/\" target=\"_blank\" rel=\"noopener\">@freeshopswiss<\/a><\/p>\n","protected":false},"excerpt":{"rendered":"<p>Entdecken Sie den zeitlosen Zauber von <strong data-start=\"2140\" data-end=\"2185\">NARCISO RODRIGUEZ For Her Eau de Toilette<\/strong> mit diesem exklusiven Geschenkset \u2013 perfekt als edles Pr\u00e4sent oder als raffinierte Verw\u00f6hnung f\u00fcr sich selbst.<\/p>\n","protected":false},"featured_media":37818,"comment_status":"open","ping_status":"closed","template":"","meta":[],"pwb-brand":[284],"product_brand":[],"product_cat":[84,111,485,4193],"product_tag":[147,293,4368,462,5051,5073,460],"class_list":{"0":"post-35061","1":"product","2":"type-product","3":"status-publish","4":"has-post-thumbnail","6":"pwb-brand-narciso-rodriguez","7":"product_cat-duefte","8":"product_cat-fur-sie-de","9":"product_cat-geschenkbox","10":"product_cat-sets-aktion","11":"product_tag-eau-de-toilette-de","12":"product_tag-frau","13":"product_tag-fruehlingsspecial","14":"product_tag-geschenkset-fuer-damen","15":"product_tag-muttertag","16":"product_tag-muttertags-parfums","17":"product_tag-parfuem-geschenkset","19":"first","20":"instock","21":"sale","22":"taxable","23":"shipping-taxable","24":"purchasable","25":"product-type-simple"},"brands":[{"id":284,"name":"Narciso Rodriguez","slug":"narciso-rodriguez"}],"_links":{"self":[{"href":"https:\/\/www.freeshopfrontiera.ch\/de\/wp-json\/wp\/v2\/product\/35061","targetHints":{"allow":["GET"]}}],"collection":[{"href":"https:\/\/www.freeshopfrontiera.ch\/de\/wp-json\/wp\/v2\/product"}],"about":[{"href":"https:\/\/www.freeshopfrontiera.ch\/de\/wp-json\/wp\/v2\/types\/product"}],"replies":[{"embeddable":true,"href":"https:\/\/www.freeshopfrontiera.ch\/de\/wp-json\/wp\/v2\/comments?post=35061"}],"version-history":[{"count":2,"href":"https:\/\/www.freeshopfrontiera.ch\/de\/wp-json\/wp\/v2\/product\/35061\/revisions"}],"predecessor-version":[{"id":37821,"href":"https:\/\/www.freeshopfrontiera.ch\/de\/wp-json\/wp\/v2\/product\/35061\/revisions\/37821"}],"wp:featuredmedia":[{"embeddable":true,"href":"https:\/\/www.freeshopfrontiera.ch\/de\/wp-json\/wp\/v2\/media\/37818"}],"wp:attachment":[{"href":"https:\/\/www.freeshopfrontiera.ch\/de\/wp-json\/wp\/v2\/media?parent=35061"}],"wp:term":[{"taxonomy":"pwb-brand","embeddable":true,"href":"https:\/\/www.freeshopfrontiera.ch\/de\/wp-json\/wp\/v2\/pwb-brand?post=35061"},{"taxonomy":"product_brand","embeddable":true,"href":"https:\/\/www.freeshopfrontiera.ch\/de\/wp-json\/wp\/v2\/product_brand?post=35061"},{"taxonomy":"product_cat","embeddable":true,"href":"https:\/\/www.freeshopfrontiera.ch\/de\/wp-json\/wp\/v2\/product_cat?post=35061"},{"taxonomy":"product_tag","embeddable":true,"href":"https:\/\/www.freeshopfrontiera.ch\/de\/wp-json\/wp\/v2\/product_tag?post=35061"}],"curies":[{"name":"wp","href":"https:\/\/api.w.org\/{rel}","templated":true}]}}