{"id":35166,"date":"2025-09-03T08:36:43","date_gmt":"2025-09-03T08:36:43","guid":{"rendered":"https:\/\/www.freeshopfrontiera.ch\/shop\/creed-oud-zarian-eau-de-parfum\/"},"modified":"2025-09-03T08:46:13","modified_gmt":"2025-09-03T08:46:13","slug":"creed-oud-zarian-eau-de-parfum","status":"publish","type":"product","link":"https:\/\/www.freeshopfrontiera.ch\/de\/shop\/creed-oud-zarian-eau-de-parfum\/","title":{"rendered":"CREED Oud Zarian Eau de Parfum"},"content":{"rendered":"<p data-start=\"4464\" data-end=\"4512\"><strong data-start=\"4464\" data-end=\"4510\">CREED Oud Zarian Eau de Parfum Spray 100ml<\/strong><\/p>\n<p data-start=\"4514\" data-end=\"4809\">Ein Duft, der Luxus, Raffinesse und zeitlose Eleganz verk\u00f6rpert. <strong data-start=\"4579\" data-end=\"4593\">Oud Zarian<\/strong> von Creed ist eine exklusive Kreation, die die hohe Kunst der Parf\u00fcmerie feiert, indem sie die tiefe F\u00fclle von Oud mit strahlenden und edlen Nuancen verbindet \u2013 f\u00fcr ein einzigartiges, unvergessliches Dufterlebnis.<\/p>\n<p data-start=\"4811\" data-end=\"5142\">Die Kopfnote er\u00f6ffnet mit einer faszinierenden Frische, die in ein opulentes Herz aus Oudholz \u00fcbergeht, umh\u00fcllt von w\u00fcrzigen Akzenten und einem raffinierten Blumenbouquet. In der Basis entfalten Amber und Moschus ihre ganze Sinnlichkeit und verschmelzen mit dem edlen Oud zu einer warmen, intensiven und langanhaltenden Duftspur.<\/p>\n<p data-start=\"5144\" data-end=\"5451\"><strong data-start=\"5144\" data-end=\"5164\">CREED Oud Zarian<\/strong> ist ein magnetischer, umh\u00fcllender Duft f\u00fcr alle, die markante und zugleich elegante Parfums lieben, die einen unverwechselbaren Eindruck hinterlassen. Seine geheimnisvolle, edle Aura macht ihn gleicherma\u00dfen f\u00fcr Damen und Herren geeignet \u2013 eine perfekte Balance aus Kraft und Feinheit.<\/p>\n<p data-start=\"5453\" data-end=\"5475\">\u2728 <strong data-start=\"5455\" data-end=\"5473\">Hauptmerkmale:<\/strong><\/p>\n<ul data-start=\"5476\" data-end=\"5672\">\n<li data-start=\"5476\" data-end=\"5521\">\n<p data-start=\"5478\" data-end=\"5521\">Intensives, anspruchsvolles Eau de Parfum<\/p>\n<\/li>\n<li data-start=\"5522\" data-end=\"5583\">\n<p data-start=\"5524\" data-end=\"5583\">Edles Oud kombiniert mit w\u00fcrzigen und amberfarbenen Noten<\/p>\n<\/li>\n<li data-start=\"5584\" data-end=\"5621\">\n<p data-start=\"5586\" data-end=\"5621\">Unisex-Duft, elegant und fesselnd<\/p>\n<\/li>\n<li data-start=\"5622\" data-end=\"5672\">\n<p data-start=\"5624\" data-end=\"5672\">Langanhaltende Wirkung und umh\u00fcllender Sillage<\/p>\n<\/li>\n<\/ul>\n<p data-start=\"5674\" data-end=\"5854\">Erleben Sie die unverwechselbare Faszination von <strong data-start=\"5723\" data-end=\"5757\">CREED Oud Zarian Eau de Parfum<\/strong>: eine sinnliche Reise zwischen Luxus und Geheimnis \u2013 f\u00fcr alle, die mit Stil auffallen m\u00f6chten.<\/p>\n<p data-start=\"5674\" data-end=\"5854\">Follow us! <a href=\"https:\/\/www.instagram.com\/freeshopswiss\/\" target=\"_blank\" rel=\"noopener\">@freeshopswiss<\/a><\/p>\n","protected":false},"excerpt":{"rendered":"<p>Un profumo che incarna lusso, raffinatezza ed eleganza senza tempo. <strong data-start=\"383\" data-end=\"397\">Oud Zarian<\/strong> di Creed \u00e8 una fragranza esclusiva che celebra l\u2019arte profumiera della Maison.<\/p>\n","protected":false},"featured_media":35146,"comment_status":"open","ping_status":"closed","template":"","meta":[],"pwb-brand":[403],"product_brand":[],"product_cat":[84,86,111],"product_tag":[790,952,254,293,953,1642,595],"class_list":{"0":"post-35166","1":"product","2":"type-product","3":"status-publish","4":"has-post-thumbnail","6":"pwb-brand-creed","7":"product_cat-duefte","8":"product_cat-fur-ihn-de","9":"product_cat-fur-sie-de","10":"product_tag-womens-fragrances-de","11":"product_tag-profumi-de","12":"product_tag-eau-de-parfum-de","13":"product_tag-frau","14":"product_tag-uomo-de","15":"product_tag-mens-fragrances-de","16":"product_tag-unisex-de-2","18":"first","19":"instock","20":"taxable","21":"shipping-taxable","22":"purchasable","23":"product-type-variable"},"brands":[{"id":403,"name":"Creed","slug":"creed"}],"_links":{"self":[{"href":"https:\/\/www.freeshopfrontiera.ch\/de\/wp-json\/wp\/v2\/product\/35166","targetHints":{"allow":["GET"]}}],"collection":[{"href":"https:\/\/www.freeshopfrontiera.ch\/de\/wp-json\/wp\/v2\/product"}],"about":[{"href":"https:\/\/www.freeshopfrontiera.ch\/de\/wp-json\/wp\/v2\/types\/product"}],"replies":[{"embeddable":true,"href":"https:\/\/www.freeshopfrontiera.ch\/de\/wp-json\/wp\/v2\/comments?post=35166"}],"version-history":[{"count":1,"href":"https:\/\/www.freeshopfrontiera.ch\/de\/wp-json\/wp\/v2\/product\/35166\/revisions"}],"predecessor-version":[{"id":35175,"href":"https:\/\/www.freeshopfrontiera.ch\/de\/wp-json\/wp\/v2\/product\/35166\/revisions\/35175"}],"wp:featuredmedia":[{"embeddable":true,"href":"https:\/\/www.freeshopfrontiera.ch\/de\/wp-json\/wp\/v2\/media\/35146"}],"wp:attachment":[{"href":"https:\/\/www.freeshopfrontiera.ch\/de\/wp-json\/wp\/v2\/media?parent=35166"}],"wp:term":[{"taxonomy":"pwb-brand","embeddable":true,"href":"https:\/\/www.freeshopfrontiera.ch\/de\/wp-json\/wp\/v2\/pwb-brand?post=35166"},{"taxonomy":"product_brand","embeddable":true,"href":"https:\/\/www.freeshopfrontiera.ch\/de\/wp-json\/wp\/v2\/product_brand?post=35166"},{"taxonomy":"product_cat","embeddable":true,"href":"https:\/\/www.freeshopfrontiera.ch\/de\/wp-json\/wp\/v2\/product_cat?post=35166"},{"taxonomy":"product_tag","embeddable":true,"href":"https:\/\/www.freeshopfrontiera.ch\/de\/wp-json\/wp\/v2\/product_tag?post=35166"}],"curies":[{"name":"wp","href":"https:\/\/api.w.org\/{rel}","templated":true}]}}