{"id":35189,"date":"2025-09-03T09:49:25","date_gmt":"2025-09-03T09:49:25","guid":{"rendered":"https:\/\/www.freeshopfrontiera.ch\/shop\/medicube-zero-foam-cleanser-120ml\/"},"modified":"2025-09-03T10:51:52","modified_gmt":"2025-09-03T10:51:52","slug":"medicube-zero-foam-cleanser-120ml","status":"publish","type":"product","link":"https:\/\/www.freeshopfrontiera.ch\/de\/shop\/medicube-zero-foam-cleanser-120ml\/","title":{"rendered":"MEDICUBE Zero Foam Cleanser 120ml"},"content":{"rendered":"<h3 data-start=\"1865\" data-end=\"1916\"><strong data-start=\"1869\" data-end=\"1916\">MEDICUBE Zero Foam Cleanser 120ml<\/strong><\/h3>\n<p data-start=\"1918\" data-end=\"1991\"><strong data-start=\"1918\" data-end=\"1991\">MEDICUBE Zero Foam Cleanser 120ml \u2013 Sanfter, kl\u00e4render Schaumreiniger<\/strong><\/p>\n<p data-start=\"1993\" data-end=\"2354\">Erleben Sie eine gr\u00fcndliche Reinigung ohne Hautstress mit dem <strong data-start=\"2055\" data-end=\"2092\">MEDICUBE Zero Foam Cleanser 120ml<\/strong>, einem koreanischen Schaumreiniger f\u00fcr empfindliche und zu Unreinheiten neigende Haut. Die sanfte, aber effektive Formel entfernt Schmutz, \u00fcbersch\u00fcssiges \u00d6l und Make-up-Reste, ohne die Haut auszutrocknen. Perfekt f\u00fcr die t\u00e4gliche Anwendung morgens und abends.<\/p>\n<p data-start=\"2356\" data-end=\"2821\">Die Formel enth\u00e4lt <strong data-start=\"2375\" data-end=\"2398\">nat\u00fcrliche Extrakte<\/strong> wie Wintergr\u00fcnbl\u00e4tter (nat\u00fcrliche Quelle von Salicyls\u00e4ure), Quitte und Zitronenmelisse, die die Haut kl\u00e4ren, beruhigen und mit Feuchtigkeit versorgen. Sie helfen, Unreinheiten zu reduzieren, Poren zu minimieren und die Hautstruktur zu verbessern. Die <strong data-start=\"2650\" data-end=\"2678\">Pollushield\u2122-Technologie<\/strong> sch\u00fctzt die Haut zus\u00e4tzlich vor Umweltverschmutzung und Feinstaub, st\u00e4rkt die Hautbarriere und sorgt f\u00fcr ein gesundes, strahlendes Hautbild.<\/p>\n<p data-start=\"2823\" data-end=\"3199\">Dermatologisch getestet und hypoallergen, eignet sich der <strong data-start=\"2881\" data-end=\"2912\">MEDICUBE Zero Foam Cleanser<\/strong> auch f\u00fcr besonders empfindliche Haut. Anwendung: Gesicht anfeuchten, eine kleine Menge des Reinigers aufsch\u00e4umen, sanft Gesicht und Hals massieren und mit lauwarmem Wasser absp\u00fclen. F\u00fcr optimale Ergebnisse t\u00e4glich anwenden und idealerweise mit weiteren MEDICUBE-Produkten kombinieren.<\/p>\n<p data-start=\"3201\" data-end=\"3405\">Der <strong data-start=\"3205\" data-end=\"3233\">Zero Foam Cleanser 120ml<\/strong> ist die perfekte Wahl f\u00fcr alle, die eine effektive, aber sanfte Reinigung suchen. Bestellen Sie jetzt und genie\u00dfen Sie t\u00e4glich gereinigte, gepflegte und gesch\u00fctzte Haut<\/p>\n<p data-start=\"1709\" data-end=\"2041\">Follow us! <a href=\"https:\/\/www.instagram.com\/freeshopswiss\/\" target=\"_blank\" rel=\"noopener\">@freeshopswiss<\/a><\/p>\n","protected":false},"excerpt":{"rendered":"<p>Erleben Sie eine gr\u00fcndliche Reinigung ohne Hautstress mit dem <strong data-start=\"2055\" data-end=\"2092\">MEDICUBE Zero Foam Cleanser 120ml<\/strong>, einem koreanischen Schaumreiniger f\u00fcr empfindliche und zu Unreinheiten neigende Haut.<\/p>\n","protected":false},"featured_media":35181,"comment_status":"open","ping_status":"closed","template":"","meta":[],"pwb-brand":[1000],"product_brand":[],"product_cat":[292,111,546,3769],"product_tag":[419,293,4368,300,3612],"class_list":{"0":"post-35189","1":"product","2":"type-product","3":"status-publish","4":"has-post-thumbnail","6":"pwb-brand-medicube","7":"product_cat-behandlungen","8":"product_cat-fur-sie-de","9":"product_cat-gesichtsbehandlung","10":"product_cat-k-beauty-de","11":"product_tag-behandlungen-de","12":"product_tag-frau","13":"product_tag-fruehlingsspecial","14":"product_tag-gesichtsbehandlungen","15":"product_tag-k-beauty-de","17":"first","18":"outofstock","19":"sale","20":"taxable","21":"shipping-taxable","22":"purchasable","23":"product-type-simple"},"brands":[{"id":1000,"name":"Medicube","slug":"medicube"}],"_links":{"self":[{"href":"https:\/\/www.freeshopfrontiera.ch\/de\/wp-json\/wp\/v2\/product\/35189","targetHints":{"allow":["GET"]}}],"collection":[{"href":"https:\/\/www.freeshopfrontiera.ch\/de\/wp-json\/wp\/v2\/product"}],"about":[{"href":"https:\/\/www.freeshopfrontiera.ch\/de\/wp-json\/wp\/v2\/types\/product"}],"replies":[{"embeddable":true,"href":"https:\/\/www.freeshopfrontiera.ch\/de\/wp-json\/wp\/v2\/comments?post=35189"}],"version-history":[{"count":2,"href":"https:\/\/www.freeshopfrontiera.ch\/de\/wp-json\/wp\/v2\/product\/35189\/revisions"}],"predecessor-version":[{"id":35193,"href":"https:\/\/www.freeshopfrontiera.ch\/de\/wp-json\/wp\/v2\/product\/35189\/revisions\/35193"}],"wp:featuredmedia":[{"embeddable":true,"href":"https:\/\/www.freeshopfrontiera.ch\/de\/wp-json\/wp\/v2\/media\/35181"}],"wp:attachment":[{"href":"https:\/\/www.freeshopfrontiera.ch\/de\/wp-json\/wp\/v2\/media?parent=35189"}],"wp:term":[{"taxonomy":"pwb-brand","embeddable":true,"href":"https:\/\/www.freeshopfrontiera.ch\/de\/wp-json\/wp\/v2\/pwb-brand?post=35189"},{"taxonomy":"product_brand","embeddable":true,"href":"https:\/\/www.freeshopfrontiera.ch\/de\/wp-json\/wp\/v2\/product_brand?post=35189"},{"taxonomy":"product_cat","embeddable":true,"href":"https:\/\/www.freeshopfrontiera.ch\/de\/wp-json\/wp\/v2\/product_cat?post=35189"},{"taxonomy":"product_tag","embeddable":true,"href":"https:\/\/www.freeshopfrontiera.ch\/de\/wp-json\/wp\/v2\/product_tag?post=35189"}],"curies":[{"name":"wp","href":"https:\/\/api.w.org\/{rel}","templated":true}]}}