{"id":35284,"date":"2025-09-08T09:35:14","date_gmt":"2025-09-08T09:35:14","guid":{"rendered":"https:\/\/www.freeshopfrontiera.ch\/shop\/medicube-deep-vita-c-capsule-cream-55gr\/"},"modified":"2025-09-08T09:40:28","modified_gmt":"2025-09-08T09:40:28","slug":"medicube-deep-vita-c-capsule-cream-55gr","status":"publish","type":"product","link":"https:\/\/www.freeshopfrontiera.ch\/de\/shop\/medicube-deep-vita-c-capsule-cream-55gr\/","title":{"rendered":"MEDICUBE Deep Vita C Capsule Cream 55gr"},"content":{"rendered":"<p data-start=\"3336\" data-end=\"3434\"><strong data-start=\"3336\" data-end=\"3432\">MEDICUBE Deep Vita C Capsule Cream 55gr \u2013 Aufhellende Creme mit hochkonzentriertem Vitamin C<\/strong><\/p>\n<p data-start=\"3436\" data-end=\"3850\">Die <strong data-start=\"3440\" data-end=\"3483\">MEDICUBE Deep Vita C Capsule Cream 55gr<\/strong> ist eine innovative Gesichtscreme f\u00fcr alle, die sich eine strahlendere, festere und ebenm\u00e4\u00dfigere Haut w\u00fcnschen. Ihre Formel enth\u00e4lt <strong data-start=\"3616\" data-end=\"3651\">konzentrierte Vitamin-C-Kapseln<\/strong>, die f\u00fcr ihre starken antioxidativen und aufhellenden Eigenschaften bekannt sind. Sie helfen, freie Radikale zu bek\u00e4mpfen, Pigmentflecken zu reduzieren und dem Teint mehr Leuchtkraft zu verleihen.<\/p>\n<p data-start=\"3852\" data-end=\"4099\">Dank der Kapseltechnologie wird Vitamin C schrittweise und stabil freigesetzt, wodurch Oxidation und Wirkverlust verhindert werden. Dadurch eignet sich die Creme auch f\u00fcr empfindliche Haut, die auf reine Vitamin-C-Produkte oft sensibel reagiert.<\/p>\n<p data-start=\"4101\" data-end=\"4382\">Die reichhaltige, dennoch leichte Textur zieht schnell ein, ohne zu fetten, und hinterl\u00e4sst die Haut geschmeidig und hydratisiert. Bei regelm\u00e4\u00dfiger Anwendung wirkt die Haut elastischer, glatter und strahlender, w\u00e4hrend Hautunreinheiten und Verf\u00e4rbungen sichtbar reduziert werden.<\/p>\n<p data-start=\"4384\" data-end=\"4404\"><strong data-start=\"4384\" data-end=\"4402\">Hauptvorteile:<\/strong><\/p>\n<ul data-start=\"4405\" data-end=\"4771\">\n<li data-start=\"4405\" data-end=\"4476\">\n<p data-start=\"4407\" data-end=\"4476\"><strong data-start=\"4407\" data-end=\"4433\">Einkapseltes Vitamin C<\/strong> f\u00fcr maximale Stabilit\u00e4t und Wirksamkeit.<\/p>\n<\/li>\n<li data-start=\"4477\" data-end=\"4553\">\n<p data-start=\"4479\" data-end=\"4553\">Aufhellender Effekt: reduziert Pigmentflecken und ungleichm\u00e4\u00dfigen Teint.<\/p>\n<\/li>\n<li data-start=\"4554\" data-end=\"4638\">\n<p data-start=\"4556\" data-end=\"4638\">Starker antioxidativer Schutz vor Umwelteinfl\u00fcssen und vorzeitiger Hautalterung.<\/p>\n<\/li>\n<li data-start=\"4639\" data-end=\"4710\">\n<p data-start=\"4641\" data-end=\"4710\">Intensive Feuchtigkeitspflege mit seidigem, nicht fettendem Finish.<\/p>\n<\/li>\n<li data-start=\"4711\" data-end=\"4771\">\n<p data-start=\"4713\" data-end=\"4771\">Geeignet f\u00fcr alle Hauttypen, auch f\u00fcr empfindliche Haut.<\/p>\n<\/li>\n<\/ul>\n<p data-start=\"4773\" data-end=\"4981\">Mit der <strong data-start=\"4781\" data-end=\"4824\">MEDICUBE Deep Vita C Capsule Cream 55gr<\/strong> wird deine Hautpflege zu einer intensiven Behandlung, die Feuchtigkeit spendet, aufhellt und sch\u00fctzt \u2013 f\u00fcr ein jugendliches, vitales Hautbild Tag f\u00fcr Tag.<\/p>\n<p data-start=\"1627\" data-end=\"1821\">Follow us! <a href=\"https:\/\/www.instagram.com\/freeshopswiss\/\" target=\"_blank\" rel=\"noopener\">@freeshopswiss<\/a><\/p>\n","protected":false},"excerpt":{"rendered":"<p>Die <strong data-start=\"3440\" data-end=\"3483\">MEDICUBE Deep Vita C Capsule Cream 55gr<\/strong> ist eine innovative Gesichtscreme f\u00fcr alle, die sich eine strahlendere, festere und ebenm\u00e4\u00dfigere Haut w\u00fcnschen. Ihre Formel enth\u00e4lt <strong data-start=\"3616\" data-end=\"3651\">konzentrierte Vitamin-C-Kapseln<\/strong>.<\/p>\n","protected":false},"featured_media":35276,"comment_status":"open","ping_status":"closed","template":"","meta":[],"pwb-brand":[1000],"product_brand":[],"product_cat":[292,111,546,3769],"product_tag":[419,293,4349,4368,300,3612],"class_list":{"0":"post-35284","1":"product","2":"type-product","3":"status-publish","4":"has-post-thumbnail","6":"pwb-brand-medicube","7":"product_cat-behandlungen","8":"product_cat-fur-sie-de","9":"product_cat-gesichtsbehandlung","10":"product_cat-k-beauty-de","11":"product_tag-behandlungen-de","12":"product_tag-frau","13":"product_tag-frauentag","14":"product_tag-fruehlingsspecial","15":"product_tag-gesichtsbehandlungen","16":"product_tag-k-beauty-de","18":"first","19":"instock","20":"sale","21":"taxable","22":"shipping-taxable","23":"purchasable","24":"product-type-simple"},"brands":[{"id":1000,"name":"Medicube","slug":"medicube"}],"_links":{"self":[{"href":"https:\/\/www.freeshopfrontiera.ch\/de\/wp-json\/wp\/v2\/product\/35284","targetHints":{"allow":["GET"]}}],"collection":[{"href":"https:\/\/www.freeshopfrontiera.ch\/de\/wp-json\/wp\/v2\/product"}],"about":[{"href":"https:\/\/www.freeshopfrontiera.ch\/de\/wp-json\/wp\/v2\/types\/product"}],"replies":[{"embeddable":true,"href":"https:\/\/www.freeshopfrontiera.ch\/de\/wp-json\/wp\/v2\/comments?post=35284"}],"version-history":[{"count":2,"href":"https:\/\/www.freeshopfrontiera.ch\/de\/wp-json\/wp\/v2\/product\/35284\/revisions"}],"predecessor-version":[{"id":35289,"href":"https:\/\/www.freeshopfrontiera.ch\/de\/wp-json\/wp\/v2\/product\/35284\/revisions\/35289"}],"wp:featuredmedia":[{"embeddable":true,"href":"https:\/\/www.freeshopfrontiera.ch\/de\/wp-json\/wp\/v2\/media\/35276"}],"wp:attachment":[{"href":"https:\/\/www.freeshopfrontiera.ch\/de\/wp-json\/wp\/v2\/media?parent=35284"}],"wp:term":[{"taxonomy":"pwb-brand","embeddable":true,"href":"https:\/\/www.freeshopfrontiera.ch\/de\/wp-json\/wp\/v2\/pwb-brand?post=35284"},{"taxonomy":"product_brand","embeddable":true,"href":"https:\/\/www.freeshopfrontiera.ch\/de\/wp-json\/wp\/v2\/product_brand?post=35284"},{"taxonomy":"product_cat","embeddable":true,"href":"https:\/\/www.freeshopfrontiera.ch\/de\/wp-json\/wp\/v2\/product_cat?post=35284"},{"taxonomy":"product_tag","embeddable":true,"href":"https:\/\/www.freeshopfrontiera.ch\/de\/wp-json\/wp\/v2\/product_tag?post=35284"}],"curies":[{"name":"wp","href":"https:\/\/api.w.org\/{rel}","templated":true}]}}