{"id":35304,"date":"2025-09-08T09:51:32","date_gmt":"2025-09-08T09:51:32","guid":{"rendered":"https:\/\/www.freeshopfrontiera.ch\/shop\/medicube-kojic-acid-turmeric-night-wrapping-mask-75ml\/"},"modified":"2025-09-08T09:53:35","modified_gmt":"2025-09-08T09:53:35","slug":"medicube-kojic-acid-turmeric-night-wrapping-mask-75ml","status":"publish","type":"product","link":"https:\/\/www.freeshopfrontiera.ch\/de\/shop\/medicube-kojic-acid-turmeric-night-wrapping-mask-75ml\/","title":{"rendered":"MEDICUBE Kojic Acid Turmeric Night Wrapping Mask 75ml"},"content":{"rendered":"<p data-start=\"1881\" data-end=\"1981\"><strong data-start=\"1881\" data-end=\"1979\">MEDICUBE Kojic Acid Turmeric Night Wrapping Mask 75ml \u2013 Aufhellende &amp; ausgleichende Nachtmaske<\/strong><\/p>\n<p data-start=\"1983\" data-end=\"2355\">Die <strong data-start=\"1987\" data-end=\"2044\">MEDICUBE Kojic Acid Turmeric Night Wrapping Mask 75ml<\/strong> ist eine innovative Nachtmaske, die die Haut \u00fcber Nacht regeneriert und aufhellt. Durch die einzigartige Kombination aus <strong data-start=\"2166\" data-end=\"2179\">Kojis\u00e4ure<\/strong> und <strong data-start=\"2184\" data-end=\"2195\">Kurkuma<\/strong> wirkt sie intensiv w\u00e4hrend des Schlafs, verbessert die Ebenm\u00e4\u00dfigkeit des Hautbildes, reduziert dunkle Flecken und verleiht am Morgen einen strahlenden Teint.<\/p>\n<p data-start=\"2357\" data-end=\"2690\"><strong data-start=\"2357\" data-end=\"2370\">Kojis\u00e4ure<\/strong> ist ein starkes aufhellendes Antioxidans, das bekannt daf\u00fcr ist, die Melaninproduktion zu hemmen und so Pigmentflecken, Sonnensch\u00e4den und Aknenarben sichtbar zu reduzieren. <strong data-start=\"2544\" data-end=\"2555\">Kurkuma<\/strong> mit ihren beruhigenden und entz\u00fcndungshemmenden Eigenschaften lindert Hautreizungen, beugt R\u00f6tungen vor und st\u00e4rkt die Hautbarriere.<\/p>\n<p data-start=\"2692\" data-end=\"2959\">Die umh\u00fcllende Textur dieser Maske bildet einen d\u00fcnnen, angenehmen Film, der die Wirkstoffe versiegelt, kontinuierliche Feuchtigkeit spendet und ihre Wirkung die ganze Nacht \u00fcber freisetzt. Am Morgen f\u00fchlt sich die Haut weicher, glatter und sichtbar strahlender an.<\/p>\n<p data-start=\"2961\" data-end=\"2981\"><strong data-start=\"2961\" data-end=\"2979\">Hauptvorteile:<\/strong><\/p>\n<ul data-start=\"2982\" data-end=\"3271\">\n<li data-start=\"2982\" data-end=\"3040\">\n<p data-start=\"2984\" data-end=\"3040\">Ebenm\u00e4\u00dfigeres Hautbild und Aufhellung durch Kojis\u00e4ure.<\/p>\n<\/li>\n<li data-start=\"3041\" data-end=\"3090\">\n<p data-start=\"3043\" data-end=\"3090\">Beruhigende Wirkung dank nat\u00fcrlicher Kurkuma.<\/p>\n<\/li>\n<li data-start=\"3091\" data-end=\"3140\">\n<p data-start=\"3093\" data-end=\"3140\">Intensive Feuchtigkeitsversorgung \u00fcber Nacht.<\/p>\n<\/li>\n<li data-start=\"3141\" data-end=\"3214\">\n<p data-start=\"3143\" data-end=\"3214\">Leichte, nicht fettende Textur, die das Kopfkissen nicht verschmutzt.<\/p>\n<\/li>\n<li data-start=\"3215\" data-end=\"3271\">\n<p data-start=\"3217\" data-end=\"3271\">Geeignet f\u00fcr alle Hauttypen, auch empfindliche Haut.<\/p>\n<\/li>\n<\/ul>\n<p data-start=\"3273\" data-end=\"3429\"><strong data-start=\"3273\" data-end=\"3287\">Anwendung:<\/strong><br data-start=\"3287\" data-end=\"3290\" \/>Eine d\u00fcnne Schicht als letzten Schritt der Abendroutine auftragen. \u00dcber Nacht einwirken lassen und morgens mit lauwarmem Wasser absp\u00fclen.<\/p>\n<p data-start=\"3431\" data-end=\"3662\">Mit der <strong data-start=\"3439\" data-end=\"3496\">MEDICUBE Kojic Acid Turmeric Night Wrapping Mask 75ml<\/strong> erh\u00e4lt deine Haut eine komplette Nachtpflege: mehr Leuchtkraft, ein ebenm\u00e4\u00dfiger Teint und tiefgehende Hydration \u2013 f\u00fcr ein frisches, strahlendes Hautbild jeden Tag.<\/p>\n<p data-start=\"2175\" data-end=\"2394\">Follow us! <a href=\"https:\/\/www.instagram.com\/freeshopswiss\/\" target=\"_blank\" rel=\"noopener\">@freeshopswiss<\/a><\/p>\n","protected":false},"excerpt":{"rendered":"<p>Die <strong data-start=\"1987\" data-end=\"2044\">MEDICUBE Kojic Acid Turmeric Night Wrapping Mask 75ml<\/strong> ist eine innovative Nachtmaske, die die Haut \u00fcber Nacht regeneriert und aufhellt.<\/p>\n","protected":false},"featured_media":35299,"comment_status":"open","ping_status":"closed","template":"","meta":[],"pwb-brand":[1000],"product_brand":[],"product_cat":[292,111,546,3769],"product_tag":[419,300,953,3612],"class_list":{"0":"post-35304","1":"product","2":"type-product","3":"status-publish","4":"has-post-thumbnail","6":"pwb-brand-medicube","7":"product_cat-behandlungen","8":"product_cat-fur-sie-de","9":"product_cat-gesichtsbehandlung","10":"product_cat-k-beauty-de","11":"product_tag-behandlungen-de","12":"product_tag-gesichtsbehandlungen","13":"product_tag-uomo-de","14":"product_tag-k-beauty-de","16":"first","17":"outofstock","18":"sale","19":"taxable","20":"shipping-taxable","21":"purchasable","22":"product-type-simple"},"brands":[{"id":1000,"name":"Medicube","slug":"medicube"}],"_links":{"self":[{"href":"https:\/\/www.freeshopfrontiera.ch\/de\/wp-json\/wp\/v2\/product\/35304","targetHints":{"allow":["GET"]}}],"collection":[{"href":"https:\/\/www.freeshopfrontiera.ch\/de\/wp-json\/wp\/v2\/product"}],"about":[{"href":"https:\/\/www.freeshopfrontiera.ch\/de\/wp-json\/wp\/v2\/types\/product"}],"replies":[{"embeddable":true,"href":"https:\/\/www.freeshopfrontiera.ch\/de\/wp-json\/wp\/v2\/comments?post=35304"}],"version-history":[{"count":1,"href":"https:\/\/www.freeshopfrontiera.ch\/de\/wp-json\/wp\/v2\/product\/35304\/revisions"}],"predecessor-version":[{"id":35307,"href":"https:\/\/www.freeshopfrontiera.ch\/de\/wp-json\/wp\/v2\/product\/35304\/revisions\/35307"}],"wp:featuredmedia":[{"embeddable":true,"href":"https:\/\/www.freeshopfrontiera.ch\/de\/wp-json\/wp\/v2\/media\/35299"}],"wp:attachment":[{"href":"https:\/\/www.freeshopfrontiera.ch\/de\/wp-json\/wp\/v2\/media?parent=35304"}],"wp:term":[{"taxonomy":"pwb-brand","embeddable":true,"href":"https:\/\/www.freeshopfrontiera.ch\/de\/wp-json\/wp\/v2\/pwb-brand?post=35304"},{"taxonomy":"product_brand","embeddable":true,"href":"https:\/\/www.freeshopfrontiera.ch\/de\/wp-json\/wp\/v2\/product_brand?post=35304"},{"taxonomy":"product_cat","embeddable":true,"href":"https:\/\/www.freeshopfrontiera.ch\/de\/wp-json\/wp\/v2\/product_cat?post=35304"},{"taxonomy":"product_tag","embeddable":true,"href":"https:\/\/www.freeshopfrontiera.ch\/de\/wp-json\/wp\/v2\/product_tag?post=35304"}],"curies":[{"name":"wp","href":"https:\/\/api.w.org\/{rel}","templated":true}]}}