{"id":35355,"date":"2025-09-08T10:40:28","date_gmt":"2025-09-08T10:40:28","guid":{"rendered":"https:\/\/www.freeshopfrontiera.ch\/shop\/medicube-zero-pore-cooling-mask-1-sheet-22g\/"},"modified":"2025-09-08T10:43:09","modified_gmt":"2025-09-08T10:43:09","slug":"medicube-zero-pore-cooling-mask-1-sheet-22g","status":"publish","type":"product","link":"https:\/\/www.freeshopfrontiera.ch\/de\/shop\/medicube-zero-pore-cooling-mask-1-sheet-22g\/","title":{"rendered":"MEDICUBE Zero Pore Cooling Mask 1 sheet (22g)"},"content":{"rendered":"<p data-start=\"1921\" data-end=\"2030\"><strong data-start=\"1921\" data-end=\"2028\">MEDICUBE Zero Pore Cooling Mask 1 sheet (22g) \u2013 Erfrischende und reinigende Maske f\u00fcr verfeinerte Poren<\/strong><\/p>\n<p data-start=\"2032\" data-end=\"2390\">Die <strong data-start=\"2036\" data-end=\"2085\">MEDICUBE Zero Pore Cooling Mask 1 sheet (22g)<\/strong> ist eine innovative Tuchmaske, die sofortige Frische spendet, die Poren reinigt und \u00fcbersch\u00fcssigen Talg reguliert. Ideal f\u00fcr Misch- und fettige Haut, bietet diese Einmal-Maske eine intensive Pflege und hinterl\u00e4sst die Haut glatter, hydratisiert und sichtbar ebenm\u00e4\u00dfiger schon nach der ersten Anwendung.<\/p>\n<p data-start=\"2392\" data-end=\"2748\">Mit erfrischenden und talgregulierenden Inhaltsstoffen hilft sie, Poren zu verkleinern und die Hautstruktur zu verbessern. Das ultra-haftende Gewebe sorgt f\u00fcr eine gleichm\u00e4\u00dfige Wirkstoffabgabe und umh\u00fcllt das Gesicht mit einem k\u00fchlenden Effekt, der die Haut beruhigt und revitalisiert, die durch Hitze, Umweltverschmutzung und Unreinheiten gestresst ist.<\/p>\n<p data-start=\"2750\" data-end=\"3023\">Dank <strong data-start=\"2755\" data-end=\"2769\">Niacinamid<\/strong> und pflanzlichen Extrakten reduziert die Zero Pore Cooling Mask Glanz und schenkt der Haut ein ges\u00fcnderes, festeres Aussehen. Die ausgewogene Feuchtigkeitspflege verhindert Trockenheit nach der Reinigung und h\u00e4lt die Haut stundenlang weich und frisch.<\/p>\n<p data-start=\"3025\" data-end=\"3045\"><strong data-start=\"3025\" data-end=\"3043\">Hauptvorteile:<\/strong><\/p>\n<ul data-start=\"3046\" data-end=\"3410\">\n<li data-start=\"3046\" data-end=\"3094\">\n<p data-start=\"3048\" data-end=\"3094\">Sofortige K\u00fchlung f\u00fcr gestresste, m\u00fcde Haut.<\/p>\n<\/li>\n<li data-start=\"3095\" data-end=\"3159\">\n<p data-start=\"3097\" data-end=\"3159\">Hilft, das Erscheinungsbild erweiterter Poren zu reduzieren.<\/p>\n<\/li>\n<li data-start=\"3160\" data-end=\"3217\">\n<p data-start=\"3162\" data-end=\"3217\">Kontrolliert \u00fcbersch\u00fcssigen Talg, ohne auszutrocknen.<\/p>\n<\/li>\n<li data-start=\"3218\" data-end=\"3263\">\n<p data-start=\"3220\" data-end=\"3263\">Leichte, ausgewogene Feuchtigkeitspflege.<\/p>\n<\/li>\n<li data-start=\"3264\" data-end=\"3319\">\n<p data-start=\"3266\" data-end=\"3319\">Sanfte Formel, auch f\u00fcr empfindliche Haut geeignet.<\/p>\n<\/li>\n<li data-start=\"3320\" data-end=\"3410\">\n<p data-start=\"3322\" data-end=\"3410\">Einmal-Anwendung, perfekt f\u00fcr eine schnelle Pflege oder w\u00f6chentliches Verw\u00f6hnprogramm.<\/p>\n<\/li>\n<\/ul>\n<p data-start=\"3412\" data-end=\"3428\"><strong data-start=\"3412\" data-end=\"3426\">Anwendung:<\/strong><\/p>\n<ol data-start=\"3429\" data-end=\"3654\">\n<li data-start=\"3429\" data-end=\"3499\">\n<p data-start=\"3432\" data-end=\"3499\">Nach der Reinigung die Maske auf das gereinigte Gesicht auflegen.<\/p>\n<\/li>\n<li data-start=\"3500\" data-end=\"3536\">\n<p data-start=\"3503\" data-end=\"3536\">10\u201320 Minuten einwirken lassen.<\/p>\n<\/li>\n<li data-start=\"3537\" data-end=\"3632\">\n<p data-start=\"3540\" data-end=\"3632\">Entfernen und die restliche Essenz sanft einmassieren, bis sie vollst\u00e4ndig eingezogen ist.<\/p>\n<\/li>\n<li data-start=\"3633\" data-end=\"3654\">\n<p data-start=\"3636\" data-end=\"3654\">Nicht abwaschen.<\/p>\n<\/li>\n<\/ol>\n<p data-start=\"3656\" data-end=\"3872\">Mit der <strong data-start=\"3664\" data-end=\"3713\">MEDICUBE Zero Pore Cooling Mask 1 sheet (22g)<\/strong> wird die Haut frisch, ausgeglichen und straff \u2013 die ideale L\u00f6sung gegen sichtbare Poren und Glanz f\u00fcr einen klaren, glatten und nat\u00fcrlich strahlenden Teint.<\/p>\n<p data-start=\"1970\" data-end=\"2216\">Follow us! <a href=\"https:\/\/www.instagram.com\/freeshopswiss\/\" target=\"_blank\" rel=\"noopener\">@freeshopswiss<\/a><\/p>\n","protected":false},"excerpt":{"rendered":"<p>Die <strong data-start=\"2036\" data-end=\"2085\">MEDICUBE Zero Pore Cooling Mask 1 sheet (22g)<\/strong> ist eine innovative Tuchmaske, die sofortige Frische spendet, die Poren reinigt und \u00fcbersch\u00fcssigen Talg reguliert.<\/p>\n","protected":false},"featured_media":35347,"comment_status":"open","ping_status":"closed","template":"","meta":[],"pwb-brand":[1000],"product_brand":[],"product_cat":[292,111,546,3769],"product_tag":[419,293,300,3612],"class_list":{"0":"post-35355","1":"product","2":"type-product","3":"status-publish","4":"has-post-thumbnail","6":"pwb-brand-medicube","7":"product_cat-behandlungen","8":"product_cat-fur-sie-de","9":"product_cat-gesichtsbehandlung","10":"product_cat-k-beauty-de","11":"product_tag-behandlungen-de","12":"product_tag-frau","13":"product_tag-gesichtsbehandlungen","14":"product_tag-k-beauty-de","16":"first","17":"outofstock","18":"sale","19":"taxable","20":"shipping-taxable","21":"purchasable","22":"product-type-simple"},"brands":[{"id":1000,"name":"Medicube","slug":"medicube"}],"_links":{"self":[{"href":"https:\/\/www.freeshopfrontiera.ch\/de\/wp-json\/wp\/v2\/product\/35355","targetHints":{"allow":["GET"]}}],"collection":[{"href":"https:\/\/www.freeshopfrontiera.ch\/de\/wp-json\/wp\/v2\/product"}],"about":[{"href":"https:\/\/www.freeshopfrontiera.ch\/de\/wp-json\/wp\/v2\/types\/product"}],"replies":[{"embeddable":true,"href":"https:\/\/www.freeshopfrontiera.ch\/de\/wp-json\/wp\/v2\/comments?post=35355"}],"version-history":[{"count":1,"href":"https:\/\/www.freeshopfrontiera.ch\/de\/wp-json\/wp\/v2\/product\/35355\/revisions"}],"predecessor-version":[{"id":35357,"href":"https:\/\/www.freeshopfrontiera.ch\/de\/wp-json\/wp\/v2\/product\/35355\/revisions\/35357"}],"wp:featuredmedia":[{"embeddable":true,"href":"https:\/\/www.freeshopfrontiera.ch\/de\/wp-json\/wp\/v2\/media\/35347"}],"wp:attachment":[{"href":"https:\/\/www.freeshopfrontiera.ch\/de\/wp-json\/wp\/v2\/media?parent=35355"}],"wp:term":[{"taxonomy":"pwb-brand","embeddable":true,"href":"https:\/\/www.freeshopfrontiera.ch\/de\/wp-json\/wp\/v2\/pwb-brand?post=35355"},{"taxonomy":"product_brand","embeddable":true,"href":"https:\/\/www.freeshopfrontiera.ch\/de\/wp-json\/wp\/v2\/product_brand?post=35355"},{"taxonomy":"product_cat","embeddable":true,"href":"https:\/\/www.freeshopfrontiera.ch\/de\/wp-json\/wp\/v2\/product_cat?post=35355"},{"taxonomy":"product_tag","embeddable":true,"href":"https:\/\/www.freeshopfrontiera.ch\/de\/wp-json\/wp\/v2\/product_tag?post=35355"}],"curies":[{"name":"wp","href":"https:\/\/api.w.org\/{rel}","templated":true}]}}