{"id":35368,"date":"2025-09-08T11:22:47","date_gmt":"2025-09-08T11:22:47","guid":{"rendered":"https:\/\/www.freeshopfrontiera.ch\/shop\/medicube-pdrn-pink-vita-coating-mask-1-sheet-22g\/"},"modified":"2025-09-08T11:26:10","modified_gmt":"2025-09-08T11:26:10","slug":"medicube-pdrn-pink-vita-coating-mask-1-sheet-22g","status":"publish","type":"product","link":"https:\/\/www.freeshopfrontiera.ch\/de\/shop\/medicube-pdrn-pink-vita-coating-mask-1-sheet-22g\/","title":{"rendered":"MEDICUBE PDRN Pink Vita Coating Mask 1 sheet (22g)"},"content":{"rendered":"<p data-start=\"1824\" data-end=\"1936\"><strong data-start=\"1824\" data-end=\"1934\">MEDICUBE PDRN Pink Vita Coating Mask 1 sheet (22g) \u2013 N\u00e4hrende und aufhellende Maske mit PDRN und Vitaminen<\/strong><\/p>\n<p data-start=\"1938\" data-end=\"2336\">Die <strong data-start=\"1942\" data-end=\"1996\">MEDICUBE PDRN Pink Vita Coating Mask 1 sheet (22g)<\/strong> ist eine fortschrittliche Tuchmaske, die der Haut sofort Vitalit\u00e4t, Feuchtigkeit und Strahlkraft schenkt. Angereichert mit <strong data-start=\"2120\" data-end=\"2153\">PDRN (Polydeoxyribonukleotid)<\/strong> und einem hochwirksamen Vitaminkomplex wirkt diese Einmal-Maske tief in der Haut, unterst\u00fctzt die Regeneration, verbessert die Festigkeit und sorgt f\u00fcr einen gleichm\u00e4\u00dfigeren Teint.<\/p>\n<p data-start=\"2338\" data-end=\"2665\"><strong data-start=\"2338\" data-end=\"2346\">PDRN<\/strong> ist ein biotechnologischer Wirkstoff, der die Zellregeneration anregt und die nat\u00fcrliche Hautreparatur unterst\u00fctzt. In Kombination mit einem <strong data-start=\"2488\" data-end=\"2511\">Multivitaminkomplex<\/strong> (darunter Vitamin C und Niacinamid\/B3) hilft er, Anzeichen von M\u00fcdigkeit zu reduzieren, die Elastizit\u00e4t zu verbessern und fahle Haut zu revitalisieren.<\/p>\n<p data-start=\"2667\" data-end=\"2908\">Die konzentrierte Essenz erzeugt einen \u201eCoating-Effekt\u201c, der die Feuchtigkeit einschlie\u00dft und die Wirkstoffe nach und nach freisetzt. Nach der Anwendung f\u00fchlt sich die Haut erfrischt, gen\u00e4hrt und strahlend an \u2013 mit langanhaltendem Komfort.<\/p>\n<p data-start=\"1095\" data-end=\"1372\">Follow us! <a href=\"https:\/\/www.instagram.com\/freeshopswiss\/\" target=\"_blank\" rel=\"noopener\">@freeshopswiss<\/a><\/p>\n","protected":false},"excerpt":{"rendered":"<p>Die <strong data-start=\"1942\" data-end=\"1996\">MEDICUBE PDRN Pink Vita Coating Mask 1 sheet (22g)<\/strong> ist eine fortschrittliche Tuchmaske, die der Haut sofort Vitalit\u00e4t, Feuchtigkeit und Strahlkraft schenkt.<\/p>\n","protected":false},"featured_media":35364,"comment_status":"open","ping_status":"closed","template":"","meta":[],"pwb-brand":[1000],"product_brand":[],"product_cat":[292,144,111,546,3769],"product_tag":[419,293,300,3612],"class_list":{"0":"post-35368","1":"product","2":"type-product","3":"status-publish","4":"has-post-thumbnail","6":"pwb-brand-medicube","7":"product_cat-behandlungen","8":"product_cat-bietet","9":"product_cat-fur-sie-de","10":"product_cat-gesichtsbehandlung","11":"product_cat-k-beauty-de","12":"product_tag-behandlungen-de","13":"product_tag-frau","14":"product_tag-gesichtsbehandlungen","15":"product_tag-k-beauty-de","17":"first","18":"instock","19":"sale","20":"taxable","21":"shipping-taxable","22":"purchasable","23":"product-type-simple"},"brands":[{"id":1000,"name":"Medicube","slug":"medicube"}],"_links":{"self":[{"href":"https:\/\/www.freeshopfrontiera.ch\/de\/wp-json\/wp\/v2\/product\/35368","targetHints":{"allow":["GET"]}}],"collection":[{"href":"https:\/\/www.freeshopfrontiera.ch\/de\/wp-json\/wp\/v2\/product"}],"about":[{"href":"https:\/\/www.freeshopfrontiera.ch\/de\/wp-json\/wp\/v2\/types\/product"}],"replies":[{"embeddable":true,"href":"https:\/\/www.freeshopfrontiera.ch\/de\/wp-json\/wp\/v2\/comments?post=35368"}],"version-history":[{"count":1,"href":"https:\/\/www.freeshopfrontiera.ch\/de\/wp-json\/wp\/v2\/product\/35368\/revisions"}],"predecessor-version":[{"id":35371,"href":"https:\/\/www.freeshopfrontiera.ch\/de\/wp-json\/wp\/v2\/product\/35368\/revisions\/35371"}],"wp:featuredmedia":[{"embeddable":true,"href":"https:\/\/www.freeshopfrontiera.ch\/de\/wp-json\/wp\/v2\/media\/35364"}],"wp:attachment":[{"href":"https:\/\/www.freeshopfrontiera.ch\/de\/wp-json\/wp\/v2\/media?parent=35368"}],"wp:term":[{"taxonomy":"pwb-brand","embeddable":true,"href":"https:\/\/www.freeshopfrontiera.ch\/de\/wp-json\/wp\/v2\/pwb-brand?post=35368"},{"taxonomy":"product_brand","embeddable":true,"href":"https:\/\/www.freeshopfrontiera.ch\/de\/wp-json\/wp\/v2\/product_brand?post=35368"},{"taxonomy":"product_cat","embeddable":true,"href":"https:\/\/www.freeshopfrontiera.ch\/de\/wp-json\/wp\/v2\/product_cat?post=35368"},{"taxonomy":"product_tag","embeddable":true,"href":"https:\/\/www.freeshopfrontiera.ch\/de\/wp-json\/wp\/v2\/product_tag?post=35368"}],"curies":[{"name":"wp","href":"https:\/\/api.w.org\/{rel}","templated":true}]}}