{"id":35385,"date":"2025-09-08T11:49:20","date_gmt":"2025-09-08T11:49:20","guid":{"rendered":"https:\/\/www.freeshopfrontiera.ch\/shop\/medicube-deep-vita-c-glutathione-brightening-mask-1-sheet-22g\/"},"modified":"2025-09-08T11:52:22","modified_gmt":"2025-09-08T11:52:22","slug":"medicube-deep-vita-c-glutathione-brightening-mask-1-sheet-22g","status":"publish","type":"product","link":"https:\/\/www.freeshopfrontiera.ch\/de\/shop\/medicube-deep-vita-c-glutathione-brightening-mask-1-sheet-22g\/","title":{"rendered":"MEDICUBE Deep Vita C Glutathione Brightening Mask 1 sheet (22g)"},"content":{"rendered":"<p data-start=\"1786\" data-end=\"1904\"><strong data-start=\"1786\" data-end=\"1902\">MEDICUBE Deep Vita C Glutathione Brightening Mask 1 sheet (22g) \u2013 Aufhellende Maske mit Vitamin C und Glutathion<\/strong><\/p>\n<p data-start=\"1906\" data-end=\"2289\">Die <strong data-start=\"1910\" data-end=\"1977\">MEDICUBE Deep Vita C Glutathione Brightening Mask 1 sheet (22g)<\/strong> ist eine intensive Tuchmaske, die sofortige Strahlkraft verleiht und den Hautton sichtbar ausgleicht. Angereichert mit <strong data-start=\"2097\" data-end=\"2129\">hochkonzentriertem Vitamin C<\/strong> und <strong data-start=\"2134\" data-end=\"2148\">Glutathion<\/strong>, zwei starken Antioxidantien, wirkt sie gegen dunkle Flecken, M\u00fcdigkeitsanzeichen und fahlen Teint \u2013 f\u00fcr eine gesunde und leuchtende Haut.<\/p>\n<p data-start=\"2291\" data-end=\"2601\">Vitamin C f\u00f6rdert die Kollagenproduktion, verbessert die Hautfestigkeit und Elastizit\u00e4t, w\u00e4hrend Glutathion oxidativem Stress entgegenwirkt und den Teint klarer und strahlender macht. Das ultra-haftende Tuch gibt die konzentrierte Essenz nach und nach frei und sorgt f\u00fcr ein revitalisierendes Pflegeerlebnis.<\/p>\n<p data-start=\"2603\" data-end=\"2623\"><strong data-start=\"2603\" data-end=\"2621\">Hauptvorteile:<\/strong><\/p>\n<ul data-start=\"2624\" data-end=\"2933\">\n<li data-start=\"2624\" data-end=\"2681\">\n<p data-start=\"2626\" data-end=\"2681\">Verleiht sofortige Leuchtkraft und ebenm\u00e4\u00dfigen Teint.<\/p>\n<\/li>\n<li data-start=\"2682\" data-end=\"2732\">\n<p data-start=\"2684\" data-end=\"2732\">Reduziert dunkle Flecken und Hautverf\u00e4rbungen.<\/p>\n<\/li>\n<li data-start=\"2733\" data-end=\"2790\">\n<p data-start=\"2735\" data-end=\"2790\">Antioxidative Wirkung durch Vitamin C und Glutathion.<\/p>\n<\/li>\n<li data-start=\"2791\" data-end=\"2837\">\n<p data-start=\"2793\" data-end=\"2837\">Verbessert Hautfestigkeit und Elastizit\u00e4t.<\/p>\n<\/li>\n<li data-start=\"2838\" data-end=\"2885\">\n<p data-start=\"2840\" data-end=\"2885\">Spendet leichte, erfrischende Feuchtigkeit.<\/p>\n<\/li>\n<li data-start=\"2886\" data-end=\"2933\">\n<p data-start=\"2888\" data-end=\"2933\">Sanfte Formel, geeignet f\u00fcr alle Hauttypen.<\/p>\n<\/li>\n<\/ul>\n<p data-start=\"2603\" data-end=\"2623\">\n<p>Follow us! <a href=\"https:\/\/www.instagram.com\/freeshopswiss\/\" target=\"_blank\" rel=\"noopener\">@freeshopswiss<\/a><\/p>\n","protected":false},"excerpt":{"rendered":"<p>La <strong data-start=\"340\" data-end=\"407\">MEDICUBE Deep Vita C Glutathione Brightening Mask 1 sheet (22g)<\/strong> \u00e8 una maschera in tessuto ad azione intensiva, formulata per donare luminosit\u00e0 immediata e migliorare l\u2019uniformit\u00e0 del tono cutaneo.<\/p>\n","protected":false},"featured_media":35377,"comment_status":"open","ping_status":"closed","template":"","meta":[],"pwb-brand":[1000],"product_brand":[],"product_cat":[292,144,111,546,3769],"product_tag":[419,293,4368,300,3612],"class_list":{"0":"post-35385","1":"product","2":"type-product","3":"status-publish","4":"has-post-thumbnail","6":"pwb-brand-medicube","7":"product_cat-behandlungen","8":"product_cat-bietet","9":"product_cat-fur-sie-de","10":"product_cat-gesichtsbehandlung","11":"product_cat-k-beauty-de","12":"product_tag-behandlungen-de","13":"product_tag-frau","14":"product_tag-fruehlingsspecial","15":"product_tag-gesichtsbehandlungen","16":"product_tag-k-beauty-de","18":"first","19":"instock","20":"sale","21":"taxable","22":"shipping-taxable","23":"purchasable","24":"product-type-simple"},"brands":[{"id":1000,"name":"Medicube","slug":"medicube"}],"_links":{"self":[{"href":"https:\/\/www.freeshopfrontiera.ch\/de\/wp-json\/wp\/v2\/product\/35385","targetHints":{"allow":["GET"]}}],"collection":[{"href":"https:\/\/www.freeshopfrontiera.ch\/de\/wp-json\/wp\/v2\/product"}],"about":[{"href":"https:\/\/www.freeshopfrontiera.ch\/de\/wp-json\/wp\/v2\/types\/product"}],"replies":[{"embeddable":true,"href":"https:\/\/www.freeshopfrontiera.ch\/de\/wp-json\/wp\/v2\/comments?post=35385"}],"version-history":[{"count":1,"href":"https:\/\/www.freeshopfrontiera.ch\/de\/wp-json\/wp\/v2\/product\/35385\/revisions"}],"predecessor-version":[{"id":35387,"href":"https:\/\/www.freeshopfrontiera.ch\/de\/wp-json\/wp\/v2\/product\/35385\/revisions\/35387"}],"wp:featuredmedia":[{"embeddable":true,"href":"https:\/\/www.freeshopfrontiera.ch\/de\/wp-json\/wp\/v2\/media\/35377"}],"wp:attachment":[{"href":"https:\/\/www.freeshopfrontiera.ch\/de\/wp-json\/wp\/v2\/media?parent=35385"}],"wp:term":[{"taxonomy":"pwb-brand","embeddable":true,"href":"https:\/\/www.freeshopfrontiera.ch\/de\/wp-json\/wp\/v2\/pwb-brand?post=35385"},{"taxonomy":"product_brand","embeddable":true,"href":"https:\/\/www.freeshopfrontiera.ch\/de\/wp-json\/wp\/v2\/product_brand?post=35385"},{"taxonomy":"product_cat","embeddable":true,"href":"https:\/\/www.freeshopfrontiera.ch\/de\/wp-json\/wp\/v2\/product_cat?post=35385"},{"taxonomy":"product_tag","embeddable":true,"href":"https:\/\/www.freeshopfrontiera.ch\/de\/wp-json\/wp\/v2\/product_tag?post=35385"}],"curies":[{"name":"wp","href":"https:\/\/api.w.org\/{rel}","templated":true}]}}