{"id":35433,"date":"2025-09-10T09:00:35","date_gmt":"2025-09-10T09:00:35","guid":{"rendered":"https:\/\/www.freeshopfrontiera.ch\/shop\/beauty-of-joseon-ground-rice-and-honey-glow-mask-150ml\/"},"modified":"2025-12-17T17:30:28","modified_gmt":"2025-12-17T17:30:28","slug":"beauty-of-joseon-ground-rice-and-honey-glow-mask-150ml","status":"publish","type":"product","link":"https:\/\/www.freeshopfrontiera.ch\/de\/shop\/beauty-of-joseon-ground-rice-and-honey-glow-mask-150ml\/","title":{"rendered":"BEAUTY OF JOSEON Ground Rice and Honey Glow Mask 150ml"},"content":{"rendered":"<h2 data-start=\"1744\" data-end=\"1822\"><strong data-start=\"1752\" data-end=\"1820\">Beauty of Joseon Ground Rice and Honey Glow Mask 150ml<\/strong><\/h2>\n<p data-start=\"1824\" data-end=\"2139\">Entdecken Sie das Geheimnis strahlender Haut mit der <strong data-start=\"1877\" data-end=\"1935\">Beauty of Joseon Ground Rice and Honey Glow Mask 150ml<\/strong>, einer Gesichtsmaske inspiriert von traditionellen koreanischen Hanbang-Ritualen. Mit <strong data-start=\"2022\" data-end=\"2041\">gemahlenem Reis<\/strong> und <strong data-start=\"2046\" data-end=\"2062\">reinem Honig<\/strong> pflegt, hydratisiert und revitalisiert sie Ihre Haut auf nat\u00fcrliche Weise.<\/p>\n<ul data-start=\"2141\" data-end=\"2395\">\n<li data-start=\"2141\" data-end=\"2261\">\n<p data-start=\"2143\" data-end=\"2261\"><strong data-start=\"2143\" data-end=\"2151\">Reis<\/strong>: reich an Vitaminen und Mineralstoffen, entfernt sanft abgestorbene Hautzellen und verfeinert das Hautbild.<\/p>\n<\/li>\n<li data-start=\"2262\" data-end=\"2395\">\n<p data-start=\"2264\" data-end=\"2395\"><strong data-start=\"2264\" data-end=\"2273\">Honig<\/strong>: ein nat\u00fcrlicher Feuchtigkeitsspender mit beruhigenden Eigenschaften, sorgt f\u00fcr intensive Pflege und geschmeidige Haut.<\/p>\n<\/li>\n<\/ul>\n<p data-start=\"2397\" data-end=\"2665\">Die cremige, samtige Textur umh\u00fcllt das Gesicht und verwandelt Ihre Hautpflege in einen Moment der Entspannung. Besonders geeignet f\u00fcr m\u00fcde oder fahle Haut, sorgt die Maske f\u00fcr ein <strong data-start=\"2578\" data-end=\"2606\">sofortiges Glow-Ergebnis<\/strong>, einen ebenm\u00e4\u00dfigen Teint und ein erfrischtes Hautgef\u00fchl.<\/p>\n<p data-start=\"2667\" data-end=\"2902\"><strong data-start=\"2667\" data-end=\"2698\">F\u00fcr alle Hauttypen geeignet<\/strong>, auch f\u00fcr empfindliche Haut, kann die Maske 2\u20133 Mal pro Woche angewendet werden. Nach der Anwendung f\u00fchlt sich die Haut glatter, hydratisiert und perfekt vorbereitet f\u00fcr die weiteren Pflegeschritte an.<\/p>\n<p data-start=\"2904\" data-end=\"3033\">Dank der gro\u00dfz\u00fcgigen <strong data-start=\"2925\" data-end=\"2942\">150ml-Packung<\/strong> genie\u00dfen Sie zahlreiche Anwendungen mit einem hervorragenden Preis-Leistungs-Verh\u00e4ltnis.<\/p>\n<p data-start=\"3035\" data-end=\"3067\">\u2728 <strong data-start=\"3037\" data-end=\"3065\">Vorteile auf einen Blick<\/strong><\/p>\n<ul data-start=\"3068\" data-end=\"3296\">\n<li data-start=\"3068\" data-end=\"3136\">\n<p data-start=\"3070\" data-end=\"3136\">Traditionell koreanische Rezeptur mit nat\u00fcrlichen Inhaltsstoffen<\/p>\n<\/li>\n<li data-start=\"3137\" data-end=\"3187\">\n<p data-start=\"3139\" data-end=\"3187\">Intensive Feuchtigkeit und N\u00e4hrstoffversorgung<\/p>\n<\/li>\n<li data-start=\"3188\" data-end=\"3236\">\n<p data-start=\"3190\" data-end=\"3236\">Strahlendere, glattere und ebenm\u00e4\u00dfigere Haut<\/p>\n<\/li>\n<li data-start=\"3237\" data-end=\"3296\">\n<p data-start=\"3239\" data-end=\"3296\">Sanfte, aber wirksame Pflege f\u00fcr einen nat\u00fcrlichen Glow<\/p>\n<\/li>\n<\/ul>\n<p data-start=\"3298\" data-end=\"3477\">Bringen Sie die <strong data-start=\"3314\" data-end=\"3372\">Beauty of Joseon Ground Rice and Honey Glow Mask 150ml<\/strong> in Ihre Routine und lassen Sie Ihre Haut die zeitlose Sch\u00f6nheit koreanischer Hautpflege widerspiegeln.<\/p>\n<p data-start=\"1913\" data-end=\"2066\">Follow us! <a href=\"https:\/\/www.instagram.com\/freeshopswiss\/\" target=\"_blank\" rel=\"noopener\">@freeshopswiss<\/a><\/p>\n","protected":false},"excerpt":{"rendered":"<p>Entdecken Sie das Geheimnis strahlender Haut mit der <strong data-start=\"1877\" data-end=\"1935\">Beauty of Joseon Ground Rice and Honey Glow Mask 150ml<\/strong>, einer Gesichtsmaske inspiriert von traditionellen koreanischen Hanbang-Ritualen.<\/p>\n","protected":false},"featured_media":35428,"comment_status":"open","ping_status":"closed","template":"","meta":[],"pwb-brand":[574],"product_brand":[],"product_cat":[292,111,546,3769],"product_tag":[419,293,4368,300,3612],"class_list":{"0":"post-35433","1":"product","2":"type-product","3":"status-publish","4":"has-post-thumbnail","6":"pwb-brand-beauty-of-joseon","7":"product_cat-behandlungen","8":"product_cat-fur-sie-de","9":"product_cat-gesichtsbehandlung","10":"product_cat-k-beauty-de","11":"product_tag-behandlungen-de","12":"product_tag-frau","13":"product_tag-fruehlingsspecial","14":"product_tag-gesichtsbehandlungen","15":"product_tag-k-beauty-de","17":"first","18":"instock","19":"sale","20":"taxable","21":"shipping-taxable","22":"purchasable","23":"product-type-simple"},"brands":[{"id":574,"name":"Beauty of Joseon","slug":"beauty-of-joseon"}],"_links":{"self":[{"href":"https:\/\/www.freeshopfrontiera.ch\/de\/wp-json\/wp\/v2\/product\/35433","targetHints":{"allow":["GET"]}}],"collection":[{"href":"https:\/\/www.freeshopfrontiera.ch\/de\/wp-json\/wp\/v2\/product"}],"about":[{"href":"https:\/\/www.freeshopfrontiera.ch\/de\/wp-json\/wp\/v2\/types\/product"}],"replies":[{"embeddable":true,"href":"https:\/\/www.freeshopfrontiera.ch\/de\/wp-json\/wp\/v2\/comments?post=35433"}],"version-history":[{"count":3,"href":"https:\/\/www.freeshopfrontiera.ch\/de\/wp-json\/wp\/v2\/product\/35433\/revisions"}],"predecessor-version":[{"id":35440,"href":"https:\/\/www.freeshopfrontiera.ch\/de\/wp-json\/wp\/v2\/product\/35433\/revisions\/35440"}],"wp:featuredmedia":[{"embeddable":true,"href":"https:\/\/www.freeshopfrontiera.ch\/de\/wp-json\/wp\/v2\/media\/35428"}],"wp:attachment":[{"href":"https:\/\/www.freeshopfrontiera.ch\/de\/wp-json\/wp\/v2\/media?parent=35433"}],"wp:term":[{"taxonomy":"pwb-brand","embeddable":true,"href":"https:\/\/www.freeshopfrontiera.ch\/de\/wp-json\/wp\/v2\/pwb-brand?post=35433"},{"taxonomy":"product_brand","embeddable":true,"href":"https:\/\/www.freeshopfrontiera.ch\/de\/wp-json\/wp\/v2\/product_brand?post=35433"},{"taxonomy":"product_cat","embeddable":true,"href":"https:\/\/www.freeshopfrontiera.ch\/de\/wp-json\/wp\/v2\/product_cat?post=35433"},{"taxonomy":"product_tag","embeddable":true,"href":"https:\/\/www.freeshopfrontiera.ch\/de\/wp-json\/wp\/v2\/product_tag?post=35433"}],"curies":[{"name":"wp","href":"https:\/\/api.w.org\/{rel}","templated":true}]}}