{"id":35472,"date":"2025-09-11T12:07:36","date_gmt":"2025-09-11T12:07:36","guid":{"rendered":"https:\/\/www.freeshopfrontiera.ch\/?post_type=product&#038;p=35472"},"modified":"2025-09-11T13:59:56","modified_gmt":"2025-09-11T13:59:56","slug":"sheabutter-fersenstick-idc-institute","status":"publish","type":"product","link":"https:\/\/www.freeshopfrontiera.ch\/de\/shop\/sheabutter-fersenstick-idc-institute\/","title":{"rendered":"IDC INSTITUTE Shea Butter f\u00fcr rissige Fersen"},"content":{"rendered":"<p data-start=\"351\" data-end=\"691\"><strong data-start=\"351\" data-end=\"399\">IDC INSTITUTE Shea Butter f\u00fcr rissige Fersen<\/strong> ist die ideale L\u00f6sung f\u00fcr alle, die weiche, glatte und gepflegte F\u00fcsse w\u00fcnschen \u2013 selbst in den anspruchsvollsten Zeiten des Jahres. Dank der Formel mit <strong data-start=\"553\" data-end=\"567\">Sheabutter<\/strong> pflegt dieser praktische Stick die Haut intensiv, repariert Risse und macht trockene, verh\u00e4rtete Fersen wieder geschmeidig.<\/p>\n<p data-start=\"693\" data-end=\"1093\">Die reichhaltige, jedoch nicht fettende Textur zieht schnell ein und bildet eine sch\u00fctzende Barriere, die hilft, Feuchtigkeit zu speichern und die Haut zu regenerieren. <strong data-start=\"862\" data-end=\"876\">Sheabutter<\/strong>, bekannt f\u00fcr ihre beruhigenden und feuchtigkeitsspendenden Eigenschaften, wirkt in Kombination mit weiteren pflegenden Inhaltsstoffen f\u00fcr eine intensive Pflege \u2013 ideal f\u00fcr die t\u00e4gliche Anwendung oder als Nachtpflege.<\/p>\n<p data-start=\"1095\" data-end=\"1336\">Dank der praktischen <strong data-start=\"1116\" data-end=\"1129\">Stickform<\/strong> ist die Anwendung einfach, hygienisch und auch unterwegs problemlos m\u00f6glich: Einfach auf saubere, trockene Fersen auftragen \u2013 f\u00fcr sofortige Linderung und sichtbar gepflegtere Haut ab den ersten Anwendungen.<\/p>\n<h3 data-start=\"1338\" data-end=\"1362\">\u2705 <strong data-start=\"1344\" data-end=\"1362\">Hauptvorteile:<\/strong><\/h3>\n<ul data-start=\"1363\" data-end=\"1548\">\n<li data-start=\"1363\" data-end=\"1406\">\n<p data-start=\"1365\" data-end=\"1406\">Repariert und beugt rissigen Fersen vor<\/p>\n<\/li>\n<li data-start=\"1407\" data-end=\"1442\">\n<p data-start=\"1409\" data-end=\"1442\">Tiefenhydration dank Sheabutter<\/p>\n<\/li>\n<li data-start=\"1443\" data-end=\"1492\">\n<p data-start=\"1445\" data-end=\"1492\">Praktisches Stickformat \u2013 ideal f\u00fcr unterwegs<\/p>\n<\/li>\n<li data-start=\"1493\" data-end=\"1548\">\n<p data-start=\"1495\" data-end=\"1548\">F\u00fcr alle Hauttypen geeignet, auch empfindliche Haut<\/p>\n<\/li>\n<\/ul>\n<p data-start=\"1550\" data-end=\"1762\">Verwenden Sie den Stick t\u00e4glich, um Ihre F\u00fcsse weich, gesund und sch\u00f6n zu halten. Eine kleine Pflege, die einen grossen Unterschied macht \u2013 besonders in den k\u00e4lteren Monaten oder nach langen Tagen auf den Beinen.<\/p>\n<p data-start=\"1764\" data-end=\"1941\">Entdecken Sie das angenehme Gef\u00fchl gepflegter und gesch\u00fctzter F\u00fcsse \u2013 mit dem <strong data-start=\"1842\" data-end=\"1900\">Shea Butter Stick f\u00fcr rissige Fersen von IDC INSTITUTE<\/strong>, Ihrem Beauty-Helfer f\u00fcr die Fusspflege!<\/p>\n<p data-start=\"1249\" data-end=\"1375\">Follow us! <a href=\"https:\/\/www.instagram.com\/freeshopswiss\/\" target=\"_blank\" rel=\"noopener\">@freeshopswiss<\/a><\/p>\n","protected":false},"excerpt":{"rendered":"<p>Pflegt, repariert und sch\u00fctzt trockene, rissige Fersen \u2013 mit Sheabutter. Praktischer Pflege-Stick f\u00fcr jeden Tag. Ideal auch f\u00fcr unterwegs!<\/p>\n","protected":false},"featured_media":35478,"comment_status":"open","ping_status":"closed","template":"","meta":[],"pwb-brand":[2605],"product_brand":[],"product_cat":[292,111],"product_tag":[148,419,293],"class_list":{"0":"post-35472","1":"product","2":"type-product","3":"status-publish","4":"has-post-thumbnail","6":"pwb-brand-idc-institute","7":"product_cat-behandlungen","8":"product_cat-fur-sie-de","9":"product_tag-angebot","10":"product_tag-behandlungen-de","11":"product_tag-frau","13":"first","14":"outofstock","15":"sale","16":"taxable","17":"shipping-taxable","18":"purchasable","19":"product-type-simple"},"brands":[{"id":2605,"name":"IDC Institute","slug":"idc-institute"}],"_links":{"self":[{"href":"https:\/\/www.freeshopfrontiera.ch\/de\/wp-json\/wp\/v2\/product\/35472","targetHints":{"allow":["GET"]}}],"collection":[{"href":"https:\/\/www.freeshopfrontiera.ch\/de\/wp-json\/wp\/v2\/product"}],"about":[{"href":"https:\/\/www.freeshopfrontiera.ch\/de\/wp-json\/wp\/v2\/types\/product"}],"replies":[{"embeddable":true,"href":"https:\/\/www.freeshopfrontiera.ch\/de\/wp-json\/wp\/v2\/comments?post=35472"}],"version-history":[{"count":4,"href":"https:\/\/www.freeshopfrontiera.ch\/de\/wp-json\/wp\/v2\/product\/35472\/revisions"}],"predecessor-version":[{"id":35489,"href":"https:\/\/www.freeshopfrontiera.ch\/de\/wp-json\/wp\/v2\/product\/35472\/revisions\/35489"}],"wp:featuredmedia":[{"embeddable":true,"href":"https:\/\/www.freeshopfrontiera.ch\/de\/wp-json\/wp\/v2\/media\/35478"}],"wp:attachment":[{"href":"https:\/\/www.freeshopfrontiera.ch\/de\/wp-json\/wp\/v2\/media?parent=35472"}],"wp:term":[{"taxonomy":"pwb-brand","embeddable":true,"href":"https:\/\/www.freeshopfrontiera.ch\/de\/wp-json\/wp\/v2\/pwb-brand?post=35472"},{"taxonomy":"product_brand","embeddable":true,"href":"https:\/\/www.freeshopfrontiera.ch\/de\/wp-json\/wp\/v2\/product_brand?post=35472"},{"taxonomy":"product_cat","embeddable":true,"href":"https:\/\/www.freeshopfrontiera.ch\/de\/wp-json\/wp\/v2\/product_cat?post=35472"},{"taxonomy":"product_tag","embeddable":true,"href":"https:\/\/www.freeshopfrontiera.ch\/de\/wp-json\/wp\/v2\/product_tag?post=35472"}],"curies":[{"name":"wp","href":"https:\/\/api.w.org\/{rel}","templated":true}]}}