{"id":35519,"date":"2025-09-12T09:59:52","date_gmt":"2025-09-12T09:59:52","guid":{"rendered":"https:\/\/www.freeshopfrontiera.ch\/shop\/moschino-set-toy-2-pearl-2\/"},"modified":"2025-09-12T11:05:05","modified_gmt":"2025-09-12T11:05:05","slug":"moschino-set-toy-2-pearl-2","status":"publish","type":"product","link":"https:\/\/www.freeshopfrontiera.ch\/de\/shop\/moschino-set-toy-2-pearl-2\/","title":{"rendered":"MOSCHINO SET Toy 2 Pearl"},"content":{"rendered":"<p data-start=\"2262\" data-end=\"2506\">Tauchen Sie ein in die lebendige und zugleich elegante Welt von <span class=\"hover:entity-accent entity-underline inline cursor-pointer align-baseline\"><span class=\"whitespace-normal\">Moschino<\/span><\/span> mit dem <strong data-start=\"2372\" data-end=\"2387\">Toy 2 Pearl<\/strong> Geschenkset \u2013 eine exklusive Kollektion, die Weiblichkeit mit einem Hauch von Verspieltheit und Originalit\u00e4t feiert.<\/p>\n<p data-start=\"2508\" data-end=\"2529\">Dieses Set enth\u00e4lt:<\/p>\n<ul data-start=\"2530\" data-end=\"3112\">\n<li data-start=\"2530\" data-end=\"2787\">\n<p data-start=\"2532\" data-end=\"2787\"><strong data-start=\"2532\" data-end=\"2555\">Eau de Parfum 50 ml<\/strong> \u2013 ein spritziger, fr\u00f6hlicher Duft mit fruchtigen Kopfnote, zartem Blumenherz und weicher, sinnlicher Basis. Jeder Spr\u00fchsto\u00df hinterl\u00e4sst eine elegante und unverwechselbare Duftspur \u2013 perfekt f\u00fcr alle, die gerne mit Stil auffallen.<\/p>\n<\/li>\n<li data-start=\"2788\" data-end=\"2939\">\n<p data-start=\"2790\" data-end=\"2939\"><strong data-start=\"2790\" data-end=\"2808\">Duschgel 50 ml<\/strong> \u2013 ein seidig duftendes Duschgel, das die Haut sanft reinigt und sie weich, frisch und zart mit dem Duft von Toy 2 Pearl umh\u00fcllt.<\/p>\n<\/li>\n<li data-start=\"2940\" data-end=\"3112\">\n<p data-start=\"2942\" data-end=\"3112\"><strong data-start=\"2942\" data-end=\"2963\">Body Lotion 50 ml<\/strong> \u2013 eine samtige, feuchtigkeitsspendende K\u00f6rperlotion, die die Haut intensiv pflegt und sie in den sanften, raffinierten Duft von Toy 2 Pearl h\u00fcllt.<\/p>\n<\/li>\n<\/ul>\n<p data-start=\"3114\" data-end=\"3326\">Verpackt in einem fr\u00f6hlichen und dennoch edlen Design ist dieses Set das perfekte Geschenk, um jemand Besonderem eine Freude zu machen \u2013 oder um sich selbst einen duftenden Verw\u00f6hnmoment von Moschino zu g\u00f6nnen.<\/p>\n","protected":false},"excerpt":{"rendered":"<p>Tauchen Sie ein in die lebendige und zugleich elegante Welt von <span class=\"hover:entity-accent entity-underline inline cursor-pointer align-baseline\"><span class=\"whitespace-normal\">Moschino<\/span><\/span> mit dem <strong data-start=\"2372\" data-end=\"2387\">Toy 2 Pearl<\/strong> Geschenkset \u2013 eine exklusive Kollektion, die Weiblichkeit mit einem Hauch von Verspieltheit und Originalit\u00e4t feiert.<\/p>\n","protected":false},"featured_media":38956,"comment_status":"open","ping_status":"closed","template":"","meta":[],"pwb-brand":[379],"product_brand":[],"product_cat":[144,84,111],"product_tag":[148,790,293,4349,4368,462,460],"class_list":{"0":"post-35519","1":"product","2":"type-product","3":"status-publish","4":"has-post-thumbnail","6":"pwb-brand-moschino","7":"product_cat-bietet","8":"product_cat-duefte","9":"product_cat-fur-sie-de","10":"product_tag-angebot","11":"product_tag-womens-fragrances-de","12":"product_tag-frau","13":"product_tag-frauentag","14":"product_tag-fruehlingsspecial","15":"product_tag-geschenkset-fuer-damen","16":"product_tag-parfuem-geschenkset","18":"first","19":"instock","20":"sale","21":"taxable","22":"shipping-taxable","23":"purchasable","24":"product-type-simple"},"brands":[{"id":379,"name":"Moschino","slug":"moschino"}],"_links":{"self":[{"href":"https:\/\/www.freeshopfrontiera.ch\/de\/wp-json\/wp\/v2\/product\/35519","targetHints":{"allow":["GET"]}}],"collection":[{"href":"https:\/\/www.freeshopfrontiera.ch\/de\/wp-json\/wp\/v2\/product"}],"about":[{"href":"https:\/\/www.freeshopfrontiera.ch\/de\/wp-json\/wp\/v2\/types\/product"}],"replies":[{"embeddable":true,"href":"https:\/\/www.freeshopfrontiera.ch\/de\/wp-json\/wp\/v2\/comments?post=35519"}],"version-history":[{"count":3,"href":"https:\/\/www.freeshopfrontiera.ch\/de\/wp-json\/wp\/v2\/product\/35519\/revisions"}],"predecessor-version":[{"id":35527,"href":"https:\/\/www.freeshopfrontiera.ch\/de\/wp-json\/wp\/v2\/product\/35519\/revisions\/35527"}],"wp:featuredmedia":[{"embeddable":true,"href":"https:\/\/www.freeshopfrontiera.ch\/de\/wp-json\/wp\/v2\/media\/38956"}],"wp:attachment":[{"href":"https:\/\/www.freeshopfrontiera.ch\/de\/wp-json\/wp\/v2\/media?parent=35519"}],"wp:term":[{"taxonomy":"pwb-brand","embeddable":true,"href":"https:\/\/www.freeshopfrontiera.ch\/de\/wp-json\/wp\/v2\/pwb-brand?post=35519"},{"taxonomy":"product_brand","embeddable":true,"href":"https:\/\/www.freeshopfrontiera.ch\/de\/wp-json\/wp\/v2\/product_brand?post=35519"},{"taxonomy":"product_cat","embeddable":true,"href":"https:\/\/www.freeshopfrontiera.ch\/de\/wp-json\/wp\/v2\/product_cat?post=35519"},{"taxonomy":"product_tag","embeddable":true,"href":"https:\/\/www.freeshopfrontiera.ch\/de\/wp-json\/wp\/v2\/product_tag?post=35519"}],"curies":[{"name":"wp","href":"https:\/\/api.w.org\/{rel}","templated":true}]}}