{"id":35594,"date":"2025-09-29T13:19:39","date_gmt":"2025-09-29T13:19:39","guid":{"rendered":"https:\/\/www.freeshopfrontiera.ch\/shop\/jp-gaultier-set-le-male-elixir\/"},"modified":"2026-03-30T08:14:41","modified_gmt":"2026-03-30T08:14:41","slug":"jp-gaultier-set-le-male-elixir","status":"publish","type":"product","link":"https:\/\/www.freeshopfrontiera.ch\/de\/shop\/jp-gaultier-set-le-male-elixir\/","title":{"rendered":"JEAN PAUL GAULTIER SET Le Male Elixir"},"content":{"rendered":"<p data-start=\"1573\" data-end=\"1976\">Das <strong data-start=\"1577\" data-end=\"1632\">Jean Paul Gaultier Le Male Elixir Eau de Parfum Set<\/strong> ist ein exklusives Geschenkset, das die maskuline Verf\u00fchrung in einer perfekten Kombination aus Intensit\u00e4t und Pflege vereint. Ideal als Geschenk oder als t\u00e4gliches Verw\u00f6hnritual enth\u00e4lt dieses Set <strong data-start=\"1831\" data-end=\"1875\">Le Male Elixir Eau de Parfum Spray 125ml<\/strong> und <strong data-start=\"1880\" data-end=\"1897\">Duschgel 75ml<\/strong> \u2013 f\u00fcr ein vollst\u00e4ndiges Dufterlebnis vom Duschen bis zum finalen Duftakzent.<\/p>\n<p data-start=\"1978\" data-end=\"2491\"><strong data-start=\"1978\" data-end=\"2010\">Le Male Elixir Eau de Parfum<\/strong> ist ein magnetischer und sinnlicher Duft, der den Tr\u00e4ger in eine warme, unwiderstehliche Aura h\u00fcllt. Die frische, w\u00fcrzige Kopfnote zieht sofort die Aufmerksamkeit auf sich, w\u00e4hrend das Herz s\u00fc\u00dfe, umh\u00fcllende Akkorde von Vanille und Honig offenbart. Die Basis mit amberhaltigen H\u00f6lzern und balsamischen Nuancen sorgt f\u00fcr Tiefe, Charakter und eine langanhaltende, markante Spur. Ein Duft f\u00fcr selbstbewusste, mutige und charismatische M\u00e4nner, die auffallen und beeindrucken m\u00f6chten.<\/p>\n<p data-start=\"2493\" data-end=\"2782\">Das <strong data-start=\"2497\" data-end=\"2517\">Le Male Duschgel<\/strong> vollendet das Ritual, reinigt die Haut sanft und hinterl\u00e4sst sie dezent mit den verf\u00fchrerischen Noten des Eau de Parfum beduftet. In Kombination verst\u00e4rkt es die Intensit\u00e4t und Haltbarkeit des Duftes und verwandelt die t\u00e4gliche Pflege in ein sinnliches Erlebnis.<\/p>\n<p data-start=\"2784\" data-end=\"2957\">Das <strong data-start=\"2788\" data-end=\"2829\">Jean Paul Gaultier Le Male Elixir Set<\/strong> ist die perfekte Wahl f\u00fcr alle, die sich selbst verw\u00f6hnen oder jemand Besonderem ein unvergessliches Geschenk machen m\u00f6chten.<\/p>\n<p data-start=\"1456\" data-end=\"1779\">Follow us! <a href=\"https:\/\/www.instagram.com\/freeshopswiss\/\" target=\"_blank\" rel=\"noopener\">@freeshopswiss<\/a><\/p>\n","protected":false},"excerpt":{"rendered":"<p>Das <strong data-start=\"1577\" data-end=\"1632\">Jean Paul Gaultier Le Male Elixir Eau de Parfum Set<\/strong> ist ein exklusives Geschenkset, das die maskuline Verf\u00fchrung in einer perfekten Kombination aus Intensit\u00e4t und Pflege vereint.<\/p>\n","protected":false},"featured_media":35590,"comment_status":"open","ping_status":"closed","template":"","meta":[],"pwb-brand":[373],"product_brand":[],"product_cat":[84,86,485],"product_tag":[952,465,953,460],"class_list":{"0":"post-35594","1":"product","2":"type-product","3":"status-publish","4":"has-post-thumbnail","6":"pwb-brand-jean-paul-gaultier","7":"product_cat-duefte","8":"product_cat-fur-ihn-de","9":"product_cat-geschenkbox","10":"product_tag-profumi-de","11":"product_tag-geschenkset-herren","12":"product_tag-uomo-de","13":"product_tag-parfuem-geschenkset","15":"first","16":"outofstock","17":"sale","18":"taxable","19":"shipping-taxable","20":"purchasable","21":"product-type-simple"},"brands":[{"id":373,"name":"Jean Paul Gaultier","slug":"jean-paul-gaultier"}],"_links":{"self":[{"href":"https:\/\/www.freeshopfrontiera.ch\/de\/wp-json\/wp\/v2\/product\/35594","targetHints":{"allow":["GET"]}}],"collection":[{"href":"https:\/\/www.freeshopfrontiera.ch\/de\/wp-json\/wp\/v2\/product"}],"about":[{"href":"https:\/\/www.freeshopfrontiera.ch\/de\/wp-json\/wp\/v2\/types\/product"}],"replies":[{"embeddable":true,"href":"https:\/\/www.freeshopfrontiera.ch\/de\/wp-json\/wp\/v2\/comments?post=35594"}],"version-history":[{"count":2,"href":"https:\/\/www.freeshopfrontiera.ch\/de\/wp-json\/wp\/v2\/product\/35594\/revisions"}],"predecessor-version":[{"id":41727,"href":"https:\/\/www.freeshopfrontiera.ch\/de\/wp-json\/wp\/v2\/product\/35594\/revisions\/41727"}],"wp:featuredmedia":[{"embeddable":true,"href":"https:\/\/www.freeshopfrontiera.ch\/de\/wp-json\/wp\/v2\/media\/35590"}],"wp:attachment":[{"href":"https:\/\/www.freeshopfrontiera.ch\/de\/wp-json\/wp\/v2\/media?parent=35594"}],"wp:term":[{"taxonomy":"pwb-brand","embeddable":true,"href":"https:\/\/www.freeshopfrontiera.ch\/de\/wp-json\/wp\/v2\/pwb-brand?post=35594"},{"taxonomy":"product_brand","embeddable":true,"href":"https:\/\/www.freeshopfrontiera.ch\/de\/wp-json\/wp\/v2\/product_brand?post=35594"},{"taxonomy":"product_cat","embeddable":true,"href":"https:\/\/www.freeshopfrontiera.ch\/de\/wp-json\/wp\/v2\/product_cat?post=35594"},{"taxonomy":"product_tag","embeddable":true,"href":"https:\/\/www.freeshopfrontiera.ch\/de\/wp-json\/wp\/v2\/product_tag?post=35594"}],"curies":[{"name":"wp","href":"https:\/\/api.w.org\/{rel}","templated":true}]}}