{"id":35625,"date":"2025-09-30T09:36:47","date_gmt":"2025-09-30T09:36:47","guid":{"rendered":"https:\/\/www.freeshopfrontiera.ch\/shop\/dr-althea-345-relief-cream-50ml\/"},"modified":"2025-09-30T09:39:20","modified_gmt":"2025-09-30T09:39:20","slug":"dr-althea-345-relief-cream-50ml","status":"publish","type":"product","link":"https:\/\/www.freeshopfrontiera.ch\/de\/shop\/dr-althea-345-relief-cream-50ml\/","title":{"rendered":"DR. ALTHEA 345 Relief Cream 50ml"},"content":{"rendered":"<p data-start=\"1533\" data-end=\"1943\"><strong data-start=\"1533\" data-end=\"1569\">DR. ALTHEA 345 Relief Cream 50ml<\/strong> ist eine beruhigende und ausgleichende Gesichtscreme, die speziell f\u00fcr empfindliche Haut entwickelt wurde, die zu R\u00f6tungen oder Irritationen neigt. Die innovative Formel, leicht und dennoch hochwirksam, kombiniert beruhigende und feuchtigkeitsspendende Wirkstoffe, die sofortigen Komfort bieten und gleichzeitig den nat\u00fcrlichen Regenerationsprozess der Haut unterst\u00fctzen.<\/p>\n<p data-start=\"1945\" data-end=\"2320\">Dank einer Mischung aus pflanzlichen Extrakten wird die Haut intensiv gen\u00e4hrt und vor t\u00e4glichen Umwelteinfl\u00fcssen gesch\u00fctzt. Die frische, schnell einziehende Textur sorgt f\u00fcr ein angenehmes Auftragen, ohne fettige R\u00fcckst\u00e4nde zu hinterlassen. Ideal als t\u00e4gliche Pflege oder SOS-Creme, perfekt geeignet f\u00fcr jede Hautpflegeroutine mit langanhaltender Hydratation und Linderung.<\/p>\n<p data-start=\"2322\" data-end=\"2338\">\u2728 <strong data-start=\"2324\" data-end=\"2336\">Vorteile<\/strong><\/p>\n<ul data-start=\"2339\" data-end=\"2619\">\n<li data-start=\"2339\" data-end=\"2388\">\n<p data-start=\"2341\" data-end=\"2388\">Reduziert sichtbar R\u00f6tungen und Irritationen.<\/p>\n<\/li>\n<li data-start=\"2389\" data-end=\"2429\">\n<p data-start=\"2391\" data-end=\"2429\">St\u00e4rkt und sch\u00fctzt die Hautbarriere.<\/p>\n<\/li>\n<li data-start=\"2430\" data-end=\"2484\">\n<p data-start=\"2432\" data-end=\"2484\">Spendet intensive Feuchtigkeit ohne zu beschweren.<\/p>\n<\/li>\n<li data-start=\"2485\" data-end=\"2538\">\n<p data-start=\"2487\" data-end=\"2538\">Hinterl\u00e4sst die Haut weich, frisch und strahlend.<\/p>\n<\/li>\n<li data-start=\"2539\" data-end=\"2619\">\n<p data-start=\"2541\" data-end=\"2619\">Sanfte Formel, geeignet f\u00fcr alle Hauttypen, auch f\u00fcr sehr empfindliche Haut.<\/p>\n<\/li>\n<\/ul>\n<p data-start=\"2621\" data-end=\"2843\">\ud83c\udf31 <strong data-start=\"2624\" data-end=\"2651\">Schl\u00fcssel-Inhaltsstoffe<\/strong><br data-start=\"2651\" data-end=\"2654\" \/>Eine ausgewogene Mischung aus nat\u00fcrlichen Extrakten und funktionellen Wirkstoffen mit beruhigenden und antioxidativen Eigenschaften, um die Haut in ihren optimalen Zustand zur\u00fcckzuf\u00fchren.<\/p>\n<p data-start=\"2845\" data-end=\"2940\">\ud83d\udccf <strong data-start=\"2848\" data-end=\"2858\">Inhalt<\/strong>: 50ml \u2013 praktisch und ideal f\u00fcr den t\u00e4glichen Gebrauch zu Hause oder unterwegs.<\/p>\n<p data-start=\"2942\" data-end=\"3054\">Mit <strong data-start=\"2946\" data-end=\"2977\">DR. ALTHEA 345 Relief Cream<\/strong> gewinnt die Haut Komfort, Balance und langanhaltendes Wohlbefinden zur\u00fcck.<\/p>\n<p data-start=\"1515\" data-end=\"1646\">Follow us! <a href=\"https:\/\/www.instagram.com\/freeshopswiss\/\" target=\"_blank\" rel=\"noopener\">@freeshopswiss<\/a><\/p>\n","protected":false},"excerpt":{"rendered":"<p><strong data-start=\"1533\" data-end=\"1569\">DR. ALTHEA 345 Relief Cream 50ml<\/strong> ist eine beruhigende und ausgleichende Gesichtscreme, die speziell f\u00fcr empfindliche Haut entwickelt wurde, die zu R\u00f6tungen oder Irritationen neigt.<\/p>\n","protected":false},"featured_media":35621,"comment_status":"open","ping_status":"closed","template":"","meta":[],"pwb-brand":[2012],"product_brand":[],"product_cat":[292,111,546,3769],"product_tag":[419,5077,293,4349,300,3612,5051,5047],"class_list":{"0":"post-35625","1":"product","2":"type-product","3":"status-publish","4":"has-post-thumbnail","6":"pwb-brand-dr-althea","7":"product_cat-behandlungen","8":"product_cat-fur-sie-de","9":"product_cat-gesichtsbehandlung","10":"product_cat-k-beauty-de","11":"product_tag-behandlungen-de","12":"product_tag-behandlungen-und-make-up-zum-muttertag","13":"product_tag-frau","14":"product_tag-frauentag","15":"product_tag-gesichtsbehandlungen","16":"product_tag-k-beauty-de","17":"product_tag-muttertag","18":"product_tag-unter-30-chf","20":"first","21":"instock","22":"sale","23":"taxable","24":"shipping-taxable","25":"purchasable","26":"product-type-simple"},"brands":[{"id":2012,"name":"DR. ALTHEA","slug":"dr-althea"}],"_links":{"self":[{"href":"https:\/\/www.freeshopfrontiera.ch\/de\/wp-json\/wp\/v2\/product\/35625","targetHints":{"allow":["GET"]}}],"collection":[{"href":"https:\/\/www.freeshopfrontiera.ch\/de\/wp-json\/wp\/v2\/product"}],"about":[{"href":"https:\/\/www.freeshopfrontiera.ch\/de\/wp-json\/wp\/v2\/types\/product"}],"replies":[{"embeddable":true,"href":"https:\/\/www.freeshopfrontiera.ch\/de\/wp-json\/wp\/v2\/comments?post=35625"}],"version-history":[{"count":1,"href":"https:\/\/www.freeshopfrontiera.ch\/de\/wp-json\/wp\/v2\/product\/35625\/revisions"}],"predecessor-version":[{"id":35627,"href":"https:\/\/www.freeshopfrontiera.ch\/de\/wp-json\/wp\/v2\/product\/35625\/revisions\/35627"}],"wp:featuredmedia":[{"embeddable":true,"href":"https:\/\/www.freeshopfrontiera.ch\/de\/wp-json\/wp\/v2\/media\/35621"}],"wp:attachment":[{"href":"https:\/\/www.freeshopfrontiera.ch\/de\/wp-json\/wp\/v2\/media?parent=35625"}],"wp:term":[{"taxonomy":"pwb-brand","embeddable":true,"href":"https:\/\/www.freeshopfrontiera.ch\/de\/wp-json\/wp\/v2\/pwb-brand?post=35625"},{"taxonomy":"product_brand","embeddable":true,"href":"https:\/\/www.freeshopfrontiera.ch\/de\/wp-json\/wp\/v2\/product_brand?post=35625"},{"taxonomy":"product_cat","embeddable":true,"href":"https:\/\/www.freeshopfrontiera.ch\/de\/wp-json\/wp\/v2\/product_cat?post=35625"},{"taxonomy":"product_tag","embeddable":true,"href":"https:\/\/www.freeshopfrontiera.ch\/de\/wp-json\/wp\/v2\/product_tag?post=35625"}],"curies":[{"name":"wp","href":"https:\/\/api.w.org\/{rel}","templated":true}]}}