{"id":35860,"date":"2025-10-06T14:59:11","date_gmt":"2025-10-06T14:59:11","guid":{"rendered":"https:\/\/www.freeshopfrontiera.ch\/shop\/clarins-set-multi-active-jour\/"},"modified":"2025-10-06T15:19:10","modified_gmt":"2025-10-06T15:19:10","slug":"clarins-set-multi-active-jour","status":"publish","type":"product","link":"https:\/\/www.freeshopfrontiera.ch\/de\/shop\/clarins-set-multi-active-jour\/","title":{"rendered":"CLARINS SET Multi-Active Jour"},"content":{"rendered":"<h2 data-start=\"1667\" data-end=\"1778\"><strong data-start=\"1675\" data-end=\"1778\">Clarins Multi-Active Set \u2013 Anti-Stress-Pflegeroutine f\u00fcr frische, strahlende und hydratisierte Haut<\/strong><\/h2>\n<p data-start=\"1780\" data-end=\"2040\">Entdecke die ideale Gesichtspflege f\u00fcr stressige Tage mit dem <strong data-start=\"1842\" data-end=\"1870\">Clarins Multi-Active Set<\/strong> \u2013 entwickelt, um die ersten Anzeichen von Hautalterung und M\u00fcdigkeit zu bek\u00e4mpfen. Perfekt f\u00fcr aktive Frauen, die Wert auf gepflegte, glatte und strahlende Haut legen.<\/p>\n<p data-start=\"2042\" data-end=\"2301\">Das Set enth\u00e4lt die <strong data-start=\"2062\" data-end=\"2096\">Multi-Active Tagescreme (50ml)<\/strong>, eine belebende Pflege, die feine Linien reduziert und der Haut neue Energie schenkt. Mit Extrakt aus wildem Kardenkraut sch\u00fctzt sie die Haut vor Umwelteinfl\u00fcssen und verleiht ihr sofortige Leuchtkraft.<\/p>\n<p data-start=\"2303\" data-end=\"2459\">Die <strong data-start=\"2307\" data-end=\"2341\">Multi-Active Nachtcreme (15ml)<\/strong> unterst\u00fctzt die Regeneration w\u00e4hrend des Schlafs, sodass du am Morgen mit einem erholten, frischen Teint aufwachst.<\/p>\n<p data-start=\"2461\" data-end=\"2712\">Das <strong data-start=\"2465\" data-end=\"2502\">Mini Lip Comfort Oil (Farbton 04)<\/strong> pflegt die Lippen intensiv und sorgt f\u00fcr Glanz und Geschmeidigkeit, w\u00e4hrend das <strong data-start=\"2583\" data-end=\"2614\">Double Serum Sample (0,9ml)<\/strong> mit 21 pflanzlichen Aktivstoffen f\u00fcr sofortige Feuchtigkeit und jugendliche Ausstrahlung sorgt.<\/p>\n<p data-start=\"2714\" data-end=\"2806\">Alles verpackt in einer <strong data-start=\"2738\" data-end=\"2768\">eleganten Clarins-Pochette<\/strong>, perfekt f\u00fcr Reisen oder unterwegs.<\/p>\n<p data-start=\"2808\" data-end=\"2977\">Ideal als <strong data-start=\"2818\" data-end=\"2841\">Clarins Geschenkset<\/strong> oder t\u00e4gliche Pflegeroutine \u2013 das <strong data-start=\"2876\" data-end=\"2896\">Multi-Active Set<\/strong> verleiht deiner Haut Schutz, Energie und strahlende Sch\u00f6nheit \u2013 Tag und Nacht.<\/p>\n<p data-start=\"1774\" data-end=\"1968\">Follow us! <a href=\"https:\/\/www.instagram.com\/freeshopswiss\/\" target=\"_blank\" rel=\"noopener\">@freeshopswiss<\/a><\/p>\n","protected":false},"excerpt":{"rendered":"<p>Entdecke die ideale Gesichtspflege f\u00fcr stressige Tage mit dem <strong data-start=\"1842\" data-end=\"1870\">Clarins Multi-Active Set<\/strong> \u2013 entwickelt, um die ersten Anzeichen von Hautalterung und M\u00fcdigkeit zu bek\u00e4mpfen.<\/p>\n","protected":false},"featured_media":35856,"comment_status":"open","ping_status":"closed","template":"","meta":[],"pwb-brand":[311],"product_brand":[],"product_cat":[292,111,546],"product_tag":[419,293,300],"class_list":{"0":"post-35860","1":"product","2":"type-product","3":"status-publish","4":"has-post-thumbnail","6":"pwb-brand-clarins","7":"product_cat-behandlungen","8":"product_cat-fur-sie-de","9":"product_cat-gesichtsbehandlung","10":"product_tag-behandlungen-de","11":"product_tag-frau","12":"product_tag-gesichtsbehandlungen","14":"first","15":"outofstock","16":"sale","17":"taxable","18":"shipping-taxable","19":"purchasable","20":"product-type-simple"},"brands":[{"id":311,"name":"Clarins","slug":"clarins"}],"_links":{"self":[{"href":"https:\/\/www.freeshopfrontiera.ch\/de\/wp-json\/wp\/v2\/product\/35860","targetHints":{"allow":["GET"]}}],"collection":[{"href":"https:\/\/www.freeshopfrontiera.ch\/de\/wp-json\/wp\/v2\/product"}],"about":[{"href":"https:\/\/www.freeshopfrontiera.ch\/de\/wp-json\/wp\/v2\/types\/product"}],"replies":[{"embeddable":true,"href":"https:\/\/www.freeshopfrontiera.ch\/de\/wp-json\/wp\/v2\/comments?post=35860"}],"version-history":[{"count":1,"href":"https:\/\/www.freeshopfrontiera.ch\/de\/wp-json\/wp\/v2\/product\/35860\/revisions"}],"predecessor-version":[{"id":35865,"href":"https:\/\/www.freeshopfrontiera.ch\/de\/wp-json\/wp\/v2\/product\/35860\/revisions\/35865"}],"wp:featuredmedia":[{"embeddable":true,"href":"https:\/\/www.freeshopfrontiera.ch\/de\/wp-json\/wp\/v2\/media\/35856"}],"wp:attachment":[{"href":"https:\/\/www.freeshopfrontiera.ch\/de\/wp-json\/wp\/v2\/media?parent=35860"}],"wp:term":[{"taxonomy":"pwb-brand","embeddable":true,"href":"https:\/\/www.freeshopfrontiera.ch\/de\/wp-json\/wp\/v2\/pwb-brand?post=35860"},{"taxonomy":"product_brand","embeddable":true,"href":"https:\/\/www.freeshopfrontiera.ch\/de\/wp-json\/wp\/v2\/product_brand?post=35860"},{"taxonomy":"product_cat","embeddable":true,"href":"https:\/\/www.freeshopfrontiera.ch\/de\/wp-json\/wp\/v2\/product_cat?post=35860"},{"taxonomy":"product_tag","embeddable":true,"href":"https:\/\/www.freeshopfrontiera.ch\/de\/wp-json\/wp\/v2\/product_tag?post=35860"}],"curies":[{"name":"wp","href":"https:\/\/api.w.org\/{rel}","templated":true}]}}