{"id":35873,"date":"2025-10-06T15:27:31","date_gmt":"2025-10-06T15:27:31","guid":{"rendered":"https:\/\/www.freeshopfrontiera.ch\/shop\/clarins-set-mascara\/"},"modified":"2025-10-06T15:30:24","modified_gmt":"2025-10-06T15:30:24","slug":"clarins-set-mascara","status":"publish","type":"product","link":"https:\/\/www.freeshopfrontiera.ch\/de\/shop\/clarins-set-mascara\/","title":{"rendered":"CLARINS SET Mascara"},"content":{"rendered":"<h2 data-start=\"1657\" data-end=\"1782\"><strong data-start=\"1665\" data-end=\"1782\">Clarins Supra Lift &amp; Curl Mascara Set \u2013 Ausdrucksstarke Augen und Perfekte Lippen in einem exklusiven Make-up-Set<\/strong><\/h2>\n<p data-start=\"1784\" data-end=\"2060\">Entdecke den Zauber eines intensiven Blicks und gepflegter Lippen mit dem <strong data-start=\"1858\" data-end=\"1899\">Clarins Supra Lift &amp; Curl Mascara Set<\/strong> \u2013 das perfekte Make-up-Geschenk f\u00fcr jeden Anlass. Dieses exklusive Set vereint drei unverzichtbare Beauty-Produkte f\u00fcr ein elegantes und strahlendes Ergebnis.<\/p>\n<p data-start=\"2062\" data-end=\"2402\">Die <strong data-start=\"2066\" data-end=\"2101\">Supra Lift &amp; Curl Mascara (8ml)<\/strong> sorgt f\u00fcr sofortigen Schwung, Volumen und Definition. Mit einem st\u00e4rkenden Komplex aus Provitamin B5 pflegt und kr\u00e4ftigt sie die Wimpern bei jeder Anwendung. Die leichte Textur und die gebogene B\u00fcrste verleihen den Wimpern einen nat\u00fcrlichen Lifting-Effekt und einen offenen, ausdrucksstarken Blick.<\/p>\n<p data-start=\"2404\" data-end=\"2637\">Der <strong data-start=\"2408\" data-end=\"2451\">Mini Natural Lip Perfector (Farbton 20)<\/strong> pflegt und versch\u00f6nert die Lippen mit einem Hauch von Farbe und nat\u00fcrlichem Glanz. Die Gel-Balsam-Textur spendet Feuchtigkeit, gl\u00e4ttet und sorgt f\u00fcr ein angenehmes, gl\u00e4nzendes Finish.<\/p>\n<p data-start=\"2639\" data-end=\"2798\">Der <strong data-start=\"2643\" data-end=\"2679\">D\u00e9maquillant Express Yeux (30ml)<\/strong> entfernt sanft, aber gr\u00fcndlich selbst wasserfestes Augen-Make-up und respektiert dabei die empfindliche Augenpartie.<\/p>\n<p data-start=\"2800\" data-end=\"3030\">Ob f\u00fcr unterwegs oder zu Hause \u2013 das <strong data-start=\"2837\" data-end=\"2870\">Clarins Supra Lift &amp; Curl Set<\/strong> ist dein perfekter Begleiter f\u00fcr ein gepflegtes, strahlendes und feminines Make-up. Ein luxuri\u00f6ses Geschenk von Clarins f\u00fcr deinen t\u00e4glichen Sch\u00f6nheitstraum.<\/p>\n<p data-start=\"1649\" data-end=\"1902\">Follow us! <a href=\"https:\/\/www.instagram.com\/freeshopswiss\/\" target=\"_blank\" rel=\"noopener\">@freeshopswiss<\/a><\/p>\n","protected":false},"excerpt":{"rendered":"<p>Entdecke den Zauber eines intensiven Blicks und gepflegter Lippen mit dem <strong data-start=\"1858\" data-end=\"1899\">Clarins Supra Lift &amp; Curl Mascara Set<\/strong> \u2013 das perfekte Make-up-Geschenk f\u00fcr jeden Anlass.<\/p>\n","protected":false},"featured_media":35870,"comment_status":"open","ping_status":"closed","template":"","meta":[],"pwb-brand":[311],"product_brand":[],"product_cat":[111,537,567],"product_tag":[470,293,4368],"class_list":{"0":"post-35873","1":"product","2":"type-product","3":"status-publish","4":"has-post-thumbnail","6":"pwb-brand-clarins","7":"product_cat-fur-sie-de","8":"product_cat-augen-make-up","9":"product_cat-make-up-de-2","10":"product_tag-augen-make-up","11":"product_tag-frau","12":"product_tag-fruehlingsspecial","14":"first","15":"instock","16":"sale","17":"taxable","18":"shipping-taxable","19":"purchasable","20":"product-type-simple"},"brands":[{"id":311,"name":"Clarins","slug":"clarins"}],"_links":{"self":[{"href":"https:\/\/www.freeshopfrontiera.ch\/de\/wp-json\/wp\/v2\/product\/35873","targetHints":{"allow":["GET"]}}],"collection":[{"href":"https:\/\/www.freeshopfrontiera.ch\/de\/wp-json\/wp\/v2\/product"}],"about":[{"href":"https:\/\/www.freeshopfrontiera.ch\/de\/wp-json\/wp\/v2\/types\/product"}],"replies":[{"embeddable":true,"href":"https:\/\/www.freeshopfrontiera.ch\/de\/wp-json\/wp\/v2\/comments?post=35873"}],"version-history":[{"count":1,"href":"https:\/\/www.freeshopfrontiera.ch\/de\/wp-json\/wp\/v2\/product\/35873\/revisions"}],"predecessor-version":[{"id":35876,"href":"https:\/\/www.freeshopfrontiera.ch\/de\/wp-json\/wp\/v2\/product\/35873\/revisions\/35876"}],"wp:featuredmedia":[{"embeddable":true,"href":"https:\/\/www.freeshopfrontiera.ch\/de\/wp-json\/wp\/v2\/media\/35870"}],"wp:attachment":[{"href":"https:\/\/www.freeshopfrontiera.ch\/de\/wp-json\/wp\/v2\/media?parent=35873"}],"wp:term":[{"taxonomy":"pwb-brand","embeddable":true,"href":"https:\/\/www.freeshopfrontiera.ch\/de\/wp-json\/wp\/v2\/pwb-brand?post=35873"},{"taxonomy":"product_brand","embeddable":true,"href":"https:\/\/www.freeshopfrontiera.ch\/de\/wp-json\/wp\/v2\/product_brand?post=35873"},{"taxonomy":"product_cat","embeddable":true,"href":"https:\/\/www.freeshopfrontiera.ch\/de\/wp-json\/wp\/v2\/product_cat?post=35873"},{"taxonomy":"product_tag","embeddable":true,"href":"https:\/\/www.freeshopfrontiera.ch\/de\/wp-json\/wp\/v2\/product_tag?post=35873"}],"curies":[{"name":"wp","href":"https:\/\/api.w.org\/{rel}","templated":true}]}}