{"id":35918,"date":"2025-10-07T08:25:35","date_gmt":"2025-10-07T08:25:35","guid":{"rendered":"https:\/\/www.freeshopfrontiera.ch\/shop\/rabanne-set-phantom-2\/"},"modified":"2025-10-07T08:28:36","modified_gmt":"2025-10-07T08:28:36","slug":"rabanne-set-phantom-2","status":"publish","type":"product","link":"https:\/\/www.freeshopfrontiera.ch\/de\/shop\/rabanne-set-phantom-2\/","title":{"rendered":"RABANNE SET Phantom"},"content":{"rendered":"<p data-start=\"2878\" data-end=\"2938\"><strong data-start=\"2878\" data-end=\"2938\">RABANNE SET Phantom Parfum Spray 100ml + Deo Spray 150ml<\/strong><\/p>\n<p data-start=\"2940\" data-end=\"3213\">Tauchen Sie ein in die Zukunft der Herrend\u00fcfte mit dem <strong data-start=\"2995\" data-end=\"3018\">RABANNE Phantom Set<\/strong>, einem exklusiven Geschenkset, das moderne Verf\u00fchrung und maskuline Energie verk\u00f6rpert. Ideal als Geschenk oder f\u00fcr den t\u00e4glichen Gebrauch \u2013 dieses Set vereint Eleganz, Technologie und St\u00e4rke.<\/p>\n<p data-start=\"3215\" data-end=\"3571\">Das <strong data-start=\"3219\" data-end=\"3245\">Phantom Parfum (100ml)<\/strong> ist ein gewagter, magnetischer Duft f\u00fcr den modernen Mann \u2013 selbstbewusst, charismatisch und authentisch. Frische <strong data-start=\"3360\" data-end=\"3377\">Zitronennoten<\/strong> treffen auf <strong data-start=\"3390\" data-end=\"3414\">Lavendel und Vetiver<\/strong>, gefolgt von einem intensiven Herzen aus <strong data-start=\"3456\" data-end=\"3492\">Vanille, Patchouli und Amberholz<\/strong>. Das Ergebnis: ein verf\u00fchrerischer, sinnlicher Duft mit bleibendem Eindruck.<\/p>\n<p data-start=\"3573\" data-end=\"3833\">Das <strong data-start=\"3577\" data-end=\"3598\">Deo Spray (150ml)<\/strong> rundet das Pflegeerlebnis perfekt ab und sorgt den ganzen Tag f\u00fcr Frische und zuverl\u00e4ssigen Schutz. Die leichte Formel verleiht der Haut den charakteristischen Phantom-Duft und garantiert ein Gef\u00fchl von Komfort und Selbstsicherheit.<\/p>\n<p data-start=\"3835\" data-end=\"3986\"><strong data-start=\"3835\" data-end=\"3854\">RABANNE Phantom<\/strong> ist ein Symbol f\u00fcr Innovation, Freiheit und Stil \u2013 geschaffen f\u00fcr M\u00e4nner, die mit St\u00e4rke und moderner Eleganz durchs Leben gehen.<\/p>\n<p data-start=\"3988\" data-end=\"4007\">\u2728 <strong data-start=\"3990\" data-end=\"4005\">Set-Inhalt:<\/strong><\/p>\n<ul data-start=\"4008\" data-end=\"4058\">\n<li data-start=\"4008\" data-end=\"4038\">\n<p data-start=\"4010\" data-end=\"4038\">Phantom Parfum Spray 100ml<\/p>\n<\/li>\n<li data-start=\"4039\" data-end=\"4058\">\n<p data-start=\"4041\" data-end=\"4058\">Deo Spray 150ml<\/p>\n<\/li>\n<\/ul>\n<p>&nbsp;<\/p>\n<p>Follow us! <a href=\"https:\/\/www.instagram.com\/freeshopswiss\/\" target=\"_blank\" rel=\"noopener\">@freeshopswiss<\/a><\/p>\n","protected":false},"excerpt":{"rendered":"<p>Tauchen Sie ein in die Zukunft der Herrend\u00fcfte mit dem <strong data-start=\"2995\" data-end=\"3018\">RABANNE Phantom Set<\/strong>, einem exklusiven Geschenkset, das moderne Verf\u00fchrung und maskuline Energie verk\u00f6rpert.<\/p>\n","protected":false},"featured_media":35914,"comment_status":"open","ping_status":"closed","template":"","meta":[],"pwb-brand":[378],"product_brand":[],"product_cat":[86,485],"product_tag":[148,254,465,953,460],"class_list":{"0":"post-35918","1":"product","2":"type-product","3":"status-publish","4":"has-post-thumbnail","6":"pwb-brand-rabanne","7":"product_cat-fur-ihn-de","8":"product_cat-geschenkbox","9":"product_tag-angebot","10":"product_tag-eau-de-parfum-de","11":"product_tag-geschenkset-herren","12":"product_tag-uomo-de","13":"product_tag-parfuem-geschenkset","15":"first","16":"instock","17":"sale","18":"taxable","19":"shipping-taxable","20":"purchasable","21":"product-type-simple"},"brands":[{"id":378,"name":"Rabanne","slug":"rabanne"}],"_links":{"self":[{"href":"https:\/\/www.freeshopfrontiera.ch\/de\/wp-json\/wp\/v2\/product\/35918","targetHints":{"allow":["GET"]}}],"collection":[{"href":"https:\/\/www.freeshopfrontiera.ch\/de\/wp-json\/wp\/v2\/product"}],"about":[{"href":"https:\/\/www.freeshopfrontiera.ch\/de\/wp-json\/wp\/v2\/types\/product"}],"replies":[{"embeddable":true,"href":"https:\/\/www.freeshopfrontiera.ch\/de\/wp-json\/wp\/v2\/comments?post=35918"}],"version-history":[{"count":1,"href":"https:\/\/www.freeshopfrontiera.ch\/de\/wp-json\/wp\/v2\/product\/35918\/revisions"}],"predecessor-version":[{"id":35920,"href":"https:\/\/www.freeshopfrontiera.ch\/de\/wp-json\/wp\/v2\/product\/35918\/revisions\/35920"}],"wp:featuredmedia":[{"embeddable":true,"href":"https:\/\/www.freeshopfrontiera.ch\/de\/wp-json\/wp\/v2\/media\/35914"}],"wp:attachment":[{"href":"https:\/\/www.freeshopfrontiera.ch\/de\/wp-json\/wp\/v2\/media?parent=35918"}],"wp:term":[{"taxonomy":"pwb-brand","embeddable":true,"href":"https:\/\/www.freeshopfrontiera.ch\/de\/wp-json\/wp\/v2\/pwb-brand?post=35918"},{"taxonomy":"product_brand","embeddable":true,"href":"https:\/\/www.freeshopfrontiera.ch\/de\/wp-json\/wp\/v2\/product_brand?post=35918"},{"taxonomy":"product_cat","embeddable":true,"href":"https:\/\/www.freeshopfrontiera.ch\/de\/wp-json\/wp\/v2\/product_cat?post=35918"},{"taxonomy":"product_tag","embeddable":true,"href":"https:\/\/www.freeshopfrontiera.ch\/de\/wp-json\/wp\/v2\/product_tag?post=35918"}],"curies":[{"name":"wp","href":"https:\/\/api.w.org\/{rel}","templated":true}]}}