{"id":35935,"date":"2025-10-08T07:55:26","date_gmt":"2025-10-08T07:55:26","guid":{"rendered":"https:\/\/www.freeshopfrontiera.ch\/shop\/house-of-perfumes-khulud-eau-de-parfum-100ml\/"},"modified":"2026-04-06T19:36:54","modified_gmt":"2026-04-06T19:36:54","slug":"house-of-perfumes-khulud-eau-de-parfum-100ml","status":"publish","type":"product","link":"https:\/\/www.freeshopfrontiera.ch\/de\/shop\/house-of-perfumes-khulud-eau-de-parfum-100ml\/","title":{"rendered":"HOUSE OF PERFUMES Khulud Eau de Parfum 100ml"},"content":{"rendered":"<p data-start=\"1760\" data-end=\"1864\"><strong data-start=\"1760\" data-end=\"1862\">House of Perfumes Khulud Eau de Parfum 100ml \u2013 Die Eleganz des Orients in einem einzigartigen Duft<\/strong><\/p>\n<p data-start=\"1866\" data-end=\"2223\">Entdecken Sie <em data-start=\"1880\" data-end=\"1902\">Khulud Eau de Parfum<\/em> von <strong data-start=\"1907\" data-end=\"1928\">House of Perfumes<\/strong>, einen luxuri\u00f6sen Duft, der Sinnlichkeit, Raffinesse und das geheimnisvolle Erbe der arabischen Tradition verk\u00f6rpert. Dieses exklusive Parfum (100ml) ist eine olfaktorische Symphonie aus edlen Inhaltsstoffen und verf\u00fchrerischen Noten \u2013 f\u00fcr Menschen, die Stil und Charisma ausstrahlen m\u00f6chten.<\/p>\n<p data-start=\"2225\" data-end=\"2650\">Die Kopfnote er\u00f6ffnet mit einem leuchtenden Mix aus <strong data-start=\"2277\" data-end=\"2287\">Safran<\/strong>, <strong data-start=\"2289\" data-end=\"2308\">Damaszener Rose<\/strong> und <strong data-start=\"2313\" data-end=\"2327\">Bergamotte<\/strong>, der einen eleganten und sinnlichen Auftakt schafft. Im Herzen entfalten sich warme Akkorde von <strong data-start=\"2424\" data-end=\"2431\">Oud<\/strong>, <strong data-start=\"2433\" data-end=\"2442\">Amber<\/strong> und <strong data-start=\"2447\" data-end=\"2460\">Patchouli<\/strong>, die dem Duft Tiefe und orientalische Faszination verleihen. Die Basisnote kombiniert <strong data-start=\"2547\" data-end=\"2558\">Vanille<\/strong>, <strong data-start=\"2560\" data-end=\"2578\">wei\u00dfen Moschus<\/strong> und <strong data-start=\"2583\" data-end=\"2598\">edle H\u00f6lzer<\/strong> zu einer langanhaltenden, unwiderstehlichen Spur.<\/p>\n<p data-start=\"2652\" data-end=\"2915\"><em data-start=\"2652\" data-end=\"2674\">Khulud Eau de Parfum<\/em> steht f\u00fcr die Essenz moderner arabischer Parf\u00fcmeriekunst \u2013 intensiv, elegant und zeitlos. Der luxuri\u00f6se goldene Flakon spiegelt die exklusive Identit\u00e4t von <em data-start=\"2831\" data-end=\"2850\">House of Perfumes<\/em> wider, einer Marke, die f\u00fcr Qualit\u00e4t und Handwerkskunst steht.<\/p>\n<p data-start=\"2917\" data-end=\"3097\">Ideal f\u00fcr Damen und Herren, die orientalische D\u00fcfte mit Charakter lieben. <strong data-start=\"2991\" data-end=\"3001\">Khulud<\/strong> ist perfekt f\u00fcr besondere Anl\u00e4sse und verleiht jedem Moment eine unvergessliche Ausstrahlung.<\/p>\n<p data-start=\"3099\" data-end=\"3291\">W\u00e4hlen Sie <em data-start=\"3110\" data-end=\"3156\">House of Perfumes Khulud Eau de Parfum 100ml<\/em> und erleben Sie eine sinnliche Reise in das Herz des Orients, wo Tradition und Moderne in einem au\u00dfergew\u00f6hnlichen Duft verschmelzen.<\/p>\n<p data-start=\"1427\" data-end=\"1617\">Follow us!\u00a0<a href=\"https:\/\/www.instagram.com\/freeshopswiss\/\" target=\"_blank\" rel=\"noopener\">@freeshopswiss<\/a><\/p>\n","protected":false},"excerpt":{"rendered":"<p>Entdecken Sie <em data-start=\"1880\" data-end=\"1902\">Khulud Eau de Parfum<\/em> von <strong data-start=\"1907\" data-end=\"1928\">House of Perfumes<\/strong>, einen luxuri\u00f6sen Duft, der Sinnlichkeit, Raffinesse und das geheimnisvolle Erbe der arabischen Tradition verk\u00f6rpert.<\/p>\n","protected":false},"featured_media":35931,"comment_status":"open","ping_status":"closed","template":"","meta":[],"pwb-brand":[391],"product_brand":[],"product_cat":[84,86,111],"product_tag":[790,952,254,293,953,1642,595],"class_list":{"0":"post-35935","1":"product","2":"type-product","3":"status-publish","4":"has-post-thumbnail","6":"pwb-brand-house-of-perfumes","7":"product_cat-duefte","8":"product_cat-fur-ihn-de","9":"product_cat-fur-sie-de","10":"product_tag-womens-fragrances-de","11":"product_tag-profumi-de","12":"product_tag-eau-de-parfum-de","13":"product_tag-frau","14":"product_tag-uomo-de","15":"product_tag-mens-fragrances-de","16":"product_tag-unisex-de-2","18":"first","19":"instock","20":"sale","21":"taxable","22":"shipping-taxable","23":"purchasable","24":"product-type-simple"},"brands":[{"id":391,"name":"House of Perfumes","slug":"house-of-perfumes"}],"_links":{"self":[{"href":"https:\/\/www.freeshopfrontiera.ch\/de\/wp-json\/wp\/v2\/product\/35935","targetHints":{"allow":["GET"]}}],"collection":[{"href":"https:\/\/www.freeshopfrontiera.ch\/de\/wp-json\/wp\/v2\/product"}],"about":[{"href":"https:\/\/www.freeshopfrontiera.ch\/de\/wp-json\/wp\/v2\/types\/product"}],"replies":[{"embeddable":true,"href":"https:\/\/www.freeshopfrontiera.ch\/de\/wp-json\/wp\/v2\/comments?post=35935"}],"version-history":[{"count":1,"href":"https:\/\/www.freeshopfrontiera.ch\/de\/wp-json\/wp\/v2\/product\/35935\/revisions"}],"predecessor-version":[{"id":35938,"href":"https:\/\/www.freeshopfrontiera.ch\/de\/wp-json\/wp\/v2\/product\/35935\/revisions\/35938"}],"wp:featuredmedia":[{"embeddable":true,"href":"https:\/\/www.freeshopfrontiera.ch\/de\/wp-json\/wp\/v2\/media\/35931"}],"wp:attachment":[{"href":"https:\/\/www.freeshopfrontiera.ch\/de\/wp-json\/wp\/v2\/media?parent=35935"}],"wp:term":[{"taxonomy":"pwb-brand","embeddable":true,"href":"https:\/\/www.freeshopfrontiera.ch\/de\/wp-json\/wp\/v2\/pwb-brand?post=35935"},{"taxonomy":"product_brand","embeddable":true,"href":"https:\/\/www.freeshopfrontiera.ch\/de\/wp-json\/wp\/v2\/product_brand?post=35935"},{"taxonomy":"product_cat","embeddable":true,"href":"https:\/\/www.freeshopfrontiera.ch\/de\/wp-json\/wp\/v2\/product_cat?post=35935"},{"taxonomy":"product_tag","embeddable":true,"href":"https:\/\/www.freeshopfrontiera.ch\/de\/wp-json\/wp\/v2\/product_tag?post=35935"}],"curies":[{"name":"wp","href":"https:\/\/api.w.org\/{rel}","templated":true}]}}