{"id":35982,"date":"2025-10-13T07:49:18","date_gmt":"2025-10-13T07:49:18","guid":{"rendered":"https:\/\/www.freeshopfrontiera.ch\/shop\/gianni-versace-crystal-emerald\/"},"modified":"2026-03-09T09:49:09","modified_gmt":"2026-03-09T09:49:09","slug":"gianni-versace-crystal-emerald","status":"publish","type":"product","link":"https:\/\/www.freeshopfrontiera.ch\/de\/shop\/gianni-versace-crystal-emerald\/","title":{"rendered":"Versace Crystal Emerald Eau de Parfum"},"content":{"rendered":"<h3 data-start=\"1717\" data-end=\"1784\"><strong data-start=\"1726\" data-end=\"1784\">Versace Crystal Emerald Eau de Parfum<\/strong><\/h3>\n<p data-start=\"1786\" data-end=\"1881\">\n<p data-start=\"1883\" data-end=\"2251\">Entdecken Sie <strong data-start=\"1897\" data-end=\"1945\">Gianni Versace Crystal Emerald Eau de Parfum<\/strong>, einen raffinierten und sinnlichen Duft, der die luxuri\u00f6se Essenz des Hauses Versace verk\u00f6rpert. Inspiriert vom Glanz des kostbaren Smaragds, feiert dieses Parfum die moderne Weiblichkeit mit einer magnetischen und eleganten Ausstrahlung \u2013 perfekt f\u00fcr Frauen, die Stil und Pers\u00f6nlichkeit zeigen m\u00f6chten.<\/p>\n<p data-start=\"2253\" data-end=\"2600\">Die <strong data-start=\"2257\" data-end=\"2269\">Kopfnote<\/strong> er\u00f6ffnet mit einem frischen, fruchtigen Akkord aus <strong data-start=\"2321\" data-end=\"2370\">Bergamotte, Birne und italienischer Mandarine<\/strong>, der Energie und Lebensfreude verleiht. Im <strong data-start=\"2414\" data-end=\"2422\">Herz<\/strong> entfaltet sich ein blumiges Bouquet aus <strong data-start=\"2463\" data-end=\"2499\">Jasmin, Magnolie und Pfingstrose<\/strong>, w\u00e4hrend die <strong data-start=\"2513\" data-end=\"2526\">Basisnote<\/strong> mit <strong data-start=\"2531\" data-end=\"2571\">Amber, wei\u00dfem Moschus und Sandelholz<\/strong> f\u00fcr W\u00e4rme und Tiefe sorgt.<\/p>\n<p data-start=\"2602\" data-end=\"2755\">Der <strong data-start=\"2606\" data-end=\"2629\">smaragdgr\u00fcne Flakon<\/strong>, inspiriert von einem geschliffenen Edelstein, reflektiert Licht und Luxus \u2013 ein echtes Schmuckst\u00fcck f\u00fcr jede Duftsammlung.<\/p>\n<p data-start=\"2757\" data-end=\"2955\">Perfekt f\u00fcr jede Gelegenheit: <strong data-start=\"2787\" data-end=\"2814\">Versace Crystal Emerald<\/strong> hinterl\u00e4sst einen eleganten, unvergesslichen Duftschleier. Ideal f\u00fcr die selbstbewusste, moderne Frau mit Sinn f\u00fcr Eleganz und Raffinesse.<\/p>\n<p data-start=\"2957\" data-end=\"2976\"><strong data-start=\"2957\" data-end=\"2974\">Duftpyramide:<\/strong><\/p>\n<ul data-start=\"2977\" data-end=\"3118\">\n<li data-start=\"2977\" data-end=\"3021\">\n<p data-start=\"2979\" data-end=\"3021\"><em data-start=\"2979\" data-end=\"2990\">Kopfnote:<\/em> Bergamotte, Birne, Mandarine<\/p>\n<\/li>\n<li data-start=\"3022\" data-end=\"3067\">\n<p data-start=\"3024\" data-end=\"3067\"><em data-start=\"3024\" data-end=\"3035\">Herznote:<\/em> Jasmin, Magnolie, Pfingstrose<\/p>\n<\/li>\n<li data-start=\"3068\" data-end=\"3118\">\n<p data-start=\"3070\" data-end=\"3118\"><em data-start=\"3070\" data-end=\"3082\">Basisnote:<\/em> Amber, Wei\u00dfer Moschus, Sandelholz<\/p>\n<\/li>\n<\/ul>\n<p data-start=\"3120\" data-end=\"3218\">\ud83d\udc8e <strong data-start=\"3123\" data-end=\"3171\">Gianni Versace Crystal Emerald Eau de Parfum<\/strong> \u2013 Zeitlose Eleganz in einem Juwel aus Licht.<\/p>\n<p data-start=\"1561\" data-end=\"1666\">Follow us!\u00a0<a href=\"https:\/\/www.instagram.com\/freeshopswiss\/\" target=\"_blank\" rel=\"noopener\">@freeshopswiss<\/a><\/p>\n","protected":false},"excerpt":{"rendered":"<p>Entdecken Sie <strong data-start=\"1897\" data-end=\"1945\">Gianni Versace Crystal Emerald Eau de Parfum<\/strong>, einen raffinierten und sinnlichen Duft, der die luxuri\u00f6se Essenz des Hauses Versace verk\u00f6rpert.<\/p>\n","protected":false},"featured_media":35968,"comment_status":"open","ping_status":"closed","template":"","meta":[],"pwb-brand":[124],"product_brand":[],"product_cat":[84,111],"product_tag":[790,952,254,293,4349,4368],"class_list":{"0":"post-35982","1":"product","2":"type-product","3":"status-publish","4":"has-post-thumbnail","6":"pwb-brand-versace","7":"product_cat-duefte","8":"product_cat-fur-sie-de","9":"product_tag-womens-fragrances-de","10":"product_tag-profumi-de","11":"product_tag-eau-de-parfum-de","12":"product_tag-frau","13":"product_tag-frauentag","14":"product_tag-fruehlingsspecial","16":"first","17":"instock","18":"sale","19":"taxable","20":"shipping-taxable","21":"purchasable","22":"product-type-variable","23":"has-default-attributes"},"brands":[{"id":124,"name":"Versace","slug":"versace"}],"_links":{"self":[{"href":"https:\/\/www.freeshopfrontiera.ch\/de\/wp-json\/wp\/v2\/product\/35982","targetHints":{"allow":["GET"]}}],"collection":[{"href":"https:\/\/www.freeshopfrontiera.ch\/de\/wp-json\/wp\/v2\/product"}],"about":[{"href":"https:\/\/www.freeshopfrontiera.ch\/de\/wp-json\/wp\/v2\/types\/product"}],"replies":[{"embeddable":true,"href":"https:\/\/www.freeshopfrontiera.ch\/de\/wp-json\/wp\/v2\/comments?post=35982"}],"version-history":[{"count":4,"href":"https:\/\/www.freeshopfrontiera.ch\/de\/wp-json\/wp\/v2\/product\/35982\/revisions"}],"predecessor-version":[{"id":40778,"href":"https:\/\/www.freeshopfrontiera.ch\/de\/wp-json\/wp\/v2\/product\/35982\/revisions\/40778"}],"wp:featuredmedia":[{"embeddable":true,"href":"https:\/\/www.freeshopfrontiera.ch\/de\/wp-json\/wp\/v2\/media\/35968"}],"wp:attachment":[{"href":"https:\/\/www.freeshopfrontiera.ch\/de\/wp-json\/wp\/v2\/media?parent=35982"}],"wp:term":[{"taxonomy":"pwb-brand","embeddable":true,"href":"https:\/\/www.freeshopfrontiera.ch\/de\/wp-json\/wp\/v2\/pwb-brand?post=35982"},{"taxonomy":"product_brand","embeddable":true,"href":"https:\/\/www.freeshopfrontiera.ch\/de\/wp-json\/wp\/v2\/product_brand?post=35982"},{"taxonomy":"product_cat","embeddable":true,"href":"https:\/\/www.freeshopfrontiera.ch\/de\/wp-json\/wp\/v2\/product_cat?post=35982"},{"taxonomy":"product_tag","embeddable":true,"href":"https:\/\/www.freeshopfrontiera.ch\/de\/wp-json\/wp\/v2\/product_tag?post=35982"}],"curies":[{"name":"wp","href":"https:\/\/api.w.org\/{rel}","templated":true}]}}