{"id":36012,"date":"2025-10-13T08:20:48","date_gmt":"2025-10-13T08:20:48","guid":{"rendered":"https:\/\/www.freeshopfrontiera.ch\/shop\/acqua-di-bolgheri-bacche-di-vinum-home-diffuser\/"},"modified":"2025-10-13T13:36:48","modified_gmt":"2025-10-13T13:36:48","slug":"acqua-di-bolgheri-bacche-di-vinum-home-diffuser","status":"publish","type":"product","link":"https:\/\/www.freeshopfrontiera.ch\/de\/shop\/acqua-di-bolgheri-bacche-di-vinum-home-diffuser\/","title":{"rendered":"ACQUA DI BOLGHERI Bacche di Vinum Home Diffuser"},"content":{"rendered":"<h3 data-start=\"1757\" data-end=\"1822\"><strong data-start=\"1766\" data-end=\"1822\">Acqua di Bolgheri Bacche di Vinum Raumduft<\/strong><\/h3>\n<p data-start=\"1824\" data-end=\"1916\"><strong data-start=\"1824\" data-end=\"1914\">Acqua di Bolgheri Bacche di Vinum Raumduft \u2013 Die toskanische Essenz von Wein und Natur<\/strong><\/p>\n<p data-start=\"1918\" data-end=\"2130\">Erleben Sie den authentischen Charme der Toskana mit dem <strong data-start=\"1975\" data-end=\"2021\">Acqua di Bolgheri Bacche di Vinum Raumduft<\/strong>, einer eleganten und intensiven Duftkomposition, die jeden Raum in eine Oase des Wohlbefindens verwandelt.<\/p>\n<p data-start=\"2132\" data-end=\"2554\">Inspiriert von den sonnendurchfluteten Weinbergen Bolgheris, entfaltet <strong data-start=\"2203\" data-end=\"2222\">Bacche di Vinum<\/strong> ein reiches, fruchtiges und umh\u00fcllendes Aroma. <strong data-start=\"2270\" data-end=\"2283\">Kopfnoten<\/strong> aus <strong data-start=\"2288\" data-end=\"2324\">dunklen Trauben und roten Beeren<\/strong> er\u00f6ffnen den Duft lebendig und s\u00fc\u00df, w\u00e4hrend im <strong data-start=\"2372\" data-end=\"2380\">Herz<\/strong> zarte <strong data-start=\"2387\" data-end=\"2437\">Bl\u00fctennuancen, Most und schwarze Johannisbeere<\/strong> f\u00fcr Tiefe sorgen. Die <strong data-start=\"2460\" data-end=\"2473\">Basisnote<\/strong> aus <strong data-start=\"2478\" data-end=\"2507\">edlen H\u00f6lzern und Vanille<\/strong> rundet die Komposition warm und sinnlich ab.<\/p>\n<p data-start=\"2556\" data-end=\"2680\">Ein harmonisches Gleichgewicht zwischen Natur und Eleganz, das die gem\u00fctliche Atmosph\u00e4re toskanischer Weinkeller einf\u00e4ngt.<\/p>\n<p data-start=\"2682\" data-end=\"2981\">Der <strong data-start=\"2686\" data-end=\"2714\">Bacche di Vinum Diffusor<\/strong> wird in einem stilvollen Glasflakon mit dem ikonischen <strong data-start=\"2770\" data-end=\"2791\">Acqua di Bolgheri<\/strong>-Logo pr\u00e4sentiert \u2013 ein Symbol f\u00fcr italienische Handwerkskunst. Die <strong data-start=\"2859\" data-end=\"2877\">Rattanst\u00e4bchen<\/strong> verstr\u00f6men den Duft gleichm\u00e4\u00dfig und langanhaltend und schaffen ein Gef\u00fchl von W\u00e4rme und Geborgenheit.<\/p>\n<p data-start=\"2983\" data-end=\"3164\">Ideal f\u00fcr Wohnzimmer, Schlafzimmer oder Eingangsbereiche \u2013 dieser Raumduft bringt einen Hauch von dezentem Luxus und die unverwechselbare <strong data-start=\"3121\" data-end=\"3146\">Seele des Mittelmeers<\/strong> in Ihr Zuhause.<\/p>\n<p data-start=\"3166\" data-end=\"3286\">\ud83c\udf47 <strong data-start=\"3169\" data-end=\"3215\">Acqua di Bolgheri Bacche di Vinum Raumduft<\/strong> \u2013 Der Duft toskanischen Weins, der Ihr Zuhause mit Eleganz schm\u00fcckt.<\/p>\n<p data-start=\"1601\" data-end=\"1712\">Follow us! <a href=\"https:\/\/www.instagram.com\/freeshopswiss\/\" target=\"_blank\" rel=\"noopener\">@freeshopswiss<\/a><\/p>\n","protected":false},"excerpt":{"rendered":"<p>Erleben Sie den authentischen Charme der Toskana mit dem <strong data-start=\"1975\" data-end=\"2021\">Acqua di Bolgheri Bacche di Vinum Raumduft<\/strong>, einer eleganten und intensiven Duftkomposition, die jeden Raum in eine Oase des Wohlbefindens verwandelt.<\/p>\n","protected":false},"featured_media":35998,"comment_status":"open","ping_status":"closed","template":"","meta":[],"pwb-brand":[2802],"product_brand":[],"product_cat":[533],"product_tag":[2810],"class_list":{"0":"post-36012","1":"product","2":"type-product","3":"status-publish","4":"has-post-thumbnail","6":"pwb-brand-acqua-di-bolgheri","7":"product_cat-raumduefte","8":"product_tag-home-diffuser-de","10":"first","11":"outofstock","12":"sale","13":"taxable","14":"shipping-taxable","15":"purchasable","16":"product-type-variable","17":"has-default-attributes"},"brands":[{"id":2802,"name":"Acqua di Bolgheri","slug":"acqua-di-bolgheri"}],"_links":{"self":[{"href":"https:\/\/www.freeshopfrontiera.ch\/de\/wp-json\/wp\/v2\/product\/36012","targetHints":{"allow":["GET"]}}],"collection":[{"href":"https:\/\/www.freeshopfrontiera.ch\/de\/wp-json\/wp\/v2\/product"}],"about":[{"href":"https:\/\/www.freeshopfrontiera.ch\/de\/wp-json\/wp\/v2\/types\/product"}],"replies":[{"embeddable":true,"href":"https:\/\/www.freeshopfrontiera.ch\/de\/wp-json\/wp\/v2\/comments?post=36012"}],"version-history":[{"count":2,"href":"https:\/\/www.freeshopfrontiera.ch\/de\/wp-json\/wp\/v2\/product\/36012\/revisions"}],"predecessor-version":[{"id":36020,"href":"https:\/\/www.freeshopfrontiera.ch\/de\/wp-json\/wp\/v2\/product\/36012\/revisions\/36020"}],"wp:featuredmedia":[{"embeddable":true,"href":"https:\/\/www.freeshopfrontiera.ch\/de\/wp-json\/wp\/v2\/media\/35998"}],"wp:attachment":[{"href":"https:\/\/www.freeshopfrontiera.ch\/de\/wp-json\/wp\/v2\/media?parent=36012"}],"wp:term":[{"taxonomy":"pwb-brand","embeddable":true,"href":"https:\/\/www.freeshopfrontiera.ch\/de\/wp-json\/wp\/v2\/pwb-brand?post=36012"},{"taxonomy":"product_brand","embeddable":true,"href":"https:\/\/www.freeshopfrontiera.ch\/de\/wp-json\/wp\/v2\/product_brand?post=36012"},{"taxonomy":"product_cat","embeddable":true,"href":"https:\/\/www.freeshopfrontiera.ch\/de\/wp-json\/wp\/v2\/product_cat?post=36012"},{"taxonomy":"product_tag","embeddable":true,"href":"https:\/\/www.freeshopfrontiera.ch\/de\/wp-json\/wp\/v2\/product_tag?post=36012"}],"curies":[{"name":"wp","href":"https:\/\/api.w.org\/{rel}","templated":true}]}}