{"id":36050,"date":"2025-10-13T09:55:16","date_gmt":"2025-10-13T09:55:16","guid":{"rendered":"https:\/\/www.freeshopfrontiera.ch\/shop\/collistar-set-idroattiva\/"},"modified":"2025-10-13T10:04:27","modified_gmt":"2025-10-13T10:04:27","slug":"collistar-set-idroattiva","status":"publish","type":"product","link":"https:\/\/www.freeshopfrontiera.ch\/de\/shop\/collistar-set-idroattiva\/","title":{"rendered":"COLLISTAR SET Idroattiva"},"content":{"rendered":"<h3 data-start=\"1655\" data-end=\"1705\"><strong data-start=\"1664\" data-end=\"1703\">Collistar Idroattiva+ Set<\/strong><\/h3>\n<p data-start=\"1707\" data-end=\"1788\"><strong data-start=\"1707\" data-end=\"1786\">Collistar Idroattiva+ Set \u2013 Intensive Feuchtigkeit und komplette Hautpflege<\/strong><\/p>\n<p data-start=\"1790\" data-end=\"2012\">Entdecken Sie das <strong data-start=\"1808\" data-end=\"1837\">Collistar Idroattiva+ Set<\/strong>, das entwickelt wurde, um die Haut intensiv zu pflegen und gleichzeitig Feuchtigkeit, sanfte Reinigung und praktische Handhabung in einem eleganten Geschenkset zu vereinen.<\/p>\n<p data-start=\"2014\" data-end=\"2355\">Im Mittelpunkt steht die <strong data-start=\"2039\" data-end=\"2072\">Deep Moisturizing Cream 50 ml<\/strong>, eine reichhaltige, aber dennoch leichte Gesichtscreme f\u00fcr <strong data-start=\"2132\" data-end=\"2177\">intensive und langanhaltende Feuchtigkeit<\/strong>. Dank der fortschrittlichen <strong data-start=\"2206\" data-end=\"2228\">Idroattiva+ Formel<\/strong> wirkt die Haut sofort weicher, elastischer und strahlender, w\u00e4hrend Trockenheit und Stresszeichen effektiv gemindert werden.<\/p>\n<p data-start=\"2357\" data-end=\"2637\">Ebenfalls im Set enthalten ist die <strong data-start=\"2392\" data-end=\"2437\">Two-Phase Make-Up Removing Solution 35 ml<\/strong>, eine sanfte, aber effektive Zweiphasen-L\u00f6sung, die selbst hartn\u00e4ckiges Make-up entfernt, ohne die Haut zu reizen. Die Haut wirkt frisch, gereinigt und bereit f\u00fcr die feuchtigkeitsspendende Pflege.<\/p>\n<p data-start=\"2639\" data-end=\"2772\">Das Set enth\u00e4lt zudem eine <strong data-start=\"2666\" data-end=\"2693\">elegante Kosmetiktasche<\/strong>, ideal f\u00fcr Reisen oder zur praktischen Aufbewahrung Ihrer Lieblingsprodukte.<\/p>\n<p data-start=\"2774\" data-end=\"2988\">Das <strong data-start=\"2778\" data-end=\"2807\">Collistar Idroattiva+ Set<\/strong> eignet sich perfekt f\u00fcr alle, die ein komplettes Sch\u00f6nheitsritual suchen, das intensive Feuchtigkeit, sanfte Reinigung und praktische Anwendung vereint \u2013 auch ideal als Geschenk.<\/p>\n<p data-start=\"2990\" data-end=\"3010\">\ud83d\udca7 <strong data-start=\"2993\" data-end=\"3008\">Set-Inhalt:<\/strong><\/p>\n<ul data-start=\"3011\" data-end=\"3118\">\n<li data-start=\"3011\" data-end=\"3044\">\n<p data-start=\"3013\" data-end=\"3044\">Deep Moisturizing Cream 50 ml<\/p>\n<\/li>\n<li data-start=\"3045\" data-end=\"3090\">\n<p data-start=\"3047\" data-end=\"3090\">Two-Phase Make-Up Removing Solution 35 ml<\/p>\n<\/li>\n<li data-start=\"3091\" data-end=\"3118\">\n<p data-start=\"3093\" data-end=\"3118\">Elegante Kosmetiktasche<\/p>\n<\/li>\n<\/ul>\n<p data-start=\"3120\" data-end=\"3212\">\u2728 <strong data-start=\"3122\" data-end=\"3151\">Collistar Idroattiva+ Set<\/strong> \u2013 Haut, die t\u00e4glich hydratisiert, weich und strahlend ist.<\/p>\n<p data-start=\"1640\" data-end=\"1722\">Follow us! <a href=\"https:\/\/www.instagram.com\/freeshopswiss\/\" target=\"_blank\" rel=\"noopener\">@freeshopswiss<\/a><\/p>\n","protected":false},"excerpt":{"rendered":"<p>Entdecken Sie das <strong data-start=\"1808\" data-end=\"1837\">Collistar Idroattiva+ Set<\/strong>, das entwickelt wurde, um die Haut intensiv zu pflegen und gleichzeitig Feuchtigkeit, sanfte Reinigung und praktische Handhabung in einem eleganten Geschenkset zu vereinen.<\/p>\n","protected":false},"featured_media":36046,"comment_status":"open","ping_status":"closed","template":"","meta":[],"pwb-brand":[437],"product_brand":[],"product_cat":[292,111,485,546],"product_tag":[419,293,462,300,460],"class_list":{"0":"post-36050","1":"product","2":"type-product","3":"status-publish","4":"has-post-thumbnail","6":"pwb-brand-collistar","7":"product_cat-behandlungen","8":"product_cat-fur-sie-de","9":"product_cat-geschenkbox","10":"product_cat-gesichtsbehandlung","11":"product_tag-behandlungen-de","12":"product_tag-frau","13":"product_tag-geschenkset-fuer-damen","14":"product_tag-gesichtsbehandlungen","15":"product_tag-parfuem-geschenkset","17":"first","18":"outofstock","19":"sale","20":"taxable","21":"shipping-taxable","22":"purchasable","23":"product-type-simple"},"brands":[{"id":437,"name":"Collistar","slug":"collistar"}],"_links":{"self":[{"href":"https:\/\/www.freeshopfrontiera.ch\/de\/wp-json\/wp\/v2\/product\/36050","targetHints":{"allow":["GET"]}}],"collection":[{"href":"https:\/\/www.freeshopfrontiera.ch\/de\/wp-json\/wp\/v2\/product"}],"about":[{"href":"https:\/\/www.freeshopfrontiera.ch\/de\/wp-json\/wp\/v2\/types\/product"}],"replies":[{"embeddable":true,"href":"https:\/\/www.freeshopfrontiera.ch\/de\/wp-json\/wp\/v2\/comments?post=36050"}],"version-history":[{"count":2,"href":"https:\/\/www.freeshopfrontiera.ch\/de\/wp-json\/wp\/v2\/product\/36050\/revisions"}],"predecessor-version":[{"id":36054,"href":"https:\/\/www.freeshopfrontiera.ch\/de\/wp-json\/wp\/v2\/product\/36050\/revisions\/36054"}],"wp:featuredmedia":[{"embeddable":true,"href":"https:\/\/www.freeshopfrontiera.ch\/de\/wp-json\/wp\/v2\/media\/36046"}],"wp:attachment":[{"href":"https:\/\/www.freeshopfrontiera.ch\/de\/wp-json\/wp\/v2\/media?parent=36050"}],"wp:term":[{"taxonomy":"pwb-brand","embeddable":true,"href":"https:\/\/www.freeshopfrontiera.ch\/de\/wp-json\/wp\/v2\/pwb-brand?post=36050"},{"taxonomy":"product_brand","embeddable":true,"href":"https:\/\/www.freeshopfrontiera.ch\/de\/wp-json\/wp\/v2\/product_brand?post=36050"},{"taxonomy":"product_cat","embeddable":true,"href":"https:\/\/www.freeshopfrontiera.ch\/de\/wp-json\/wp\/v2\/product_cat?post=36050"},{"taxonomy":"product_tag","embeddable":true,"href":"https:\/\/www.freeshopfrontiera.ch\/de\/wp-json\/wp\/v2\/product_tag?post=36050"}],"curies":[{"name":"wp","href":"https:\/\/api.w.org\/{rel}","templated":true}]}}