{"id":36077,"date":"2025-10-13T11:15:07","date_gmt":"2025-10-13T11:15:07","guid":{"rendered":"https:\/\/www.freeshopfrontiera.ch\/shop\/rabanne-set-million-gold-for-her-2\/"},"modified":"2025-12-26T00:01:03","modified_gmt":"2025-12-26T00:01:03","slug":"rabanne-set-million-gold-for-her-2","status":"publish","type":"product","link":"https:\/\/www.freeshopfrontiera.ch\/de\/shop\/rabanne-set-million-gold-for-her-2\/","title":{"rendered":"RABANNE SET Million Gold For Her"},"content":{"rendered":"<h3 data-start=\"1609\" data-end=\"1680\"><strong data-start=\"1618\" data-end=\"1678\">Rabanne Million Gold For Her Eau de Parfum Set<\/strong><\/h3>\n<p data-start=\"1682\" data-end=\"1781\"><strong data-start=\"1682\" data-end=\"1779\">Rabanne Million Gold For Her Eau de Parfum Set \u2013 Strahlkraft, Verf\u00fchrung und weiblicher Luxus<\/strong><\/p>\n<p data-start=\"1783\" data-end=\"2010\">Entdecken Sie das <strong data-start=\"1801\" data-end=\"1837\">Rabanne Million Gold For Her Set<\/strong>, ein Set, das die ikonische Eleganz und Sinnlichkeit der Rabanne-Frau vereint. Ein mutiger und raffinierter Duft f\u00fcr Frauen, die gerne stilvoll und selbstbewusst gl\u00e4nzen.<\/p>\n<p data-start=\"2012\" data-end=\"2407\">Im Mittelpunkt steht das <strong data-start=\"2037\" data-end=\"2073\">Million Gold Eau de Parfum 50 ml<\/strong>, ein funkelnder und umh\u00fcllender Duft, der <strong data-start=\"2116\" data-end=\"2164\">blumige, bernsteinartige und fruchtige Noten<\/strong> perfekt miteinander vereint. Die <strong data-start=\"2198\" data-end=\"2211\">Kopfnoten<\/strong> er\u00f6ffnen mit einem strahlenden Akzent von <strong data-start=\"2254\" data-end=\"2277\">Mandarine und Birne<\/strong>, gefolgt von einem <strong data-start=\"2297\" data-end=\"2340\">sinnlichen Herz aus Gardenie und Jasmin<\/strong> und einem <strong data-start=\"2351\" data-end=\"2404\">warmen Fond aus Vanille, Honig und goldenem Amber<\/strong>.<\/p>\n<p data-start=\"2409\" data-end=\"2631\">Das Set enth\u00e4lt au\u00dferdem die <strong data-start=\"2438\" data-end=\"2460\">Body Lotion 100 ml<\/strong> mit seidiger, feuchtigkeitsspendender Textur, die die Haut in denselben unwiderstehlichen Million Gold Duft h\u00fcllt, sie weich, strahlend und zart parf\u00fcmiert hinterl\u00e4sst.<\/p>\n<p data-start=\"2633\" data-end=\"2790\">Pr\u00e4sentiert in einer eleganten goldenen Geschenkbox ist dieses Set perfekt als Geschenk f\u00fcr besondere Anl\u00e4sse oder als luxuri\u00f6se Belohnung f\u00fcr sich selbst.<\/p>\n<p data-start=\"1176\" data-end=\"1326\">Follow us! <a href=\"https:\/\/www.instagram.com\/freeshopswiss\/\" target=\"_blank\" rel=\"noopener\">@freeshopswiss<\/a><\/p>\n","protected":false},"excerpt":{"rendered":"<p>Entdecken Sie das <strong data-start=\"1801\" data-end=\"1837\">Rabanne Million Gold For Her Set<\/strong>, ein Set, das die ikonische Eleganz und Sinnlichkeit der Rabanne-Frau vereint. Ein mutiger und raffinierter Duft f\u00fcr Frauen, die gerne stilvoll und selbstbewusst gl\u00e4nzen.<\/p>\n","protected":false},"featured_media":36073,"comment_status":"open","ping_status":"closed","template":"","meta":[],"pwb-brand":[378],"product_brand":[],"product_cat":[144,84,111,485,4193],"product_tag":[148,281,293,4349,462,460],"class_list":{"0":"post-36077","1":"product","2":"type-product","3":"status-publish","4":"has-post-thumbnail","6":"pwb-brand-rabanne","7":"product_cat-bietet","8":"product_cat-duefte","9":"product_cat-fur-sie-de","10":"product_cat-geschenkbox","11":"product_cat-sets-aktion","12":"product_tag-angebot","13":"product_tag-bestseller-de","14":"product_tag-frau","15":"product_tag-frauentag","16":"product_tag-geschenkset-fuer-damen","17":"product_tag-parfuem-geschenkset","19":"first","20":"instock","21":"sale","22":"taxable","23":"shipping-taxable","24":"purchasable","25":"product-type-simple"},"brands":[{"id":378,"name":"Rabanne","slug":"rabanne"}],"_links":{"self":[{"href":"https:\/\/www.freeshopfrontiera.ch\/de\/wp-json\/wp\/v2\/product\/36077","targetHints":{"allow":["GET"]}}],"collection":[{"href":"https:\/\/www.freeshopfrontiera.ch\/de\/wp-json\/wp\/v2\/product"}],"about":[{"href":"https:\/\/www.freeshopfrontiera.ch\/de\/wp-json\/wp\/v2\/types\/product"}],"replies":[{"embeddable":true,"href":"https:\/\/www.freeshopfrontiera.ch\/de\/wp-json\/wp\/v2\/comments?post=36077"}],"version-history":[{"count":1,"href":"https:\/\/www.freeshopfrontiera.ch\/de\/wp-json\/wp\/v2\/product\/36077\/revisions"}],"predecessor-version":[{"id":36079,"href":"https:\/\/www.freeshopfrontiera.ch\/de\/wp-json\/wp\/v2\/product\/36077\/revisions\/36079"}],"wp:featuredmedia":[{"embeddable":true,"href":"https:\/\/www.freeshopfrontiera.ch\/de\/wp-json\/wp\/v2\/media\/36073"}],"wp:attachment":[{"href":"https:\/\/www.freeshopfrontiera.ch\/de\/wp-json\/wp\/v2\/media?parent=36077"}],"wp:term":[{"taxonomy":"pwb-brand","embeddable":true,"href":"https:\/\/www.freeshopfrontiera.ch\/de\/wp-json\/wp\/v2\/pwb-brand?post=36077"},{"taxonomy":"product_brand","embeddable":true,"href":"https:\/\/www.freeshopfrontiera.ch\/de\/wp-json\/wp\/v2\/product_brand?post=36077"},{"taxonomy":"product_cat","embeddable":true,"href":"https:\/\/www.freeshopfrontiera.ch\/de\/wp-json\/wp\/v2\/product_cat?post=36077"},{"taxonomy":"product_tag","embeddable":true,"href":"https:\/\/www.freeshopfrontiera.ch\/de\/wp-json\/wp\/v2\/product_tag?post=36077"}],"curies":[{"name":"wp","href":"https:\/\/api.w.org\/{rel}","templated":true}]}}