{"id":36105,"date":"2025-10-13T12:44:51","date_gmt":"2025-10-13T12:44:51","guid":{"rendered":"https:\/\/www.freeshopfrontiera.ch\/shop\/clarins-set-men\/"},"modified":"2025-12-06T08:29:31","modified_gmt":"2025-12-06T08:29:31","slug":"clarins-set-men","status":"publish","type":"product","link":"https:\/\/www.freeshopfrontiera.ch\/de\/shop\/clarins-set-men\/","title":{"rendered":"CLARINS SET Men"},"content":{"rendered":"<h3 data-start=\"1552\" data-end=\"1651\"><strong data-start=\"1561\" data-end=\"1651\">Clarins Men Set Gesichtsreiniger 30ml + Duschshampoo 30ml + Energie-Gel 12ml<\/strong><\/h3>\n<p data-start=\"1653\" data-end=\"1715\"><strong data-start=\"1653\" data-end=\"1713\">Clarins Men Set \u2013 Komplette Pflege f\u00fcr den modernen Mann<\/strong><\/p>\n<p data-start=\"1717\" data-end=\"1987\">Entdecken Sie das <strong data-start=\"1735\" data-end=\"1754\">Clarins Men Set<\/strong>, eine praktische und effektive Pflegeroutine f\u00fcr M\u00e4nner, die ihre Haut und ihren K\u00f6rper einfach und effizient pflegen m\u00f6chten. Ideal f\u00fcr Reisen oder um die beliebtesten Produkte von Clarins Men in handlichen Gr\u00f6\u00dfen kennenzulernen.<\/p>\n<p data-start=\"1989\" data-end=\"2007\">Das Set enth\u00e4lt:<\/p>\n<ul data-start=\"2008\" data-end=\"2473\">\n<li data-start=\"2008\" data-end=\"2165\">\n<p data-start=\"2010\" data-end=\"2165\"><strong data-start=\"2010\" data-end=\"2036\">Gesichtsreiniger 30ml:<\/strong> ein sanftes Reinigungsmittel, das Unreinheiten, \u00fcbersch\u00fcssiges Fett und Schmutzpartikel entfernt, ohne die Haut auszutrocknen.<\/p>\n<\/li>\n<li data-start=\"2166\" data-end=\"2308\">\n<p data-start=\"2168\" data-end=\"2308\"><strong data-start=\"2168\" data-end=\"2190\">Duschshampoo 30ml:<\/strong> ein erfrischendes 2-in-1-Produkt f\u00fcr K\u00f6rper und Haare, das reinigt und ein lang anhaltendes Frischegef\u00fchl verleiht.<\/p>\n<\/li>\n<li data-start=\"2309\" data-end=\"2473\">\n<p data-start=\"2311\" data-end=\"2473\"><strong data-start=\"2311\" data-end=\"2332\">Energie-Gel 12ml:<\/strong> ein leichtes, schnell einziehendes Gel, das die Haut mit Feuchtigkeit versorgt, belebt und vor Anzeichen von M\u00fcdigkeit und Stress sch\u00fctzt.<\/p>\n<\/li>\n<\/ul>\n<p data-start=\"2475\" data-end=\"2598\">Ideal f\u00fcr den <strong data-start=\"2489\" data-end=\"2506\">modernen Mann<\/strong>, der Wert auf Leistung, Komfort und Eleganz legt \u2013 perfekt f\u00fcr den Alltag oder unterwegs.<\/p>\n<p data-start=\"2600\" data-end=\"2754\">Das <strong data-start=\"2604\" data-end=\"2623\">kompakte Design<\/strong> macht das <strong data-start=\"2634\" data-end=\"2653\">Clarins Men Set<\/strong> zu einer hervorragenden <strong data-start=\"2678\" data-end=\"2694\">Geschenkidee<\/strong> oder zum idealen Einstieg in die Clarins Men Pflegelinie.<\/p>\n<p data-start=\"2756\" data-end=\"2877\">\u2728 <strong data-start=\"2758\" data-end=\"2777\">Clarins Men Set<\/strong> \u2013 Die t\u00e4gliche Pflege f\u00fcr saubere, frische und revitalisierte Haut mit der Expertise von Clarins.<\/p>\n<p data-start=\"1357\" data-end=\"1507\">Follow us! <a href=\"https:\/\/www.instagram.com\/freeshopswiss\/\" target=\"_blank\" rel=\"noopener\">@freeshopswiss<\/a><\/p>\n","protected":false},"excerpt":{"rendered":"<p>Entdecken Sie das <strong data-start=\"1735\" data-end=\"1754\">Clarins Men Set<\/strong>, eine praktische und effektive Pflegeroutine f\u00fcr M\u00e4nner, die ihre Haut und ihren K\u00f6rper einfach und effizient pflegen m\u00f6chten.<\/p>\n","protected":false},"featured_media":36101,"comment_status":"open","ping_status":"closed","template":"","meta":[],"pwb-brand":[311],"product_brand":[],"product_cat":[292,86,546],"product_tag":[465,300,592,953,460],"class_list":{"0":"post-36105","1":"product","2":"type-product","3":"status-publish","4":"has-post-thumbnail","6":"pwb-brand-clarins","7":"product_cat-behandlungen","8":"product_cat-fur-ihn-de","9":"product_cat-gesichtsbehandlung","10":"product_tag-geschenkset-herren","11":"product_tag-gesichtsbehandlungen","12":"product_tag-trattamenti-viso-uomo-de","13":"product_tag-uomo-de","14":"product_tag-parfuem-geschenkset","16":"first","17":"instock","18":"sale","19":"taxable","20":"shipping-taxable","21":"purchasable","22":"product-type-simple"},"brands":[{"id":311,"name":"Clarins","slug":"clarins"}],"_links":{"self":[{"href":"https:\/\/www.freeshopfrontiera.ch\/de\/wp-json\/wp\/v2\/product\/36105","targetHints":{"allow":["GET"]}}],"collection":[{"href":"https:\/\/www.freeshopfrontiera.ch\/de\/wp-json\/wp\/v2\/product"}],"about":[{"href":"https:\/\/www.freeshopfrontiera.ch\/de\/wp-json\/wp\/v2\/types\/product"}],"replies":[{"embeddable":true,"href":"https:\/\/www.freeshopfrontiera.ch\/de\/wp-json\/wp\/v2\/comments?post=36105"}],"version-history":[{"count":1,"href":"https:\/\/www.freeshopfrontiera.ch\/de\/wp-json\/wp\/v2\/product\/36105\/revisions"}],"predecessor-version":[{"id":36107,"href":"https:\/\/www.freeshopfrontiera.ch\/de\/wp-json\/wp\/v2\/product\/36105\/revisions\/36107"}],"wp:featuredmedia":[{"embeddable":true,"href":"https:\/\/www.freeshopfrontiera.ch\/de\/wp-json\/wp\/v2\/media\/36101"}],"wp:attachment":[{"href":"https:\/\/www.freeshopfrontiera.ch\/de\/wp-json\/wp\/v2\/media?parent=36105"}],"wp:term":[{"taxonomy":"pwb-brand","embeddable":true,"href":"https:\/\/www.freeshopfrontiera.ch\/de\/wp-json\/wp\/v2\/pwb-brand?post=36105"},{"taxonomy":"product_brand","embeddable":true,"href":"https:\/\/www.freeshopfrontiera.ch\/de\/wp-json\/wp\/v2\/product_brand?post=36105"},{"taxonomy":"product_cat","embeddable":true,"href":"https:\/\/www.freeshopfrontiera.ch\/de\/wp-json\/wp\/v2\/product_cat?post=36105"},{"taxonomy":"product_tag","embeddable":true,"href":"https:\/\/www.freeshopfrontiera.ch\/de\/wp-json\/wp\/v2\/product_tag?post=36105"}],"curies":[{"name":"wp","href":"https:\/\/api.w.org\/{rel}","templated":true}]}}