{"id":36195,"date":"2025-10-20T14:52:46","date_gmt":"2025-10-20T14:52:46","guid":{"rendered":"https:\/\/www.freeshopfrontiera.ch\/shop\/estee-lauder-set-blockbuster-2025\/"},"modified":"2025-10-20T15:07:34","modified_gmt":"2025-10-20T15:07:34","slug":"estee-lauder-set-blockbuster-2025","status":"publish","type":"product","link":"https:\/\/www.freeshopfrontiera.ch\/de\/shop\/estee-lauder-set-blockbuster-2025\/","title":{"rendered":"ESTEE LAUDER SET Blockbuster 2025"},"content":{"rendered":"<h2 data-start=\"211\" data-end=\"256\"><strong data-start=\"219\" data-end=\"256\">Est\u00e9e Lauder Blockbuster Set 2025<\/strong><\/h2>\n<p data-start=\"258\" data-end=\"433\">Das <strong data-start=\"262\" data-end=\"299\">Est\u00e9e Lauder Blockbuster Set 2025<\/strong> vereint das Beste aus <strong data-start=\"322\" data-end=\"336\">Hautpflege<\/strong> und <strong data-start=\"341\" data-end=\"375\">Make-up in limitierter Edition<\/strong> \u2013 pr\u00e4sentiert in einer eleganten, zeitlosen Beauty-Bag.<\/p>\n<p data-start=\"435\" data-end=\"798\">Im Inneren finden Sie die ikonischsten Pflegeprodukte der Marke: das legend\u00e4re <strong data-start=\"514\" data-end=\"545\">Advanced Night Repair Serum<\/strong>, die <strong data-start=\"551\" data-end=\"603\">Advanced Night Repair Eye Supercharged Gel-Creme<\/strong>, die <strong data-start=\"609\" data-end=\"652\">Revitalizing Supreme+ Youth Power Creme<\/strong> und die <strong data-start=\"661\" data-end=\"705\">Re-Nutriv Intensive Smoothing Hand Creme<\/strong> \u2013 f\u00fcr eine vollst\u00e4ndige, regenerierende und intensiv feuchtigkeitsspendende Pflegeroutine.<\/p>\n<p data-start=\"800\" data-end=\"1110\">Abgerundet wird das Set durch eine luxuri\u00f6se <strong data-start=\"845\" data-end=\"864\">Make-up-Auswahl<\/strong>: eine vielseitige <strong data-start=\"883\" data-end=\"905\">Lidschattenpalette<\/strong>, zwei <strong data-start=\"912\" data-end=\"936\">cremige Lippenstifte<\/strong>, einen <strong data-start=\"944\" data-end=\"969\">strahlenden Lip Gloss<\/strong>, einen <strong data-start=\"977\" data-end=\"1002\">Multi-Use Blush Stick<\/strong> und die beliebte <strong data-start=\"1020\" data-end=\"1049\">Sumptuous Extreme Mascara<\/strong> f\u00fcr dramatisches Volumen und einen ausdrucksstarken Blick.<\/p>\n<p data-start=\"1112\" data-end=\"1457\">Ideal f\u00fcr die <strong data-start=\"1126\" data-end=\"1152\">t\u00e4gliche Pflegeroutine<\/strong> und f\u00fcr <strong data-start=\"1161\" data-end=\"1182\">festliche Anl\u00e4sse<\/strong>, ist dieses exklusive Set das perfekte Geschenk f\u00fcr alle, die zeitlose Sch\u00f6nheit und Eleganz sch\u00e4tzen.<br data-start=\"1285\" data-end=\"1288\" \/>Alle Produkte sind in einer <strong data-start=\"1316\" data-end=\"1353\">stilvollen gepunkteten Beauty-Bag<\/strong> aus hochwertigen Materialien verpackt \u2013 ein wahres Symbol der unverwechselbaren Est\u00e9e Lauder Eleganz.<\/p>\n<p data-start=\"1094\" data-end=\"1470\">Follow us! <a href=\"https:\/\/www.instagram.com\/freeshopswiss\/\" target=\"_blank\" rel=\"noopener\">@freeshopswiss<\/a><\/p>\n","protected":false},"excerpt":{"rendered":"<p>Das <strong data-start=\"262\" data-end=\"299\">Est\u00e9e Lauder Blockbuster Set 2025<\/strong> vereint das Beste aus <strong data-start=\"322\" data-end=\"336\">Hautpflege<\/strong> und <strong data-start=\"341\" data-end=\"375\">Make-up in limitierter Edition<\/strong> \u2013 pr\u00e4sentiert in einer eleganten, zeitlosen Beauty-Bag.<\/p>\n","protected":false},"featured_media":36191,"comment_status":"open","ping_status":"closed","template":"","meta":[],"pwb-brand":[2879],"product_brand":[],"product_cat":[111,485],"product_tag":[470,293,462,473,589,476,460],"class_list":{"0":"post-36195","1":"product","2":"type-product","3":"status-publish","4":"has-post-thumbnail","6":"pwb-brand-estee-lauder","7":"product_cat-fur-sie-de","8":"product_cat-geschenkbox","9":"product_tag-augen-make-up","10":"product_tag-frau","11":"product_tag-geschenkset-fuer-damen","12":"product_tag-gesichts-make-up","13":"product_tag-lippen-make-up-de","14":"product_tag-make-up-de","15":"product_tag-parfuem-geschenkset","17":"first","18":"outofstock","19":"sale","20":"taxable","21":"shipping-taxable","22":"purchasable","23":"product-type-simple"},"brands":[{"id":2879,"name":"Estee Lauder","slug":"estee-lauder"}],"_links":{"self":[{"href":"https:\/\/www.freeshopfrontiera.ch\/de\/wp-json\/wp\/v2\/product\/36195","targetHints":{"allow":["GET"]}}],"collection":[{"href":"https:\/\/www.freeshopfrontiera.ch\/de\/wp-json\/wp\/v2\/product"}],"about":[{"href":"https:\/\/www.freeshopfrontiera.ch\/de\/wp-json\/wp\/v2\/types\/product"}],"replies":[{"embeddable":true,"href":"https:\/\/www.freeshopfrontiera.ch\/de\/wp-json\/wp\/v2\/comments?post=36195"}],"version-history":[{"count":2,"href":"https:\/\/www.freeshopfrontiera.ch\/de\/wp-json\/wp\/v2\/product\/36195\/revisions"}],"predecessor-version":[{"id":36197,"href":"https:\/\/www.freeshopfrontiera.ch\/de\/wp-json\/wp\/v2\/product\/36195\/revisions\/36197"}],"wp:featuredmedia":[{"embeddable":true,"href":"https:\/\/www.freeshopfrontiera.ch\/de\/wp-json\/wp\/v2\/media\/36191"}],"wp:attachment":[{"href":"https:\/\/www.freeshopfrontiera.ch\/de\/wp-json\/wp\/v2\/media?parent=36195"}],"wp:term":[{"taxonomy":"pwb-brand","embeddable":true,"href":"https:\/\/www.freeshopfrontiera.ch\/de\/wp-json\/wp\/v2\/pwb-brand?post=36195"},{"taxonomy":"product_brand","embeddable":true,"href":"https:\/\/www.freeshopfrontiera.ch\/de\/wp-json\/wp\/v2\/product_brand?post=36195"},{"taxonomy":"product_cat","embeddable":true,"href":"https:\/\/www.freeshopfrontiera.ch\/de\/wp-json\/wp\/v2\/product_cat?post=36195"},{"taxonomy":"product_tag","embeddable":true,"href":"https:\/\/www.freeshopfrontiera.ch\/de\/wp-json\/wp\/v2\/product_tag?post=36195"}],"curies":[{"name":"wp","href":"https:\/\/api.w.org\/{rel}","templated":true}]}}