{"id":36230,"date":"2025-10-21T08:26:07","date_gmt":"2025-10-21T08:26:07","guid":{"rendered":"https:\/\/www.freeshopfrontiera.ch\/shop\/givenchy-set-irresistible\/"},"modified":"2025-10-21T08:38:48","modified_gmt":"2025-10-21T08:38:48","slug":"givenchy-set-irresistible","status":"publish","type":"product","link":"https:\/\/www.freeshopfrontiera.ch\/de\/shop\/givenchy-set-irresistible\/","title":{"rendered":"GIVENCHY SET Irresistible"},"content":{"rendered":"<p data-start=\"1556\" data-end=\"1862\">Lassen Sie sich vom magnetischen Charme des <strong data-start=\"1600\" data-end=\"1644\">GIVENCHY Irresistible Eau de Parfum Sets<\/strong> verzaubern \u2013 ein edles Geschenkset, das die Lebensfreude und die Spontaneit\u00e4t der Weiblichkeit feiert. Ein Duft, der dazu einl\u00e4dt, loszulassen, dem eigenen Instinkt zu folgen und mit nat\u00fcrlicher Eleganz zu strahlen.<\/p>\n<p data-start=\"1864\" data-end=\"1882\">Das Set enth\u00e4lt:<\/p>\n<ul data-start=\"1883\" data-end=\"2344\">\n<li data-start=\"1883\" data-end=\"2219\">\n<p data-start=\"1885\" data-end=\"2219\"><strong data-start=\"1885\" data-end=\"1921\">Irresistible Eau de Parfum 50 ml<\/strong> \u2013 Ein strahlender, spritziger Duft, der die <strong data-start=\"1966\" data-end=\"1983\">S\u00fc\u00dfe der Rose<\/strong> mit der <strong data-start=\"1992\" data-end=\"2019\">Frische von hellem Holz<\/strong> und einem fruchtigen Hauch von <strong data-start=\"2051\" data-end=\"2069\">saftiger Birne<\/strong> vereint. Eine perfekte Balance zwischen Lebendigkeit und Sinnlichkeit \u2013 das Sinnbild der authentischen, freien und unwiderstehlich charmanten Frau.<\/p>\n<\/li>\n<li data-start=\"2220\" data-end=\"2344\">\n<p data-start=\"2222\" data-end=\"2344\"><strong data-start=\"2222\" data-end=\"2260\">Irresistible Eau de Parfum 12,5 ml<\/strong> \u2013 Die praktische Reisegr\u00f6\u00dfe, ideal, um den Lieblingsduft jederzeit aufzufrischen.<\/p>\n<\/li>\n<\/ul>\n<p data-start=\"2346\" data-end=\"2666\">Pr\u00e4sentiert in einer eleganten <strong data-start=\"2377\" data-end=\"2389\">Givenchy<\/strong>-Box ist dieses Set eine Hommage an die moderne Weiblichkeit \u2013 spontan, leuchtend und voller Lebensfreude. Die raffinierten Linien des Flakons und seine zarten Ros\u00e9t\u00f6ne spiegeln perfekt die Seele des Duftes wider: ein harmonisches Gleichgewicht zwischen St\u00e4rke und Sanftheit.<\/p>\n<p data-start=\"2668\" data-end=\"2855\">Das <strong data-start=\"2672\" data-end=\"2709\">Givenchy Irresistible Geschenkset<\/strong> ist die ideale <strong data-start=\"2725\" data-end=\"2741\">Geschenkidee<\/strong> oder ein luxuri\u00f6ser Genuss f\u00fcr sich selbst \u2013 f\u00fcr Frauen, die sich mit Charme und Authentizit\u00e4t abheben m\u00f6chten.<\/p>\n<p data-start=\"2857\" data-end=\"2926\">Eine Einladung, ganz Sie selbst zu sein \u2013 einfach <strong data-start=\"2907\" data-end=\"2923\">Irresistible<\/strong>.<\/p>\n<p data-start=\"1464\" data-end=\"1541\">Follow us! <a href=\"https:\/\/www.instagram.com\/freeshopswiss\/\" target=\"_blank\" rel=\"noopener\">@freeshopswiss<\/a><\/p>\n","protected":false},"excerpt":{"rendered":"<p>Lassen Sie sich vom magnetischen Charme des <strong data-start=\"1600\" data-end=\"1644\">GIVENCHY Irresistible Eau de Parfum Sets<\/strong> verzaubern \u2013 ein edles Geschenkset, das die Lebensfreude und die Spontaneit\u00e4t der Weiblichkeit feiert.<\/p>\n","protected":false},"featured_media":36226,"comment_status":"open","ping_status":"closed","template":"","meta":[],"pwb-brand":[2171],"product_brand":[],"product_cat":[84,111,485],"product_tag":[254,293,462,460],"class_list":{"0":"post-36230","1":"product","2":"type-product","3":"status-publish","4":"has-post-thumbnail","6":"pwb-brand-givenchy","7":"product_cat-duefte","8":"product_cat-fur-sie-de","9":"product_cat-geschenkbox","10":"product_tag-eau-de-parfum-de","11":"product_tag-frau","12":"product_tag-geschenkset-fuer-damen","13":"product_tag-parfuem-geschenkset","15":"first","16":"outofstock","17":"sale","18":"taxable","19":"shipping-taxable","20":"purchasable","21":"product-type-simple"},"brands":[{"id":2171,"name":"Givenchy","slug":"givenchy"}],"_links":{"self":[{"href":"https:\/\/www.freeshopfrontiera.ch\/de\/wp-json\/wp\/v2\/product\/36230","targetHints":{"allow":["GET"]}}],"collection":[{"href":"https:\/\/www.freeshopfrontiera.ch\/de\/wp-json\/wp\/v2\/product"}],"about":[{"href":"https:\/\/www.freeshopfrontiera.ch\/de\/wp-json\/wp\/v2\/types\/product"}],"replies":[{"embeddable":true,"href":"https:\/\/www.freeshopfrontiera.ch\/de\/wp-json\/wp\/v2\/comments?post=36230"}],"version-history":[{"count":1,"href":"https:\/\/www.freeshopfrontiera.ch\/de\/wp-json\/wp\/v2\/product\/36230\/revisions"}],"predecessor-version":[{"id":36234,"href":"https:\/\/www.freeshopfrontiera.ch\/de\/wp-json\/wp\/v2\/product\/36230\/revisions\/36234"}],"wp:featuredmedia":[{"embeddable":true,"href":"https:\/\/www.freeshopfrontiera.ch\/de\/wp-json\/wp\/v2\/media\/36226"}],"wp:attachment":[{"href":"https:\/\/www.freeshopfrontiera.ch\/de\/wp-json\/wp\/v2\/media?parent=36230"}],"wp:term":[{"taxonomy":"pwb-brand","embeddable":true,"href":"https:\/\/www.freeshopfrontiera.ch\/de\/wp-json\/wp\/v2\/pwb-brand?post=36230"},{"taxonomy":"product_brand","embeddable":true,"href":"https:\/\/www.freeshopfrontiera.ch\/de\/wp-json\/wp\/v2\/product_brand?post=36230"},{"taxonomy":"product_cat","embeddable":true,"href":"https:\/\/www.freeshopfrontiera.ch\/de\/wp-json\/wp\/v2\/product_cat?post=36230"},{"taxonomy":"product_tag","embeddable":true,"href":"https:\/\/www.freeshopfrontiera.ch\/de\/wp-json\/wp\/v2\/product_tag?post=36230"}],"curies":[{"name":"wp","href":"https:\/\/api.w.org\/{rel}","templated":true}]}}