{"id":36244,"date":"2025-10-21T09:00:35","date_gmt":"2025-10-21T09:00:35","guid":{"rendered":"https:\/\/www.freeshopfrontiera.ch\/shop\/yves-saint-laurent-set-myslf\/"},"modified":"2025-10-21T09:04:50","modified_gmt":"2025-10-21T09:04:50","slug":"yves-saint-laurent-set-myslf","status":"publish","type":"product","link":"https:\/\/www.freeshopfrontiera.ch\/de\/shop\/yves-saint-laurent-set-myslf\/","title":{"rendered":"YVES SAINT LAURENT SET MYSLF"},"content":{"rendered":"<p data-start=\"1526\" data-end=\"1759\">Entdecken Sie die neue Interpretation moderner M\u00e4nnlichkeit mit dem <strong data-start=\"1594\" data-end=\"1636\">YVES SAINT LAURENT MYSLF Le Parfum Set<\/strong>, einer exklusiven Kollektion, die das Wesen eines authentischen, mutigen Mannes verk\u00f6rpert, der sich selbst treu bleibt.<\/p>\n<p data-start=\"1761\" data-end=\"1779\">Das Set enth\u00e4lt:<\/p>\n<ul data-start=\"1780\" data-end=\"2486\">\n<li data-start=\"1780\" data-end=\"2313\">\n<p data-start=\"1782\" data-end=\"2313\"><strong data-start=\"1782\" data-end=\"1807\">MYSLF Le Parfum 60 ml<\/strong> \u2013 Eine intensive und raffinierte Neuinterpretation des Originalduftes. MYSLF Le Parfum zeichnet sich durch die perfekte Balance zwischen <strong data-start=\"1945\" data-end=\"1967\">lebendiger Frische<\/strong> und <strong data-start=\"1972\" data-end=\"1990\">holziger Tiefe<\/strong> aus. <strong data-start=\"1996\" data-end=\"2024\">Bergamotte aus Kalabrien<\/strong> er\u00f6ffnet die Komposition mit Energie und Leuchtkraft, w\u00e4hrend das Herz aus <strong data-start=\"2100\" data-end=\"2128\">tunesischer Orangenbl\u00fcte<\/strong> eine elegante und raffinierte Sinnlichkeit entfaltet. Die Basis, gepr\u00e4gt von <strong data-start=\"2206\" data-end=\"2233\">Amberholz und Patchouli<\/strong>, hinterl\u00e4sst eine warme, langanhaltende und unwiderstehlich moderne Duftspur.<\/p>\n<\/li>\n<li data-start=\"2314\" data-end=\"2486\">\n<p data-start=\"2316\" data-end=\"2486\"><strong data-start=\"2316\" data-end=\"2357\">MYSLF Eau de Parfum Travel Size 10 ml<\/strong> \u2013 Die Reisegr\u00f6\u00dfe, ideal f\u00fcr unterwegs, f\u00fcr dezente Auffrischungen tags\u00fcber oder um die Eleganz von YSL \u00fcberallhin mitzunehmen.<\/p>\n<\/li>\n<\/ul>\n<p data-start=\"2488\" data-end=\"2646\">Verpackt in einer eleganten schwarzen <strong data-start=\"2526\" data-end=\"2548\">Yves Saint Laurent<\/strong>-Box, steht dieses Set f\u00fcr die perfekte Balance aus <strong data-start=\"2600\" data-end=\"2643\">St\u00e4rke, Authentizit\u00e4t und modernem Stil<\/strong>.<\/p>\n<p data-start=\"2648\" data-end=\"2887\">Ein ideales Geschenk f\u00fcr den Mann, der sich seiner selbst bewusst ist und seine Pers\u00f6nlichkeit mit Selbstvertrauen und Nat\u00fcrlichkeit zeigt. Mit <strong data-start=\"2792\" data-end=\"2811\">MYSLF Le Parfum<\/strong> definiert YSL m\u00e4nnliche Eleganz neu: kraftvoll, frei und tief pers\u00f6nlich.<\/p>\n<p data-start=\"1340\" data-end=\"1564\">Follow us! <a href=\"https:\/\/www.instagram.com\/freeshopswiss\/\" target=\"_blank\" rel=\"noopener\">@freeshopswiss<\/a><\/p>\n","protected":false},"excerpt":{"rendered":"<p>Entdecken Sie die neue Interpretation moderner M\u00e4nnlichkeit mit dem <strong data-start=\"1594\" data-end=\"1636\">YVES SAINT LAURENT MYSLF Le Parfum Set<\/strong>, einer exklusiven Kollektion, die das Wesen eines authentischen, mutigen Mannes verk\u00f6rpert, der sich selbst treu bleibt.<\/p>\n","protected":false},"featured_media":36240,"comment_status":"open","ping_status":"closed","template":"","meta":[],"pwb-brand":[268],"product_brand":[],"product_cat":[84,86,485],"product_tag":[465,460],"class_list":{"0":"post-36244","1":"product","2":"type-product","3":"status-publish","4":"has-post-thumbnail","6":"pwb-brand-yves-saint-laurent","7":"product_cat-duefte","8":"product_cat-fur-ihn-de","9":"product_cat-geschenkbox","10":"product_tag-geschenkset-herren","11":"product_tag-parfuem-geschenkset","13":"first","14":"outofstock","15":"sale","16":"taxable","17":"shipping-taxable","18":"purchasable","19":"product-type-simple"},"brands":[{"id":268,"name":"Yves Saint Laurent","slug":"yves-saint-laurent"}],"_links":{"self":[{"href":"https:\/\/www.freeshopfrontiera.ch\/de\/wp-json\/wp\/v2\/product\/36244","targetHints":{"allow":["GET"]}}],"collection":[{"href":"https:\/\/www.freeshopfrontiera.ch\/de\/wp-json\/wp\/v2\/product"}],"about":[{"href":"https:\/\/www.freeshopfrontiera.ch\/de\/wp-json\/wp\/v2\/types\/product"}],"replies":[{"embeddable":true,"href":"https:\/\/www.freeshopfrontiera.ch\/de\/wp-json\/wp\/v2\/comments?post=36244"}],"version-history":[{"count":1,"href":"https:\/\/www.freeshopfrontiera.ch\/de\/wp-json\/wp\/v2\/product\/36244\/revisions"}],"predecessor-version":[{"id":36247,"href":"https:\/\/www.freeshopfrontiera.ch\/de\/wp-json\/wp\/v2\/product\/36244\/revisions\/36247"}],"wp:featuredmedia":[{"embeddable":true,"href":"https:\/\/www.freeshopfrontiera.ch\/de\/wp-json\/wp\/v2\/media\/36240"}],"wp:attachment":[{"href":"https:\/\/www.freeshopfrontiera.ch\/de\/wp-json\/wp\/v2\/media?parent=36244"}],"wp:term":[{"taxonomy":"pwb-brand","embeddable":true,"href":"https:\/\/www.freeshopfrontiera.ch\/de\/wp-json\/wp\/v2\/pwb-brand?post=36244"},{"taxonomy":"product_brand","embeddable":true,"href":"https:\/\/www.freeshopfrontiera.ch\/de\/wp-json\/wp\/v2\/product_brand?post=36244"},{"taxonomy":"product_cat","embeddable":true,"href":"https:\/\/www.freeshopfrontiera.ch\/de\/wp-json\/wp\/v2\/product_cat?post=36244"},{"taxonomy":"product_tag","embeddable":true,"href":"https:\/\/www.freeshopfrontiera.ch\/de\/wp-json\/wp\/v2\/product_tag?post=36244"}],"curies":[{"name":"wp","href":"https:\/\/api.w.org\/{rel}","templated":true}]}}