{"id":36257,"date":"2025-10-21T09:17:16","date_gmt":"2025-10-21T09:17:16","guid":{"rendered":"https:\/\/www.freeshopfrontiera.ch\/shop\/yves-saint-laurent-set-libre\/"},"modified":"2025-10-21T09:20:46","modified_gmt":"2025-10-21T09:20:46","slug":"yves-saint-laurent-set-libre","status":"publish","type":"product","link":"https:\/\/www.freeshopfrontiera.ch\/de\/shop\/yves-saint-laurent-set-libre\/","title":{"rendered":"YVES SAINT LAURENT SET Libre"},"content":{"rendered":"<p data-start=\"1709\" data-end=\"1921\">Feiern Sie Freiheit und zeitgen\u00f6ssische Weiblichkeit mit dem <strong data-start=\"1770\" data-end=\"1816\">YVES SAINT LAURENT Libre Eau de Parfum Set<\/strong>, einer exklusiven Kollektion, die einen ikonischen Duft mit einem Hauch glamour\u00f6sem Make-up verbindet.<\/p>\n<p data-start=\"1923\" data-end=\"1941\">Das Set enth\u00e4lt:<\/p>\n<ul data-start=\"1942\" data-end=\"2674\">\n<li data-start=\"1942\" data-end=\"2272\">\n<p data-start=\"1944\" data-end=\"2272\"><strong data-start=\"1944\" data-end=\"1973\">Libre Eau de Parfum 50 ml<\/strong> \u2013 Ein mutiger und raffinierter Duft, der <strong data-start=\"2015\" data-end=\"2041\">franz\u00f6sischen Lavendel<\/strong> mit <strong data-start=\"2046\" data-end=\"2077\">marokkanischer Orangenbl\u00fcte<\/strong> und sinnlichen Noten von <strong data-start=\"2103\" data-end=\"2126\">Vanille und Moschus<\/strong> kombiniert. Ein Parfum, das St\u00e4rke, Eleganz und Unabh\u00e4ngigkeit verk\u00f6rpert \u2013 perfekt f\u00fcr die moderne Frau, die ihre Freiheit kompromisslos lebt.<\/p>\n<\/li>\n<li data-start=\"2273\" data-end=\"2428\">\n<p data-start=\"2275\" data-end=\"2428\"><strong data-start=\"2275\" data-end=\"2309\">Libre Eau de Parfum Mini 10 ml<\/strong> \u2013 Die Reisegr\u00f6\u00dfe, praktisch und edel, ideal, um den Duft jederzeit aufzufrischen, egal ob unterwegs oder auf Reisen.<\/p>\n<\/li>\n<li data-start=\"2429\" data-end=\"2674\">\n<p data-start=\"2431\" data-end=\"2674\"><strong data-start=\"2431\" data-end=\"2458\">Mini Lash Clash Mascara<\/strong> \u2013 F\u00fcr den perfekten Look die Mini-Version des ber\u00fchmten YSL-Mascaras, die <strong data-start=\"2533\" data-end=\"2553\">extremes Volumen<\/strong>, <strong data-start=\"2555\" data-end=\"2574\">intensive L\u00e4nge<\/strong> und einen magnetischen Blick verleiht \u2013 ideal f\u00fcr besondere Anl\u00e4sse oder t\u00e4gliche Auffrischungen.<\/p>\n<\/li>\n<\/ul>\n<p data-start=\"2676\" data-end=\"2889\">Verpackt in einer eleganten <strong data-start=\"2704\" data-end=\"2726\">Yves Saint Laurent<\/strong>-Box ist dieses Set ein echtes Wunschobjekt, das <strong data-start=\"2775\" data-end=\"2795\">Duft und Make-up<\/strong> f\u00fcr ein komplettes Luxuserlebnis vereint und die Weiblichkeit in all ihren Facetten feiert.<\/p>\n<p data-start=\"2891\" data-end=\"3073\">Perfekt als <strong data-start=\"2903\" data-end=\"2919\">Geschenkidee<\/strong> f\u00fcr alle, die Eleganz, K\u00fchnheit und Freiheit ausdr\u00fccken m\u00f6chten. Das <strong data-start=\"2989\" data-end=\"3002\">Libre Set<\/strong> macht jeden Moment zu einem Ausdruck von Stil und Selbstbewusstsein.<\/p>\n<p data-start=\"3075\" data-end=\"3182\">Ein wertvolles Geschenk f\u00fcr die Frau, die sich mit Charme, Sinnlichkeit und Authentizit\u00e4t abheben m\u00f6chte.<\/p>\n<p data-start=\"1568\" data-end=\"1660\">Follow us! <a href=\"https:\/\/www.instagram.com\/freeshopswiss\/\" target=\"_blank\" rel=\"noopener\">@freeshopswiss<\/a><\/p>\n","protected":false},"excerpt":{"rendered":"<p>Feiern Sie Freiheit und zeitgen\u00f6ssische Weiblichkeit mit dem <strong data-start=\"1770\" data-end=\"1816\">YVES SAINT LAURENT Libre Eau de Parfum Set<\/strong>, einer exklusiven Kollektion, die einen ikonischen Duft mit einem Hauch glamour\u00f6sem Make-up verbindet.<\/p>\n","protected":false},"featured_media":36253,"comment_status":"open","ping_status":"closed","template":"","meta":[],"pwb-brand":[268],"product_brand":[],"product_cat":[84,111,485],"product_tag":[952,293,462,460],"class_list":{"0":"post-36257","1":"product","2":"type-product","3":"status-publish","4":"has-post-thumbnail","6":"pwb-brand-yves-saint-laurent","7":"product_cat-duefte","8":"product_cat-fur-sie-de","9":"product_cat-geschenkbox","10":"product_tag-profumi-de","11":"product_tag-frau","12":"product_tag-geschenkset-fuer-damen","13":"product_tag-parfuem-geschenkset","15":"first","16":"outofstock","17":"sale","18":"taxable","19":"shipping-taxable","20":"purchasable","21":"product-type-simple"},"brands":[{"id":268,"name":"Yves Saint Laurent","slug":"yves-saint-laurent"}],"_links":{"self":[{"href":"https:\/\/www.freeshopfrontiera.ch\/de\/wp-json\/wp\/v2\/product\/36257","targetHints":{"allow":["GET"]}}],"collection":[{"href":"https:\/\/www.freeshopfrontiera.ch\/de\/wp-json\/wp\/v2\/product"}],"about":[{"href":"https:\/\/www.freeshopfrontiera.ch\/de\/wp-json\/wp\/v2\/types\/product"}],"replies":[{"embeddable":true,"href":"https:\/\/www.freeshopfrontiera.ch\/de\/wp-json\/wp\/v2\/comments?post=36257"}],"version-history":[{"count":1,"href":"https:\/\/www.freeshopfrontiera.ch\/de\/wp-json\/wp\/v2\/product\/36257\/revisions"}],"predecessor-version":[{"id":36259,"href":"https:\/\/www.freeshopfrontiera.ch\/de\/wp-json\/wp\/v2\/product\/36257\/revisions\/36259"}],"wp:featuredmedia":[{"embeddable":true,"href":"https:\/\/www.freeshopfrontiera.ch\/de\/wp-json\/wp\/v2\/media\/36253"}],"wp:attachment":[{"href":"https:\/\/www.freeshopfrontiera.ch\/de\/wp-json\/wp\/v2\/media?parent=36257"}],"wp:term":[{"taxonomy":"pwb-brand","embeddable":true,"href":"https:\/\/www.freeshopfrontiera.ch\/de\/wp-json\/wp\/v2\/pwb-brand?post=36257"},{"taxonomy":"product_brand","embeddable":true,"href":"https:\/\/www.freeshopfrontiera.ch\/de\/wp-json\/wp\/v2\/product_brand?post=36257"},{"taxonomy":"product_cat","embeddable":true,"href":"https:\/\/www.freeshopfrontiera.ch\/de\/wp-json\/wp\/v2\/product_cat?post=36257"},{"taxonomy":"product_tag","embeddable":true,"href":"https:\/\/www.freeshopfrontiera.ch\/de\/wp-json\/wp\/v2\/product_tag?post=36257"}],"curies":[{"name":"wp","href":"https:\/\/api.w.org\/{rel}","templated":true}]}}