{"id":36313,"date":"2025-10-24T07:34:47","date_gmt":"2025-10-24T07:34:47","guid":{"rendered":"https:\/\/www.freeshopfrontiera.ch\/shop\/hugo-boss-boss-bottled-unlimited-100ml\/"},"modified":"2026-04-13T14:41:41","modified_gmt":"2026-04-13T14:41:41","slug":"hugo-boss-boss-bottled-unlimited-100ml","status":"publish","type":"product","link":"https:\/\/www.freeshopfrontiera.ch\/de\/shop\/hugo-boss-boss-bottled-unlimited-100ml\/","title":{"rendered":"BOSS Boss Bottled Unlimited 100ml"},"content":{"rendered":"<p data-start=\"3760\" data-end=\"3826\"><strong data-start=\"3760\" data-end=\"3824\">BOSS Boss Bottled Unlimited Eau de Toilette Spray 100ml<\/strong><\/p>\n<p data-start=\"3828\" data-end=\"4137\">Erleben Sie <strong data-start=\"3840\" data-end=\"3882\">Boss Bottled Unlimited Eau de Toilette<\/strong> von <strong data-start=\"3887\" data-end=\"3900\">Hugo Boss<\/strong> \u2013 einen frischen, energiegeladenen Duft, der Freiheit, Selbstvertrauen und den Willen verk\u00f6rpert, alle Grenzen zu \u00fcberwinden. Dieses Eau de Toilette im 100ml Flakon steht f\u00fcr den modernen BOSS-Mann: ehrgeizig, elegant und zielstrebig.<\/p>\n<p data-start=\"4139\" data-end=\"4533\">Der Duft er\u00f6ffnet mit belebenden Noten von <strong data-start=\"4182\" data-end=\"4191\">Minze<\/strong>, <strong data-start=\"4193\" data-end=\"4207\">Grapefruit<\/strong> und <strong data-start=\"4212\" data-end=\"4232\">Veilchenbl\u00e4ttern<\/strong>, die sofortige Frische und Dynamik verleihen. Im Herzen entfalten sich <strong data-start=\"4304\" data-end=\"4322\">saftige Ananas<\/strong> und <strong data-start=\"4327\" data-end=\"4346\">warme Zimtnoten<\/strong>, die dem Duft eine verf\u00fchrerische, maskuline Tiefe geben. Die Basis aus <strong data-start=\"4419\" data-end=\"4433\">Sandelholz<\/strong>, <strong data-start=\"4435\" data-end=\"4453\">wei\u00dfem Moschus<\/strong> und <strong data-start=\"4458\" data-end=\"4470\">Labdanum<\/strong> sorgt f\u00fcr Kraft, Best\u00e4ndigkeit und eine langanhaltende Spur.<\/p>\n<p data-start=\"4535\" data-end=\"4759\"><strong data-start=\"4535\" data-end=\"4561\">Boss Bottled Unlimited<\/strong> ist perfekt f\u00fcr den aktiven, selbstbewussten Mann, der jeden Tag mit Energie und Leidenschaft lebt. Ob im B\u00fcro, beim Sport oder in der Freizeit \u2013 dieser Duft steht f\u00fcr Freiheit und Authentizit\u00e4t.<\/p>\n<p data-start=\"4761\" data-end=\"4905\">Der elegante, wei\u00dfe Flakon mit gr\u00fcnen Akzenten spiegelt Reinheit, Vitalit\u00e4t und Erfolg wider \u2013 ein Symbol f\u00fcr den modernen Stil von Hugo Boss.<\/p>\n<p data-start=\"4907\" data-end=\"5057\">W\u00e4hlen Sie <strong data-start=\"4918\" data-end=\"4976\">Hugo Boss Boss Bottled Unlimited Eau de Toilette 100ml<\/strong> und genie\u00dfen Sie ein Gef\u00fchl unbegrenzter Energie, St\u00e4rke und Selbstsicherheit.<\/p>\n<p data-start=\"1733\" data-end=\"1886\">Follow us! <a href=\"https:\/\/www.instagram.com\/freeshopswiss\/\" target=\"_blank\" rel=\"noopener\">@freeshopswiss<\/a><\/p>\n","protected":false},"excerpt":{"rendered":"<p>Erleben Sie <strong data-start=\"3840\" data-end=\"3882\">Boss Bottled Unlimited Eau de Toilette<\/strong> von <strong data-start=\"3887\" data-end=\"3900\">Hugo Boss<\/strong> \u2013 einen frischen, energiegeladenen Duft, der Freiheit, Selbstvertrauen und den Willen verk\u00f6rpert, alle Grenzen zu \u00fcberwinden.<\/p>\n","protected":false},"featured_media":36307,"comment_status":"open","ping_status":"closed","template":"","meta":[],"pwb-brand":[260],"product_brand":[],"product_cat":[84,86],"product_tag":[952,147,953,1642],"class_list":{"0":"post-36313","1":"product","2":"type-product","3":"status-publish","4":"has-post-thumbnail","6":"pwb-brand-hugo-boss","7":"product_cat-duefte","8":"product_cat-fur-ihn-de","9":"product_tag-profumi-de","10":"product_tag-eau-de-toilette-de","11":"product_tag-uomo-de","12":"product_tag-mens-fragrances-de","14":"first","15":"instock","16":"sale","17":"taxable","18":"shipping-taxable","19":"purchasable","20":"product-type-simple"},"brands":[{"id":260,"name":"Hugo Boss","slug":"hugo-boss"}],"_links":{"self":[{"href":"https:\/\/www.freeshopfrontiera.ch\/de\/wp-json\/wp\/v2\/product\/36313","targetHints":{"allow":["GET"]}}],"collection":[{"href":"https:\/\/www.freeshopfrontiera.ch\/de\/wp-json\/wp\/v2\/product"}],"about":[{"href":"https:\/\/www.freeshopfrontiera.ch\/de\/wp-json\/wp\/v2\/types\/product"}],"replies":[{"embeddable":true,"href":"https:\/\/www.freeshopfrontiera.ch\/de\/wp-json\/wp\/v2\/comments?post=36313"}],"version-history":[{"count":2,"href":"https:\/\/www.freeshopfrontiera.ch\/de\/wp-json\/wp\/v2\/product\/36313\/revisions"}],"predecessor-version":[{"id":42330,"href":"https:\/\/www.freeshopfrontiera.ch\/de\/wp-json\/wp\/v2\/product\/36313\/revisions\/42330"}],"wp:featuredmedia":[{"embeddable":true,"href":"https:\/\/www.freeshopfrontiera.ch\/de\/wp-json\/wp\/v2\/media\/36307"}],"wp:attachment":[{"href":"https:\/\/www.freeshopfrontiera.ch\/de\/wp-json\/wp\/v2\/media?parent=36313"}],"wp:term":[{"taxonomy":"pwb-brand","embeddable":true,"href":"https:\/\/www.freeshopfrontiera.ch\/de\/wp-json\/wp\/v2\/pwb-brand?post=36313"},{"taxonomy":"product_brand","embeddable":true,"href":"https:\/\/www.freeshopfrontiera.ch\/de\/wp-json\/wp\/v2\/product_brand?post=36313"},{"taxonomy":"product_cat","embeddable":true,"href":"https:\/\/www.freeshopfrontiera.ch\/de\/wp-json\/wp\/v2\/product_cat?post=36313"},{"taxonomy":"product_tag","embeddable":true,"href":"https:\/\/www.freeshopfrontiera.ch\/de\/wp-json\/wp\/v2\/product_tag?post=36313"}],"curies":[{"name":"wp","href":"https:\/\/api.w.org\/{rel}","templated":true}]}}