{"id":36326,"date":"2025-10-24T07:49:37","date_gmt":"2025-10-24T07:49:37","guid":{"rendered":"https:\/\/www.freeshopfrontiera.ch\/shop\/abercrombiefitch-fierce-eau-de-cologne-100ml\/"},"modified":"2025-10-24T07:53:08","modified_gmt":"2025-10-24T07:53:08","slug":"abercrombiefitch-fierce-eau-de-cologne-100ml","status":"publish","type":"product","link":"https:\/\/www.freeshopfrontiera.ch\/de\/shop\/abercrombiefitch-fierce-eau-de-cologne-100ml\/","title":{"rendered":"ABERCROMBIE&#038;FITCH Fierce Eau de Cologne 100ml"},"content":{"rendered":"<p data-start=\"3687\" data-end=\"3740\"><strong data-start=\"3687\" data-end=\"3738\">Abercrombie &amp; Fitch Fierce Eau de Cologne 100ml<\/strong><\/p>\n<p data-start=\"3742\" data-end=\"4013\">Entdecken Sie <strong data-start=\"3756\" data-end=\"3781\">Fierce Eau de Cologne<\/strong> von <strong data-start=\"3786\" data-end=\"3809\">Abercrombie &amp; Fitch<\/strong>, den legend\u00e4ren Herrenduft, der St\u00e4rke, Selbstvertrauen und unwiderstehlichen Charme verk\u00f6rpert. Diese 100ml Edition ist ein Symbol moderner M\u00e4nnlichkeit und geh\u00f6rt zu den ikonischsten D\u00fcften der Welt.<\/p>\n<p data-start=\"4015\" data-end=\"4346\">Der Duft er\u00f6ffnet mit <strong data-start=\"4037\" data-end=\"4092\">frischen Noten von Zitrone, Kardamom und Petitgrain<\/strong>, die f\u00fcr Energie und Vitalit\u00e4t sorgen. Im Herzen entfalten sich <strong data-start=\"4157\" data-end=\"4185\">Moschus, Jasmin und Rose<\/strong>, die dem Duft eine sinnliche Eleganz verleihen. In der Basis sorgen <strong data-start=\"4254\" data-end=\"4296\">Zedernholz, Vetiver und wei\u00dfer Moschus<\/strong> f\u00fcr Tiefe, W\u00e4rme und langanhaltende Intensit\u00e4t.<\/p>\n<p data-start=\"4348\" data-end=\"4625\"><strong data-start=\"4348\" data-end=\"4358\">Fierce<\/strong> ist mehr als ein Duft \u2013 es ist eine Lebenseinstellung. F\u00fcr den selbstbewussten, spontanen und charismatischen Mann, der mit Stil und Entschlossenheit auftritt. Ideal f\u00fcr den Alltag, das B\u00fcro oder den Abend \u2013 dieser Duft hinterl\u00e4sst immer einen bleibenden Eindruck.<\/p>\n<p data-start=\"4627\" data-end=\"4803\">Der schlichte, maskuline Flakon mit dem ikonischen, muskul\u00f6sen Torso steht f\u00fcr Kraft, Reinheit und Selbstsicherheit \u2013 ein unverkennbares Symbol der Marke Abercrombie &amp; Fitch.<\/p>\n<p data-start=\"4805\" data-end=\"5005\">W\u00e4hlen Sie <strong data-start=\"4816\" data-end=\"4867\">Abercrombie &amp; Fitch Fierce Eau de Cologne 100ml<\/strong> und erleben Sie eine Explosion aus Frische, Intensit\u00e4t und Sinnlichkeit. Ein moderner Klassiker f\u00fcr M\u00e4nner, die es lieben, aufzufallen.<\/p>\n<p data-start=\"1655\" data-end=\"1899\">Follow us! <a href=\"https:\/\/www.instagram.com\/freeshopswiss\/\" target=\"_blank\" rel=\"noopener\">@freeshopswiss<\/a><\/p>\n","protected":false},"excerpt":{"rendered":"<p>Entdecken Sie <strong data-start=\"3756\" data-end=\"3781\">Fierce Eau de Cologne<\/strong> von <strong data-start=\"3786\" data-end=\"3809\">Abercrombie &amp; Fitch<\/strong>, den legend\u00e4ren Herrenduft, der St\u00e4rke, Selbstvertrauen und unwiderstehlichen Charme verk\u00f6rpert.<\/p>\n","protected":false},"featured_media":36322,"comment_status":"open","ping_status":"closed","template":"","meta":[],"pwb-brand":[288],"product_brand":[],"product_cat":[84,86],"product_tag":[952,720,4368,953,1642],"class_list":{"0":"post-36326","1":"product","2":"type-product","3":"status-publish","4":"has-post-thumbnail","6":"pwb-brand-abercrombiefitch","7":"product_cat-duefte","8":"product_cat-fur-ihn-de","9":"product_tag-profumi-de","10":"product_tag-eau-de-cologne-de","11":"product_tag-fruehlingsspecial","12":"product_tag-uomo-de","13":"product_tag-mens-fragrances-de","15":"first","16":"instock","17":"sale","18":"taxable","19":"shipping-taxable","20":"purchasable","21":"product-type-simple"},"brands":[{"id":288,"name":"Abercrombie&amp;Fitch","slug":"abercrombiefitch"}],"_links":{"self":[{"href":"https:\/\/www.freeshopfrontiera.ch\/de\/wp-json\/wp\/v2\/product\/36326","targetHints":{"allow":["GET"]}}],"collection":[{"href":"https:\/\/www.freeshopfrontiera.ch\/de\/wp-json\/wp\/v2\/product"}],"about":[{"href":"https:\/\/www.freeshopfrontiera.ch\/de\/wp-json\/wp\/v2\/types\/product"}],"replies":[{"embeddable":true,"href":"https:\/\/www.freeshopfrontiera.ch\/de\/wp-json\/wp\/v2\/comments?post=36326"}],"version-history":[{"count":1,"href":"https:\/\/www.freeshopfrontiera.ch\/de\/wp-json\/wp\/v2\/product\/36326\/revisions"}],"predecessor-version":[{"id":36329,"href":"https:\/\/www.freeshopfrontiera.ch\/de\/wp-json\/wp\/v2\/product\/36326\/revisions\/36329"}],"wp:featuredmedia":[{"embeddable":true,"href":"https:\/\/www.freeshopfrontiera.ch\/de\/wp-json\/wp\/v2\/media\/36322"}],"wp:attachment":[{"href":"https:\/\/www.freeshopfrontiera.ch\/de\/wp-json\/wp\/v2\/media?parent=36326"}],"wp:term":[{"taxonomy":"pwb-brand","embeddable":true,"href":"https:\/\/www.freeshopfrontiera.ch\/de\/wp-json\/wp\/v2\/pwb-brand?post=36326"},{"taxonomy":"product_brand","embeddable":true,"href":"https:\/\/www.freeshopfrontiera.ch\/de\/wp-json\/wp\/v2\/product_brand?post=36326"},{"taxonomy":"product_cat","embeddable":true,"href":"https:\/\/www.freeshopfrontiera.ch\/de\/wp-json\/wp\/v2\/product_cat?post=36326"},{"taxonomy":"product_tag","embeddable":true,"href":"https:\/\/www.freeshopfrontiera.ch\/de\/wp-json\/wp\/v2\/product_tag?post=36326"}],"curies":[{"name":"wp","href":"https:\/\/api.w.org\/{rel}","templated":true}]}}