{"id":36343,"date":"2025-10-27T08:22:25","date_gmt":"2025-10-27T08:22:25","guid":{"rendered":"https:\/\/www.freeshopfrontiera.ch\/shop\/givenchy-set-gentleman-reserve-prive\/"},"modified":"2025-10-27T08:25:04","modified_gmt":"2025-10-27T08:25:04","slug":"givenchy-set-gentleman-reserve-prive","status":"publish","type":"product","link":"https:\/\/www.freeshopfrontiera.ch\/de\/shop\/givenchy-set-gentleman-reserve-prive\/","title":{"rendered":"GIVENCHY SET Gentleman Reserve Prive&#8216;"},"content":{"rendered":"<p data-start=\"1933\" data-end=\"2018\"><strong data-start=\"1933\" data-end=\"2016\">GIVENCHY Gentleman R\u00e9serve Priv\u00e9e Eau de Parfum Set (100ml + 12,5ml + Duschgel)<\/strong><\/p>\n<p data-start=\"2020\" data-end=\"2323\">Entdecken Sie zeitlose Eleganz und magnetische Anziehungskraft mit <strong data-start=\"2087\" data-end=\"2138\">Givenchy Gentleman R\u00e9serve Priv\u00e9e Eau de Parfum<\/strong>. Dieses exklusive <strong data-start=\"2157\" data-end=\"2172\">Geschenkset<\/strong> verk\u00f6rpert den raffinierten und sinnlichen Stil des modernen Mannes \u2013 ideal f\u00fcr alle, die sich mit einem intensiven, eleganten Duft abheben m\u00f6chten.<\/p>\n<p data-start=\"2325\" data-end=\"2343\">Das Set enth\u00e4lt:<\/p>\n<ul data-start=\"2344\" data-end=\"2525\">\n<li data-start=\"2344\" data-end=\"2372\">\n<p data-start=\"2346\" data-end=\"2372\"><strong data-start=\"2346\" data-end=\"2370\">Eau de Parfum 100 ml<\/strong><\/p>\n<\/li>\n<li data-start=\"2373\" data-end=\"2431\">\n<p data-start=\"2375\" data-end=\"2431\"><strong data-start=\"2375\" data-end=\"2405\">Mini Eau de Parfum 12,5 ml<\/strong> \u2013 perfekt f\u00fcr unterwegs<\/p>\n<\/li>\n<li data-start=\"2432\" data-end=\"2525\">\n<p data-start=\"2434\" data-end=\"2525\"><strong data-start=\"2434\" data-end=\"2459\">Parf\u00fcmiertes Duschgel<\/strong> \u2013 f\u00fcr ein vollst\u00e4ndiges Pflegeritual voller Frische und Eleganz<\/p>\n<\/li>\n<\/ul>\n<p data-start=\"2527\" data-end=\"3013\"><strong data-start=\"2527\" data-end=\"2555\">Gentleman R\u00e9serve Priv\u00e9e<\/strong> ist eine edle Neuinterpretation des klassischen Herrendufts von Givenchy. Die Kombination aus <strong data-start=\"2650\" data-end=\"2681\">schottischem Whisky-Absolue<\/strong> und <strong data-start=\"2686\" data-end=\"2711\">amberhaltigen H\u00f6lzern<\/strong> schafft ein harmonisches Gleichgewicht zwischen Kraft und Sinnlichkeit. <strong data-start=\"2784\" data-end=\"2797\">Kopfnoten<\/strong> aus <strong data-start=\"2802\" data-end=\"2823\">Iris und Kastanie<\/strong> er\u00f6ffnen den Duft, w\u00e4hrend <strong data-start=\"2851\" data-end=\"2871\">Whisky im Herzen<\/strong> ihm Tiefe und W\u00e4rme verleiht. <strong data-start=\"2902\" data-end=\"2916\">Basisnoten<\/strong> aus <strong data-start=\"2921\" data-end=\"2946\">Amberholz und Vanille<\/strong> hinterlassen eine elegante, maskuline und unwiderstehliche Spur.<\/p>\n<p data-start=\"3015\" data-end=\"3119\">Das <strong data-start=\"3019\" data-end=\"3031\">Duschgel<\/strong> rundet das Dufterlebnis ab, reinigt sanft und hinterl\u00e4sst die Haut dezent parf\u00fcmiert.<\/p>\n<p data-start=\"3121\" data-end=\"3421\">Pr\u00e4sentiert in einer eleganten Box, ist dieses <strong data-start=\"3168\" data-end=\"3209\">Givenchy Gentleman R\u00e9serve Priv\u00e9e Set<\/strong> das perfekte <strong data-start=\"3223\" data-end=\"3264\">Geschenk f\u00fcr den anspruchsvollen Mann<\/strong> oder ein luxuri\u00f6ser Genussmoment f\u00fcr sich selbst. Es verk\u00f6rpert den Geist des Givenchy-Mannes: <strong data-start=\"3360\" data-end=\"3418\">authentisch, charismatisch und nat\u00fcrlich verf\u00fchrerisch<\/strong>.<\/p>\n<p data-start=\"1663\" data-end=\"1770\">Follow us! <a href=\"https:\/\/www.instagram.com\/freeshopswiss\/\" target=\"_blank\" rel=\"noopener\">@freeshopswiss<\/a><\/p>\n","protected":false},"excerpt":{"rendered":"<p>Entdecken Sie zeitlose Eleganz und magnetische Anziehungskraft mit <strong data-start=\"2087\" data-end=\"2138\">Givenchy Gentleman R\u00e9serve Priv\u00e9e Eau de Parfum<\/strong>.<\/p>\n","protected":false},"featured_media":36339,"comment_status":"open","ping_status":"closed","template":"","meta":[],"pwb-brand":[2171],"product_brand":[],"product_cat":[84,86,485],"product_tag":[952,254,465,953,460],"class_list":{"0":"post-36343","1":"product","2":"type-product","3":"status-publish","4":"has-post-thumbnail","6":"pwb-brand-givenchy","7":"product_cat-duefte","8":"product_cat-fur-ihn-de","9":"product_cat-geschenkbox","10":"product_tag-profumi-de","11":"product_tag-eau-de-parfum-de","12":"product_tag-geschenkset-herren","13":"product_tag-uomo-de","14":"product_tag-parfuem-geschenkset","16":"first","17":"outofstock","18":"sale","19":"taxable","20":"shipping-taxable","21":"purchasable","22":"product-type-simple"},"brands":[{"id":2171,"name":"Givenchy","slug":"givenchy"}],"_links":{"self":[{"href":"https:\/\/www.freeshopfrontiera.ch\/de\/wp-json\/wp\/v2\/product\/36343","targetHints":{"allow":["GET"]}}],"collection":[{"href":"https:\/\/www.freeshopfrontiera.ch\/de\/wp-json\/wp\/v2\/product"}],"about":[{"href":"https:\/\/www.freeshopfrontiera.ch\/de\/wp-json\/wp\/v2\/types\/product"}],"replies":[{"embeddable":true,"href":"https:\/\/www.freeshopfrontiera.ch\/de\/wp-json\/wp\/v2\/comments?post=36343"}],"version-history":[{"count":1,"href":"https:\/\/www.freeshopfrontiera.ch\/de\/wp-json\/wp\/v2\/product\/36343\/revisions"}],"predecessor-version":[{"id":36345,"href":"https:\/\/www.freeshopfrontiera.ch\/de\/wp-json\/wp\/v2\/product\/36343\/revisions\/36345"}],"wp:featuredmedia":[{"embeddable":true,"href":"https:\/\/www.freeshopfrontiera.ch\/de\/wp-json\/wp\/v2\/media\/36339"}],"wp:attachment":[{"href":"https:\/\/www.freeshopfrontiera.ch\/de\/wp-json\/wp\/v2\/media?parent=36343"}],"wp:term":[{"taxonomy":"pwb-brand","embeddable":true,"href":"https:\/\/www.freeshopfrontiera.ch\/de\/wp-json\/wp\/v2\/pwb-brand?post=36343"},{"taxonomy":"product_brand","embeddable":true,"href":"https:\/\/www.freeshopfrontiera.ch\/de\/wp-json\/wp\/v2\/product_brand?post=36343"},{"taxonomy":"product_cat","embeddable":true,"href":"https:\/\/www.freeshopfrontiera.ch\/de\/wp-json\/wp\/v2\/product_cat?post=36343"},{"taxonomy":"product_tag","embeddable":true,"href":"https:\/\/www.freeshopfrontiera.ch\/de\/wp-json\/wp\/v2\/product_tag?post=36343"}],"curies":[{"name":"wp","href":"https:\/\/api.w.org\/{rel}","templated":true}]}}