{"id":36367,"date":"2025-10-27T08:45:42","date_gmt":"2025-10-27T08:45:42","guid":{"rendered":"https:\/\/www.freeshopfrontiera.ch\/shop\/givenchy-set-linterdit-rouge\/"},"modified":"2025-10-27T08:48:52","modified_gmt":"2025-10-27T08:48:52","slug":"givenchy-set-linterdit-rouge","status":"publish","type":"product","link":"https:\/\/www.freeshopfrontiera.ch\/de\/shop\/givenchy-set-linterdit-rouge\/","title":{"rendered":"GIVENCHY SET L&#8217;interdit Rouge"},"content":{"rendered":"<p data-start=\"3183\" data-end=\"3248\"><strong data-start=\"3183\" data-end=\"3246\">GIVENCHY L\u2019Interdit Rouge Eau de Parfum Set (50ml + 12,5ml)<\/strong><\/p>\n<p data-start=\"3250\" data-end=\"3418\">Erleben Sie die leidenschaftliche Seite von <strong data-start=\"3294\" data-end=\"3306\">GIVENCHY<\/strong> mit dem <strong data-start=\"3315\" data-end=\"3361\">L\u2019Interdit Rouge Eau de Parfum Geschenkset<\/strong> \u2013 ein Duft, der Mut, Sinnlichkeit und Eleganz vereint.<\/p>\n<p data-start=\"3420\" data-end=\"3438\">Das Set enth\u00e4lt:<\/p>\n<ul data-start=\"3439\" data-end=\"3546\">\n<li data-start=\"3439\" data-end=\"3466\">\n<p data-start=\"3441\" data-end=\"3466\"><strong data-start=\"3441\" data-end=\"3464\">Eau de Parfum 50 ml<\/strong><\/p>\n<\/li>\n<li data-start=\"3467\" data-end=\"3546\">\n<p data-start=\"3469\" data-end=\"3546\"><strong data-start=\"3469\" data-end=\"3499\">Mini Eau de Parfum 12,5 ml<\/strong> \u2013 perfekt f\u00fcr die Handtasche oder auf Reisen<\/p>\n<\/li>\n<\/ul>\n<p data-start=\"3548\" data-end=\"3769\"><strong data-start=\"3548\" data-end=\"3568\">L\u2019Interdit Rouge<\/strong> ist eine intensive, verf\u00fchrerische Neuinterpretation des ikonischen Klassikers. Blumige Noten verschmelzen mit warmen, w\u00fcrzigen und holzigen Akkorden zu einer faszinierenden, sinnlichen Komposition.<\/p>\n<p data-start=\"3771\" data-end=\"4006\"><strong data-start=\"3771\" data-end=\"3784\">Kopfnoten<\/strong> aus <strong data-start=\"3789\" data-end=\"3816\">Orangenbl\u00fcte und Jasmin<\/strong> leiten \u00fcber zu einem <strong data-start=\"3838\" data-end=\"3859\">Herz aus Tuberose<\/strong>, w\u00e4hrend <strong data-start=\"3869\" data-end=\"3894\">Vetiver und Patchouli<\/strong> der Basis Tiefe und Charakter verleihen. Das Ergebnis ist eine warme, elegante und unwiderstehliche Duftspur.<\/p>\n<p data-start=\"4008\" data-end=\"4117\">Die <strong data-start=\"4012\" data-end=\"4028\">Mini-Version<\/strong> bietet den perfekten Begleiter f\u00fcr unterwegs, damit Ihr Duft Sie \u00fcberallhin begleitet.<\/p>\n<p data-start=\"4119\" data-end=\"4345\">Pr\u00e4sentiert in einer eleganten roten Box \u2013 Symbol f\u00fcr Leidenschaft und Weiblichkeit \u2013 ist das <strong data-start=\"4213\" data-end=\"4246\">GIVENCHY L\u2019Interdit Rouge Set<\/strong> das ideale <strong data-start=\"4258\" data-end=\"4296\">Geschenk f\u00fcr selbstbewusste Frauen<\/strong> oder ein luxuri\u00f6ses Vergn\u00fcgen f\u00fcr sich selbst.<\/p>\n<h3 data-start=\"300\" data-end=\"402\"><strong style=\"font-size: 16px;\" data-start=\"1498\" data-end=\"1531\"> L\u2019Interdit Rouge Set<\/strong><span style=\"font-size: 16px;\"> \u00e8 la scelta ideale per un <\/span><strong style=\"font-size: 16px;\" data-start=\"1558\" data-end=\"1590\">regalo raffinato e seducente<\/strong><span style=\"font-size: 16px;\">, oppure per concedersi un gesto di pura eleganza personale.<\/span><\/h3>\n<p data-start=\"1420\" data-end=\"1652\">ollow us! <a href=\"https:\/\/www.instagram.com\/freeshopswiss\/\" target=\"_blank\" rel=\"noopener\">@freeshopswiss<\/a><\/p>\n","protected":false},"excerpt":{"rendered":"<p>Erleben Sie die leidenschaftliche Seite von <strong data-start=\"3294\" data-end=\"3306\">GIVENCHY<\/strong> mit dem <strong data-start=\"3315\" data-end=\"3361\">L\u2019Interdit Rouge Eau de Parfum Geschenkset<\/strong> \u2013 ein Duft, der Mut, Sinnlichkeit und Eleganz vereint.<\/p>\n","protected":false},"featured_media":36363,"comment_status":"open","ping_status":"closed","template":"","meta":[],"pwb-brand":[2171],"product_brand":[],"product_cat":[111,485],"product_tag":[952,254,293,462,460],"class_list":{"0":"post-36367","1":"product","2":"type-product","3":"status-publish","4":"has-post-thumbnail","6":"pwb-brand-givenchy","7":"product_cat-fur-sie-de","8":"product_cat-geschenkbox","9":"product_tag-profumi-de","10":"product_tag-eau-de-parfum-de","11":"product_tag-frau","12":"product_tag-geschenkset-fuer-damen","13":"product_tag-parfuem-geschenkset","15":"first","16":"outofstock","17":"sale","18":"taxable","19":"shipping-taxable","20":"purchasable","21":"product-type-simple"},"brands":[{"id":2171,"name":"Givenchy","slug":"givenchy"}],"_links":{"self":[{"href":"https:\/\/www.freeshopfrontiera.ch\/de\/wp-json\/wp\/v2\/product\/36367","targetHints":{"allow":["GET"]}}],"collection":[{"href":"https:\/\/www.freeshopfrontiera.ch\/de\/wp-json\/wp\/v2\/product"}],"about":[{"href":"https:\/\/www.freeshopfrontiera.ch\/de\/wp-json\/wp\/v2\/types\/product"}],"replies":[{"embeddable":true,"href":"https:\/\/www.freeshopfrontiera.ch\/de\/wp-json\/wp\/v2\/comments?post=36367"}],"version-history":[{"count":1,"href":"https:\/\/www.freeshopfrontiera.ch\/de\/wp-json\/wp\/v2\/product\/36367\/revisions"}],"predecessor-version":[{"id":36369,"href":"https:\/\/www.freeshopfrontiera.ch\/de\/wp-json\/wp\/v2\/product\/36367\/revisions\/36369"}],"wp:featuredmedia":[{"embeddable":true,"href":"https:\/\/www.freeshopfrontiera.ch\/de\/wp-json\/wp\/v2\/media\/36363"}],"wp:attachment":[{"href":"https:\/\/www.freeshopfrontiera.ch\/de\/wp-json\/wp\/v2\/media?parent=36367"}],"wp:term":[{"taxonomy":"pwb-brand","embeddable":true,"href":"https:\/\/www.freeshopfrontiera.ch\/de\/wp-json\/wp\/v2\/pwb-brand?post=36367"},{"taxonomy":"product_brand","embeddable":true,"href":"https:\/\/www.freeshopfrontiera.ch\/de\/wp-json\/wp\/v2\/product_brand?post=36367"},{"taxonomy":"product_cat","embeddable":true,"href":"https:\/\/www.freeshopfrontiera.ch\/de\/wp-json\/wp\/v2\/product_cat?post=36367"},{"taxonomy":"product_tag","embeddable":true,"href":"https:\/\/www.freeshopfrontiera.ch\/de\/wp-json\/wp\/v2\/product_tag?post=36367"}],"curies":[{"name":"wp","href":"https:\/\/api.w.org\/{rel}","templated":true}]}}