{"id":36395,"date":"2025-10-27T09:27:43","date_gmt":"2025-10-27T09:27:43","guid":{"rendered":"https:\/\/www.freeshopfrontiera.ch\/shop\/lattafa-ajayed-dubai-100ml\/"},"modified":"2025-10-27T09:34:02","modified_gmt":"2025-10-27T09:34:02","slug":"lattafa-ajayed-dubai-100ml","status":"publish","type":"product","link":"https:\/\/www.freeshopfrontiera.ch\/de\/shop\/lattafa-ajayed-dubai-100ml\/","title":{"rendered":"LATTAFA Ajayed Dubai 100ml"},"content":{"rendered":"<h3 data-start=\"1623\" data-end=\"1702\"><strong data-start=\"1632\" data-end=\"1702\">Lattafa Ajayeb Dubai Eau de Parfum (100ml)<\/strong><\/h3>\n<p data-start=\"1704\" data-end=\"1899\">Erleben Sie ein einzigartiges Dufterlebnis mit <strong data-start=\"1751\" data-end=\"1789\">Lattafa Ajayeb Dubai Eau de Parfum<\/strong>, einem Unisex-Duft, der 2023 lanciert wurde und K\u00fchnheit, Raffinesse und einen Hauch von Geheimnis vereint.<\/p>\n<p data-start=\"1901\" data-end=\"2291\">Die <strong data-start=\"1905\" data-end=\"1918\">Kopfnoten<\/strong> er\u00f6ffnen mit einer faszinierenden Mischung aus <strong data-start=\"1966\" data-end=\"1987\">Safran und Ananas<\/strong>, die einen lebendigen, spritzigen Auftakt schafft. Im <strong data-start=\"2042\" data-end=\"2050\">Herz<\/strong> entfalten sich tiefere Noten von <strong data-start=\"2084\" data-end=\"2115\">Kaffee und Veilchenbl\u00e4ttern<\/strong>, die eine gourmande, verf\u00fchrerische W\u00e4rme ausstrahlen. Die <strong data-start=\"2175\" data-end=\"2189\">Basisnoten<\/strong> aus <strong data-start=\"2194\" data-end=\"2228\">Toffee, Vanille und Sandelholz<\/strong> hinterlassen eine warme, umh\u00fcllende und leicht holzige Spur.<\/p>\n<p data-start=\"2293\" data-end=\"2596\">Diese Duftkomposition ist ideal f\u00fcr alle, die einen <strong data-start=\"2345\" data-end=\"2383\">intensiven, aber vielseitigen Duft<\/strong> suchen \u2013 perfekt f\u00fcr den Alltag ebenso wie f\u00fcr besondere Anl\u00e4sse. Der w\u00fcrzig-fruchtige Auftakt verschmilzt harmonisch mit der cremigen S\u00fc\u00dfe von Toffee und Vanille, w\u00e4hrend Sandelholz Tiefe und Eleganz verleiht.<\/p>\n<p data-start=\"1357\" data-end=\"1494\">Follow us! <a href=\"https:\/\/www.instagram.com\/freeshopswiss\/\" target=\"_blank\" rel=\"noopener\">@freeshopswiss<\/a><\/p>\n","protected":false},"excerpt":{"rendered":"<p>Erleben Sie ein einzigartiges Dufterlebnis mit <strong data-start=\"1751\" data-end=\"1789\">Lattafa Ajayeb Dubai Eau de Parfum<\/strong>, einem Unisex-Duft, der 2023 lanciert wurde und K\u00fchnheit, Raffinesse und einen Hauch von Geheimnis vereint.<\/p>\n","protected":false},"featured_media":36391,"comment_status":"open","ping_status":"closed","template":"","meta":[],"pwb-brand":[772],"product_brand":[],"product_cat":[86,111,4196,485],"product_tag":[790,254,293,953,1642,595],"class_list":{"0":"post-36395","1":"product","2":"type-product","3":"status-publish","4":"has-post-thumbnail","6":"pwb-brand-lattafa","7":"product_cat-fur-ihn-de","8":"product_cat-fur-sie-de","9":"product_cat-dufte-aktion","10":"product_cat-geschenkbox","11":"product_tag-womens-fragrances-de","12":"product_tag-eau-de-parfum-de","13":"product_tag-frau","14":"product_tag-uomo-de","15":"product_tag-mens-fragrances-de","16":"product_tag-unisex-de-2","18":"first","19":"instock","20":"sale","21":"taxable","22":"shipping-taxable","23":"purchasable","24":"product-type-simple"},"brands":[{"id":772,"name":"Lattafa","slug":"lattafa"}],"_links":{"self":[{"href":"https:\/\/www.freeshopfrontiera.ch\/de\/wp-json\/wp\/v2\/product\/36395","targetHints":{"allow":["GET"]}}],"collection":[{"href":"https:\/\/www.freeshopfrontiera.ch\/de\/wp-json\/wp\/v2\/product"}],"about":[{"href":"https:\/\/www.freeshopfrontiera.ch\/de\/wp-json\/wp\/v2\/types\/product"}],"replies":[{"embeddable":true,"href":"https:\/\/www.freeshopfrontiera.ch\/de\/wp-json\/wp\/v2\/comments?post=36395"}],"version-history":[{"count":2,"href":"https:\/\/www.freeshopfrontiera.ch\/de\/wp-json\/wp\/v2\/product\/36395\/revisions"}],"predecessor-version":[{"id":36401,"href":"https:\/\/www.freeshopfrontiera.ch\/de\/wp-json\/wp\/v2\/product\/36395\/revisions\/36401"}],"wp:featuredmedia":[{"embeddable":true,"href":"https:\/\/www.freeshopfrontiera.ch\/de\/wp-json\/wp\/v2\/media\/36391"}],"wp:attachment":[{"href":"https:\/\/www.freeshopfrontiera.ch\/de\/wp-json\/wp\/v2\/media?parent=36395"}],"wp:term":[{"taxonomy":"pwb-brand","embeddable":true,"href":"https:\/\/www.freeshopfrontiera.ch\/de\/wp-json\/wp\/v2\/pwb-brand?post=36395"},{"taxonomy":"product_brand","embeddable":true,"href":"https:\/\/www.freeshopfrontiera.ch\/de\/wp-json\/wp\/v2\/product_brand?post=36395"},{"taxonomy":"product_cat","embeddable":true,"href":"https:\/\/www.freeshopfrontiera.ch\/de\/wp-json\/wp\/v2\/product_cat?post=36395"},{"taxonomy":"product_tag","embeddable":true,"href":"https:\/\/www.freeshopfrontiera.ch\/de\/wp-json\/wp\/v2\/product_tag?post=36395"}],"curies":[{"name":"wp","href":"https:\/\/api.w.org\/{rel}","templated":true}]}}