{"id":36463,"date":"2025-10-27T12:56:03","date_gmt":"2025-10-27T12:56:03","guid":{"rendered":"https:\/\/www.freeshopfrontiera.ch\/shop\/jp-gaultier-set-scandal\/"},"modified":"2026-03-30T08:07:38","modified_gmt":"2026-03-30T08:07:38","slug":"jp-gaultier-set-scandal","status":"publish","type":"product","link":"https:\/\/www.freeshopfrontiera.ch\/de\/shop\/jp-gaultier-set-scandal\/","title":{"rendered":"JEAN PAUL GAULTIER SET Scandal"},"content":{"rendered":"<h3 data-start=\"1073\" data-end=\"1169\"><strong data-start=\"1082\" data-end=\"1169\">JEAN PAUL GAULTIER Scandal Set (50ml EDP + 75ml Bodylotion)<\/strong><\/h3>\n<p data-start=\"1171\" data-end=\"1297\">Das <strong data-start=\"1175\" data-end=\"1217\">JEAN PAUL GAULTIER Scandal Geschenkset<\/strong> ist f\u00fcr die mutige, sinnliche und selbstbewusste Frau gedacht. Das Set enth\u00e4lt:<\/p>\n<ul data-start=\"1299\" data-end=\"1824\">\n<li data-start=\"1299\" data-end=\"1657\">\n<p data-start=\"1301\" data-end=\"1657\"><strong data-start=\"1301\" data-end=\"1323\">Eau de Parfum 50ml<\/strong>: ein ikonischer und verf\u00fchrerischer Duft, der s\u00fc\u00dfe und blumige Noten mit einem faszinierenden Twist kombiniert. Kopfnoten aus Mandarine und Honig er\u00f6ffnen den Duft frisch und warm, das blumige Herz verbindet Gardenie und Bitterorange, w\u00e4hrend die Basis aus Patchouli und Karamell eine langanhaltende, umh\u00fcllende Duftspur hinterl\u00e4sst.<\/p>\n<\/li>\n<li data-start=\"1659\" data-end=\"1824\">\n<p data-start=\"1661\" data-end=\"1824\"><strong data-start=\"1661\" data-end=\"1680\">Bodylotion 75ml<\/strong>: eine seidige, feuchtigkeitsspendende K\u00f6rpercreme, die die Haut pflegt und den Duft verst\u00e4rkt, sodass sie weich und angenehm parf\u00fcmiert bleibt.<\/p>\n<\/li>\n<\/ul>\n<p data-start=\"1826\" data-end=\"2088\">Ideal als Geschenk f\u00fcr besondere Anl\u00e4sse oder f\u00fcr alle, die ein vollst\u00e4ndiges und verf\u00fchrerisches Sch\u00f6nheitsritual genie\u00dfen m\u00f6chten. Die elegante Verpackung macht es perfekt, um jemandem eine Freude zu bereiten oder sich selbst einen luxuri\u00f6sen Moment zu g\u00f6nnen.<\/p>\n<p data-start=\"940\" data-end=\"1180\">Follow us! <a href=\"https:\/\/www.instagram.com\/freeshopswiss\/\" target=\"_blank\" rel=\"noopener\">@freeshopswiss<\/a><\/p>\n","protected":false},"excerpt":{"rendered":"<p>Ideal als Geschenk f\u00fcr besondere Anl\u00e4sse oder f\u00fcr alle, die ein vollst\u00e4ndiges und verf\u00fchrerisches Sch\u00f6nheitsritual genie\u00dfen m\u00f6chten. Die elegante Verpackung macht es perfekt, um jemandem eine Freude zu bereiten oder sich selbst einen luxuri\u00f6sen Moment zu g\u00f6nnen.<\/p>\n","protected":false},"featured_media":36459,"comment_status":"open","ping_status":"closed","template":"","meta":[],"pwb-brand":[373],"product_brand":[],"product_cat":[144,111,485,4193],"product_tag":[148,952,293,4349,462,5051,460],"class_list":{"0":"post-36463","1":"product","2":"type-product","3":"status-publish","4":"has-post-thumbnail","6":"pwb-brand-jean-paul-gaultier","7":"product_cat-bietet","8":"product_cat-fur-sie-de","9":"product_cat-geschenkbox","10":"product_cat-sets-aktion","11":"product_tag-angebot","12":"product_tag-profumi-de","13":"product_tag-frau","14":"product_tag-frauentag","15":"product_tag-geschenkset-fuer-damen","16":"product_tag-muttertag","17":"product_tag-parfuem-geschenkset","19":"first","20":"instock","21":"sale","22":"taxable","23":"shipping-taxable","24":"purchasable","25":"product-type-simple"},"brands":[{"id":373,"name":"Jean Paul Gaultier","slug":"jean-paul-gaultier"}],"_links":{"self":[{"href":"https:\/\/www.freeshopfrontiera.ch\/de\/wp-json\/wp\/v2\/product\/36463","targetHints":{"allow":["GET"]}}],"collection":[{"href":"https:\/\/www.freeshopfrontiera.ch\/de\/wp-json\/wp\/v2\/product"}],"about":[{"href":"https:\/\/www.freeshopfrontiera.ch\/de\/wp-json\/wp\/v2\/types\/product"}],"replies":[{"embeddable":true,"href":"https:\/\/www.freeshopfrontiera.ch\/de\/wp-json\/wp\/v2\/comments?post=36463"}],"version-history":[{"count":2,"href":"https:\/\/www.freeshopfrontiera.ch\/de\/wp-json\/wp\/v2\/product\/36463\/revisions"}],"predecessor-version":[{"id":41723,"href":"https:\/\/www.freeshopfrontiera.ch\/de\/wp-json\/wp\/v2\/product\/36463\/revisions\/41723"}],"wp:featuredmedia":[{"embeddable":true,"href":"https:\/\/www.freeshopfrontiera.ch\/de\/wp-json\/wp\/v2\/media\/36459"}],"wp:attachment":[{"href":"https:\/\/www.freeshopfrontiera.ch\/de\/wp-json\/wp\/v2\/media?parent=36463"}],"wp:term":[{"taxonomy":"pwb-brand","embeddable":true,"href":"https:\/\/www.freeshopfrontiera.ch\/de\/wp-json\/wp\/v2\/pwb-brand?post=36463"},{"taxonomy":"product_brand","embeddable":true,"href":"https:\/\/www.freeshopfrontiera.ch\/de\/wp-json\/wp\/v2\/product_brand?post=36463"},{"taxonomy":"product_cat","embeddable":true,"href":"https:\/\/www.freeshopfrontiera.ch\/de\/wp-json\/wp\/v2\/product_cat?post=36463"},{"taxonomy":"product_tag","embeddable":true,"href":"https:\/\/www.freeshopfrontiera.ch\/de\/wp-json\/wp\/v2\/product_tag?post=36463"}],"curies":[{"name":"wp","href":"https:\/\/api.w.org\/{rel}","templated":true}]}}