{"id":36493,"date":"2025-10-27T14:13:29","date_gmt":"2025-10-27T14:13:29","guid":{"rendered":"https:\/\/www.freeshopfrontiera.ch\/shop\/skin1004-madagascar-centella-poremizing-deep-cleansing-foam-125ml\/"},"modified":"2025-10-27T14:15:50","modified_gmt":"2025-10-27T14:15:50","slug":"skin1004-madagascar-centella-poremizing-deep-cleansing-foam-125ml","status":"publish","type":"product","link":"https:\/\/www.freeshopfrontiera.ch\/de\/shop\/skin1004-madagascar-centella-poremizing-deep-cleansing-foam-125ml\/","title":{"rendered":"SKIN1004 Madagascar Centella Poremizing Deep Cleansing Foam 125ml"},"content":{"rendered":"<h3 data-start=\"1649\" data-end=\"1727\"><strong data-start=\"1658\" data-end=\"1727\">SKIN1004 Madagascar Centella Poremizing Deep Cleansing Foam 125ml<\/strong><\/h3>\n<p data-start=\"1729\" data-end=\"2125\">Erleben Sie reine, erfrischte Haut mit der <strong data-start=\"1772\" data-end=\"1835\">SKIN1004 Madagascar Centella Poremizing Deep Cleansing Foam<\/strong>, einem sanften, aber wirksamen Gesichtsreiniger, der tief reinigt, ohne die Haut auszutrocknen. Angereichert mit <strong data-start=\"1949\" data-end=\"1993\">Centella Asiatica-Extrakt aus Madagaskar<\/strong> beruhigt, repariert und st\u00e4rkt sie die Hautbarriere, w\u00e4hrend Schmutz, \u00fcbersch\u00fcssiger Talg und Make-up-R\u00fcckst\u00e4nde entfernt werden.<\/p>\n<p data-start=\"2127\" data-end=\"2461\">Die cremige Textur verwandelt sich in einen reichhaltigen Schaum, der die Haut gr\u00fcndlich reinigt und gleichzeitig glatt, weich und strahlend hinterl\u00e4sst. <strong data-start=\"2281\" data-end=\"2324\">Himalaya-Salz und nat\u00fcrliche Mineralien<\/strong> helfen, die Poren zu verfeinern und das Hautbild zu verbessern, w\u00e4hrend pflanzliche Inhaltsstoffe die Haut mit Feuchtigkeit versorgen.<\/p>\n<p data-start=\"2463\" data-end=\"2737\"><strong data-start=\"2463\" data-end=\"2532\">Ideal f\u00fcr Mischhaut, fettige Haut oder Haut mit erweiterten Poren<\/strong>, gleicht dieser Reiniger die Talgproduktion aus und sorgt f\u00fcr ein frisches, sauberes Hautgef\u00fchl. Bei t\u00e4glicher Anwendung wirkt die Haut klarer, gleichm\u00e4\u00dfiger und aufnahmef\u00e4higer f\u00fcr die folgende Pflege.<\/p>\n<p data-start=\"2739\" data-end=\"2872\"><strong data-start=\"2739\" data-end=\"2753\">Anwendung:<\/strong> Eine kleine Menge auf feuchte H\u00e4nde geben, sanft in Gesicht und Hals einmassieren und mit lauwarmem Wasser absp\u00fclen.<\/p>\n<p data-start=\"2874\" data-end=\"2894\"><strong data-start=\"2874\" data-end=\"2892\">Hauptvorteile:<\/strong><\/p>\n<ul data-start=\"2895\" data-end=\"3078\">\n<li data-start=\"2895\" data-end=\"2937\">\n<p data-start=\"2897\" data-end=\"2937\">Tiefenreinigung und Porenverfeinerung.<\/p>\n<\/li>\n<li data-start=\"2938\" data-end=\"2991\">\n<p data-start=\"2940\" data-end=\"2991\">Beruhigt empfindliche Haut mit Centella Asiatica.<\/p>\n<\/li>\n<li data-start=\"2992\" data-end=\"3037\">\n<p data-start=\"2994\" data-end=\"3037\">Erh\u00e4lt die Feuchtigkeitsbalance der Haut.<\/p>\n<\/li>\n<li data-start=\"3038\" data-end=\"3078\">\n<p data-start=\"3040\" data-end=\"3078\">F\u00fcr die t\u00e4gliche Anwendung geeignet.<\/p>\n<\/li>\n<\/ul>\n<p data-start=\"3080\" data-end=\"3198\"><strong data-start=\"3080\" data-end=\"3143\">SKIN1004 Madagascar Centella Poremizing Deep Cleansing Foam<\/strong> \u2013 f\u00fcr eine reine, ausgeglichene und strahlende Haut.<\/p>\n<h3 data-start=\"172\" data-end=\"245\"><\/h3>\n<p data-start=\"1660\" data-end=\"1795\">Follow us! <a href=\"https:\/\/www.instagram.com\/freeshopswiss\/\" target=\"_blank\" rel=\"noopener\">@freeshopswiss<\/a><\/p>\n","protected":false},"excerpt":{"rendered":"<p>Erleben Sie reine, erfrischte Haut mit der <strong data-start=\"1772\" data-end=\"1835\">SKIN1004 Madagascar Centella Poremizing Deep Cleansing Foam<\/strong>, einem sanften, aber wirksamen Gesichtsreiniger, der tief reinigt, ohne die Haut auszutrocknen.<\/p>\n","protected":false},"featured_media":36488,"comment_status":"open","ping_status":"closed","template":"","meta":[],"pwb-brand":[985],"product_brand":[],"product_cat":[292,111,546,3769],"product_tag":[419,293,300,3612,5051,5047],"class_list":{"0":"post-36493","1":"product","2":"type-product","3":"status-publish","4":"has-post-thumbnail","6":"pwb-brand-skin-1004","7":"product_cat-behandlungen","8":"product_cat-fur-sie-de","9":"product_cat-gesichtsbehandlung","10":"product_cat-k-beauty-de","11":"product_tag-behandlungen-de","12":"product_tag-frau","13":"product_tag-gesichtsbehandlungen","14":"product_tag-k-beauty-de","15":"product_tag-muttertag","16":"product_tag-unter-30-chf","18":"first","19":"instock","20":"sale","21":"taxable","22":"shipping-taxable","23":"purchasable","24":"product-type-simple"},"brands":[{"id":985,"name":"Skin 1004","slug":"skin-1004"}],"_links":{"self":[{"href":"https:\/\/www.freeshopfrontiera.ch\/de\/wp-json\/wp\/v2\/product\/36493","targetHints":{"allow":["GET"]}}],"collection":[{"href":"https:\/\/www.freeshopfrontiera.ch\/de\/wp-json\/wp\/v2\/product"}],"about":[{"href":"https:\/\/www.freeshopfrontiera.ch\/de\/wp-json\/wp\/v2\/types\/product"}],"replies":[{"embeddable":true,"href":"https:\/\/www.freeshopfrontiera.ch\/de\/wp-json\/wp\/v2\/comments?post=36493"}],"version-history":[{"count":1,"href":"https:\/\/www.freeshopfrontiera.ch\/de\/wp-json\/wp\/v2\/product\/36493\/revisions"}],"predecessor-version":[{"id":36495,"href":"https:\/\/www.freeshopfrontiera.ch\/de\/wp-json\/wp\/v2\/product\/36493\/revisions\/36495"}],"wp:featuredmedia":[{"embeddable":true,"href":"https:\/\/www.freeshopfrontiera.ch\/de\/wp-json\/wp\/v2\/media\/36488"}],"wp:attachment":[{"href":"https:\/\/www.freeshopfrontiera.ch\/de\/wp-json\/wp\/v2\/media?parent=36493"}],"wp:term":[{"taxonomy":"pwb-brand","embeddable":true,"href":"https:\/\/www.freeshopfrontiera.ch\/de\/wp-json\/wp\/v2\/pwb-brand?post=36493"},{"taxonomy":"product_brand","embeddable":true,"href":"https:\/\/www.freeshopfrontiera.ch\/de\/wp-json\/wp\/v2\/product_brand?post=36493"},{"taxonomy":"product_cat","embeddable":true,"href":"https:\/\/www.freeshopfrontiera.ch\/de\/wp-json\/wp\/v2\/product_cat?post=36493"},{"taxonomy":"product_tag","embeddable":true,"href":"https:\/\/www.freeshopfrontiera.ch\/de\/wp-json\/wp\/v2\/product_tag?post=36493"}],"curies":[{"name":"wp","href":"https:\/\/api.w.org\/{rel}","templated":true}]}}