{"id":36542,"date":"2025-10-27T14:50:58","date_gmt":"2025-10-27T14:50:58","guid":{"rendered":"https:\/\/www.freeshopfrontiera.ch\/shop\/skin1004-madagascar-centella-probio-cica-glow-sun-ampoule-50ml\/"},"modified":"2025-10-27T14:54:36","modified_gmt":"2025-10-27T14:54:36","slug":"skin1004-madagascar-centella-probio-cica-glow-sun-ampoule-50ml","status":"publish","type":"product","link":"https:\/\/www.freeshopfrontiera.ch\/de\/shop\/skin1004-madagascar-centella-probio-cica-glow-sun-ampoule-50ml\/","title":{"rendered":"SKIN1004 Madagascar Centella Probio-Cica Glow Sun Ampoule 50ml"},"content":{"rendered":"<h3 data-start=\"1842\" data-end=\"1917\"><strong data-start=\"1851\" data-end=\"1917\">SKIN1004 Madagascar Centella Probio-Cica Glow Sun Ampoule 50ml<\/strong><\/h3>\n<p data-start=\"1919\" data-end=\"2304\">Sch\u00fctzen und beleuchten Sie Ihre Haut mit der <strong data-start=\"1965\" data-end=\"2026\">SKIN1004 Madagascar Centella Probio-Cica Glow Sun Ampoule<\/strong>, einer innovativen Sonnenpflege, die UV-Schutz, Feuchtigkeit und beruhigende Wirkung in einer leichten Formel vereint. Geeignet f\u00fcr alle Hauttypen, bietet diese Ampulle Breitbandschutz vor UVA- und UVB-Strahlen, reduziert Sonnensch\u00e4den und beugt vorzeitiger Hautalterung vor.<\/p>\n<p data-start=\"2306\" data-end=\"2617\">Angereichert mit <strong data-start=\"2323\" data-end=\"2374\">reinem Centella Asiatica-Extrakt aus Madagaskar<\/strong> und <strong data-start=\"2379\" data-end=\"2393\">Probiotika<\/strong> st\u00e4rkt die Formel die Hautbarriere, beruhigt Reizungen und f\u00f6rdert ges\u00fcndere, strahlendere Haut. Die leichte, erfrischende Textur zieht schnell ein, ohne klebrige R\u00fcckst\u00e4nde zu hinterlassen, und sorgt f\u00fcr sofortigen Glow.<\/p>\n<p data-start=\"2619\" data-end=\"2903\">Ideal f\u00fcr die t\u00e4gliche Hautpflege kann die <strong data-start=\"2662\" data-end=\"2694\">Probio-Cica Glow Sun Ampoule<\/strong> vor dem Make-up oder als letzter Schritt der morgendlichen Routine angewendet werden. Neben dem Sonnenschutz verbessert sie die Elastizit\u00e4t, gleicht den Hautton aus und h\u00e4lt die Haut weich und hydratisiert.<\/p>\n<p data-start=\"2905\" data-end=\"3096\"><strong data-start=\"2905\" data-end=\"2919\">Anwendung:<\/strong> Gro\u00dfz\u00fcgig auf Gesicht und Hals auftragen als letzten Schritt der morgendlichen Pflege. Bei Bedarf im Laufe des Tages nachcremen, besonders nach Schwei\u00df oder Wasserexposition.<\/p>\n<p data-start=\"3098\" data-end=\"3118\"><strong data-start=\"3098\" data-end=\"3116\">Hauptvorteile:<\/strong><\/p>\n<ul data-start=\"3119\" data-end=\"3337\">\n<li data-start=\"3119\" data-end=\"3156\">\n<p data-start=\"3121\" data-end=\"3156\">Breitband-Sonnenschutz (UVA\/UVB).<\/p>\n<\/li>\n<li data-start=\"3157\" data-end=\"3218\">\n<p data-start=\"3159\" data-end=\"3218\">Beruhigt und st\u00e4rkt mit Centella Asiatica und Probiotika.<\/p>\n<\/li>\n<li data-start=\"3219\" data-end=\"3282\">\n<p data-start=\"3221\" data-end=\"3282\">Leichte, schnell einziehende Textur mit strahlendem Finish.<\/p>\n<\/li>\n<li data-start=\"3283\" data-end=\"3337\">\n<p data-start=\"3285\" data-end=\"3337\">H\u00e4lt die Haut hydratisiert, weich und gleichm\u00e4\u00dfig.<\/p>\n<\/li>\n<\/ul>\n<p data-start=\"3339\" data-end=\"3495\"><strong data-start=\"3339\" data-end=\"3405\">SKIN1004 Madagascar Centella Probio-Cica Glow Sun Ampoule 50ml<\/strong> \u2013 die ideale L\u00f6sung f\u00fcr effektiven Sonnenschutz und strahlende, gesunde Haut jeden Tag.<\/p>\n<p data-start=\"1759\" data-end=\"1925\">Follow us! <a href=\"https:\/\/www.instagram.com\/freeshopswiss\/\" target=\"_blank\" rel=\"noopener\">@freeshopswiss<\/a><\/p>\n","protected":false},"excerpt":{"rendered":"<p>Sch\u00fctzen und beleuchten Sie Ihre Haut mit der <strong data-start=\"1965\" data-end=\"2026\">SKIN1004 Madagascar Centella Probio-Cica Glow Sun Ampoule<\/strong>, einer innovativen Sonnenpflege, die UV-Schutz, Feuchtigkeit und beruhigende Wirkung in einer leichten Formel vereint.<\/p>\n","protected":false},"featured_media":36533,"comment_status":"open","ping_status":"closed","template":"","meta":[],"pwb-brand":[985],"product_brand":[],"product_cat":[292,111,546,3769],"product_tag":[419,293,300,3612],"class_list":{"0":"post-36542","1":"product","2":"type-product","3":"status-publish","4":"has-post-thumbnail","6":"pwb-brand-skin-1004","7":"product_cat-behandlungen","8":"product_cat-fur-sie-de","9":"product_cat-gesichtsbehandlung","10":"product_cat-k-beauty-de","11":"product_tag-behandlungen-de","12":"product_tag-frau","13":"product_tag-gesichtsbehandlungen","14":"product_tag-k-beauty-de","16":"first","17":"outofstock","18":"sale","19":"taxable","20":"shipping-taxable","21":"purchasable","22":"product-type-simple"},"brands":[{"id":985,"name":"Skin 1004","slug":"skin-1004"}],"_links":{"self":[{"href":"https:\/\/www.freeshopfrontiera.ch\/de\/wp-json\/wp\/v2\/product\/36542","targetHints":{"allow":["GET"]}}],"collection":[{"href":"https:\/\/www.freeshopfrontiera.ch\/de\/wp-json\/wp\/v2\/product"}],"about":[{"href":"https:\/\/www.freeshopfrontiera.ch\/de\/wp-json\/wp\/v2\/types\/product"}],"replies":[{"embeddable":true,"href":"https:\/\/www.freeshopfrontiera.ch\/de\/wp-json\/wp\/v2\/comments?post=36542"}],"version-history":[{"count":1,"href":"https:\/\/www.freeshopfrontiera.ch\/de\/wp-json\/wp\/v2\/product\/36542\/revisions"}],"predecessor-version":[{"id":36545,"href":"https:\/\/www.freeshopfrontiera.ch\/de\/wp-json\/wp\/v2\/product\/36542\/revisions\/36545"}],"wp:featuredmedia":[{"embeddable":true,"href":"https:\/\/www.freeshopfrontiera.ch\/de\/wp-json\/wp\/v2\/media\/36533"}],"wp:attachment":[{"href":"https:\/\/www.freeshopfrontiera.ch\/de\/wp-json\/wp\/v2\/media?parent=36542"}],"wp:term":[{"taxonomy":"pwb-brand","embeddable":true,"href":"https:\/\/www.freeshopfrontiera.ch\/de\/wp-json\/wp\/v2\/pwb-brand?post=36542"},{"taxonomy":"product_brand","embeddable":true,"href":"https:\/\/www.freeshopfrontiera.ch\/de\/wp-json\/wp\/v2\/product_brand?post=36542"},{"taxonomy":"product_cat","embeddable":true,"href":"https:\/\/www.freeshopfrontiera.ch\/de\/wp-json\/wp\/v2\/product_cat?post=36542"},{"taxonomy":"product_tag","embeddable":true,"href":"https:\/\/www.freeshopfrontiera.ch\/de\/wp-json\/wp\/v2\/product_tag?post=36542"}],"curies":[{"name":"wp","href":"https:\/\/api.w.org\/{rel}","templated":true}]}}