{"id":36555,"date":"2025-10-27T15:17:13","date_gmt":"2025-10-27T15:17:13","guid":{"rendered":"https:\/\/www.freeshopfrontiera.ch\/shop\/skin1004-madagascar-centella-air-fit-suncream-light-50ml\/"},"modified":"2025-10-27T15:22:01","modified_gmt":"2025-10-27T15:22:01","slug":"skin1004-madagascar-centella-air-fit-suncream-light-50ml","status":"publish","type":"product","link":"https:\/\/www.freeshopfrontiera.ch\/de\/shop\/skin1004-madagascar-centella-air-fit-suncream-light-50ml\/","title":{"rendered":"SKIN1004 Madagascar Centella Air-Fit Suncream Light 50ml"},"content":{"rendered":"<h3 data-start=\"1749\" data-end=\"1818\"><strong data-start=\"1758\" data-end=\"1818\">SKIN1004 Madagascar Centella Air-Fit Suncream Light 50ml<\/strong><\/h3>\n<p data-start=\"1820\" data-end=\"2201\">Sch\u00fctzen und pflegen Sie Ihre Haut mit der <strong data-start=\"1863\" data-end=\"1923\">SKIN1004 Madagascar Centella Air-Fit Suncream Light 50ml<\/strong>, einer leichten Sonnencreme, die t\u00e4glichen Schutz vor UVA- und UVB-Strahlen bietet. Geeignet f\u00fcr alle Hauttypen, kombiniert diese innovative Formel Sonnenschutz, Feuchtigkeitspflege und beruhigende Wirkung in einem Produkt und sorgt den ganzen Tag f\u00fcr Komfort und Sicherheit.<\/p>\n<p data-start=\"2203\" data-end=\"2549\">Angereichert mit <strong data-start=\"2220\" data-end=\"2271\">reinem Centella Asiatica-Extrakt aus Madagaskar<\/strong> beruhigt die Creme Hautirritationen, st\u00e4rkt die nat\u00fcrliche Hautbarriere und sorgt f\u00fcr ein gesundes, strahlendes Aussehen. Die leichte, luftige Textur zieht schnell ein, ohne wei\u00dfe oder klebrige R\u00fcckst\u00e4nde zu hinterlassen, und sorgt f\u00fcr ein mattes Finish mit nat\u00fcrlichem Look.<\/p>\n<p data-start=\"2551\" data-end=\"2858\">Ideal f\u00fcr die t\u00e4gliche Anwendung, kann die <strong data-start=\"2594\" data-end=\"2620\">Air-Fit Suncream Light<\/strong> auf Gesicht und Hals als letzter Schritt der morgendlichen Hautpflege aufgetragen werden, auch unter Make-up. Sie hilft, vorzeitiger Hautalterung, Sonnenflecken und UV-Sch\u00e4den vorzubeugen und h\u00e4lt die Haut hydratisiert und geschmeidig.<\/p>\n<p data-start=\"2860\" data-end=\"3014\"><strong data-start=\"2860\" data-end=\"2874\">Anwendung:<\/strong> Gleichm\u00e4\u00dfig auf Gesicht und Hals auftragen als letzten Schritt der morgendlichen Routine. Bei l\u00e4ngerer Sonnenexposition erneut auftragen.<\/p>\n<p data-start=\"3016\" data-end=\"3036\"><strong data-start=\"3016\" data-end=\"3034\">Hauptvorteile:<\/strong><\/p>\n<ul data-start=\"3037\" data-end=\"3248\">\n<li data-start=\"3037\" data-end=\"3074\">\n<p data-start=\"3039\" data-end=\"3074\">Breitband-Sonnenschutz (UVA\/UVB).<\/p>\n<\/li>\n<li data-start=\"3075\" data-end=\"3136\">\n<p data-start=\"3077\" data-end=\"3136\">Beruhigt und st\u00e4rkt mit Centella Asiatica aus Madagaskar.<\/p>\n<\/li>\n<li data-start=\"3137\" data-end=\"3195\">\n<p data-start=\"3139\" data-end=\"3195\">Leichte, schnell einziehende Textur mit mattem Finish.<\/p>\n<\/li>\n<li data-start=\"3196\" data-end=\"3248\">\n<p data-start=\"3198\" data-end=\"3248\">H\u00e4lt die Haut hydratisiert, weich und gesch\u00fctzt.<\/p>\n<\/li>\n<\/ul>\n<p data-start=\"3250\" data-end=\"3398\"><strong data-start=\"3250\" data-end=\"3310\">SKIN1004 Madagascar Centella Air-Fit Suncream Light 50ml<\/strong> \u2013 die ideale Wahl f\u00fcr effektiven Sonnenschutz und gesunde, strahlende Haut jeden Tag.<\/p>\n<p data-start=\"1796\" data-end=\"1967\">Follow us! <a href=\"https:\/\/www.instagram.com\/freeshopswiss\/\" target=\"_blank\" rel=\"noopener\">@freeshopswiss<\/a><\/p>\n","protected":false},"excerpt":{"rendered":"<p>Sch\u00fctzen und pflegen Sie Ihre Haut mit der <strong data-start=\"1863\" data-end=\"1923\">SKIN1004 Madagascar Centella Air-Fit Suncream Light 50ml<\/strong>, einer leichten Sonnencreme, die t\u00e4glichen Schutz vor UVA- und UVB-Strahlen bietet.<\/p>\n","protected":false},"featured_media":36551,"comment_status":"open","ping_status":"closed","template":"","meta":[],"pwb-brand":[985],"product_brand":[],"product_cat":[292,111,546,3769,425],"product_tag":[419,293,300,3612,5051,554,492,5047],"class_list":{"0":"post-36555","1":"product","2":"type-product","3":"status-publish","4":"has-post-thumbnail","6":"pwb-brand-skin-1004","7":"product_cat-behandlungen","8":"product_cat-fur-sie-de","9":"product_cat-gesichtsbehandlung","10":"product_cat-k-beauty-de","11":"product_cat-solari-de","12":"product_tag-behandlungen-de","13":"product_tag-frau","14":"product_tag-gesichtsbehandlungen","15":"product_tag-k-beauty-de","16":"product_tag-muttertag","17":"product_tag-sonnenschutzcreme","18":"product_tag-sonnenschutzmittel","19":"product_tag-unter-30-chf","21":"first","22":"instock","23":"sale","24":"taxable","25":"shipping-taxable","26":"purchasable","27":"product-type-simple"},"brands":[{"id":985,"name":"Skin 1004","slug":"skin-1004"}],"_links":{"self":[{"href":"https:\/\/www.freeshopfrontiera.ch\/de\/wp-json\/wp\/v2\/product\/36555","targetHints":{"allow":["GET"]}}],"collection":[{"href":"https:\/\/www.freeshopfrontiera.ch\/de\/wp-json\/wp\/v2\/product"}],"about":[{"href":"https:\/\/www.freeshopfrontiera.ch\/de\/wp-json\/wp\/v2\/types\/product"}],"replies":[{"embeddable":true,"href":"https:\/\/www.freeshopfrontiera.ch\/de\/wp-json\/wp\/v2\/comments?post=36555"}],"version-history":[{"count":1,"href":"https:\/\/www.freeshopfrontiera.ch\/de\/wp-json\/wp\/v2\/product\/36555\/revisions"}],"predecessor-version":[{"id":36558,"href":"https:\/\/www.freeshopfrontiera.ch\/de\/wp-json\/wp\/v2\/product\/36555\/revisions\/36558"}],"wp:featuredmedia":[{"embeddable":true,"href":"https:\/\/www.freeshopfrontiera.ch\/de\/wp-json\/wp\/v2\/media\/36551"}],"wp:attachment":[{"href":"https:\/\/www.freeshopfrontiera.ch\/de\/wp-json\/wp\/v2\/media?parent=36555"}],"wp:term":[{"taxonomy":"pwb-brand","embeddable":true,"href":"https:\/\/www.freeshopfrontiera.ch\/de\/wp-json\/wp\/v2\/pwb-brand?post=36555"},{"taxonomy":"product_brand","embeddable":true,"href":"https:\/\/www.freeshopfrontiera.ch\/de\/wp-json\/wp\/v2\/product_brand?post=36555"},{"taxonomy":"product_cat","embeddable":true,"href":"https:\/\/www.freeshopfrontiera.ch\/de\/wp-json\/wp\/v2\/product_cat?post=36555"},{"taxonomy":"product_tag","embeddable":true,"href":"https:\/\/www.freeshopfrontiera.ch\/de\/wp-json\/wp\/v2\/product_tag?post=36555"}],"curies":[{"name":"wp","href":"https:\/\/api.w.org\/{rel}","templated":true}]}}