{"id":36571,"date":"2025-10-27T15:34:35","date_gmt":"2025-10-27T15:34:35","guid":{"rendered":"https:\/\/www.freeshopfrontiera.ch\/shop\/skin1004-madagascar-centella-hyalu-cica-brightening-toner-210ml\/"},"modified":"2025-10-27T15:38:37","modified_gmt":"2025-10-27T15:38:37","slug":"skin1004-madagascar-centella-hyalu-cica-brightening-toner-210ml","status":"publish","type":"product","link":"https:\/\/www.freeshopfrontiera.ch\/de\/shop\/skin1004-madagascar-centella-hyalu-cica-brightening-toner-210ml\/","title":{"rendered":"SKIN1004 Madagascar Centella Hyalu-Cica Brightening Toner 210ml"},"content":{"rendered":"<h3 data-start=\"1808\" data-end=\"1884\"><strong data-start=\"1817\" data-end=\"1884\">SKIN1004 Madagascar Centella Hyalu-Cica Brightening Toner 210ml<\/strong><\/h3>\n<p data-start=\"1886\" data-end=\"2336\">Erfrischen und beleuchten Sie Ihre Haut mit dem <strong data-start=\"1934\" data-end=\"2001\">SKIN1004 Madagascar Centella Hyalu-Cica Brightening Toner 210ml<\/strong>, einem sanften und feuchtigkeitsspendenden Toner, der den Hautton ausgleicht und der Haut ein gesundes, strahlendes Aussehen verleiht. Geeignet f\u00fcr alle Hauttypen, kombiniert diese Formel beruhigende und feuchtigkeitsspendende Inhaltsstoffe, um die Haut auf nachfolgende Pflegeprodukte vorzubereiten und deren Wirkung zu maximieren.<\/p>\n<p data-start=\"2338\" data-end=\"2657\">Angereichert mit <strong data-start=\"2355\" data-end=\"2406\">reinem Centella Asiatica-Extrakt aus Madagaskar<\/strong> und <strong data-start=\"2411\" data-end=\"2428\">Hyalurons\u00e4ure<\/strong>, spendet der Toner intensive Feuchtigkeit, st\u00e4rkt die Hautbarriere und reduziert R\u00f6tungen und Irritationen. Die leichte, erfrischende Textur zieht schnell ein und hinterl\u00e4sst die Haut weich, elastisch und sichtbar ebenm\u00e4\u00dfiger.<\/p>\n<p data-start=\"2659\" data-end=\"2927\">Ideal f\u00fcr die t\u00e4gliche Anwendung kann der <strong data-start=\"2701\" data-end=\"2733\">Hyalu-Cica Brightening Toner<\/strong> morgens und abends nach der Reinigung aufgetragen werden. Er hilft, den pH-Wert der Haut auszugleichen, die Ausstrahlung zu verbessern und die Haut optimal auf Seren und Cremes vorzubereiten.<\/p>\n<p data-start=\"2929\" data-end=\"3081\"><strong data-start=\"2929\" data-end=\"2943\">Anwendung:<\/strong> Eine geeignete Menge auf ein Wattepad oder direkt auf die H\u00e4nde geben und sanft auf die gereinigte Haut tupfen, Augenbereich vermeiden.<\/p>\n<p data-start=\"3083\" data-end=\"3103\"><strong data-start=\"3083\" data-end=\"3101\">Hauptvorteile:<\/strong><\/p>\n<ul data-start=\"3104\" data-end=\"3366\">\n<li data-start=\"3104\" data-end=\"3166\">\n<p data-start=\"3106\" data-end=\"3166\">Tonisiert und hellt die Haut auf, gleicht den Hautton aus.<\/p>\n<\/li>\n<li data-start=\"3167\" data-end=\"3233\">\n<p data-start=\"3169\" data-end=\"3233\">Beruhigt und regeneriert mit Centella Asiatica aus Madagaskar.<\/p>\n<\/li>\n<li data-start=\"3234\" data-end=\"3291\">\n<p data-start=\"3236\" data-end=\"3291\">Spendet Feuchtigkeit und erfrischt mit Hyalurons\u00e4ure.<\/p>\n<\/li>\n<li data-start=\"3292\" data-end=\"3366\">\n<p data-start=\"3294\" data-end=\"3366\">Leichte Textur, schnelle Absorption, ideal f\u00fcr den t\u00e4glichen Gebrauch.<\/p>\n<\/li>\n<\/ul>\n<p data-start=\"3368\" data-end=\"3521\"><strong data-start=\"3368\" data-end=\"3435\">SKIN1004 Madagascar Centella Hyalu-Cica Brightening Toner 210ml<\/strong> \u2013 die perfekte Wahl f\u00fcr ausgeglichene, hydratisierte und nat\u00fcrlich strahlende Haut.<\/p>\n<p data-start=\"1749\" data-end=\"1912\">Follow us! <a href=\"https:\/\/www.instagram.com\/freeshopswiss\/\" target=\"_blank\" rel=\"noopener\">@freeshopswiss<\/a><\/p>\n","protected":false},"excerpt":{"rendered":"<p>Erfrischen und beleuchten Sie Ihre Haut mit dem <strong data-start=\"1934\" data-end=\"2001\">SKIN1004 Madagascar Centella Hyalu-Cica Brightening Toner 210ml<\/strong>, einem sanften und feuchtigkeitsspendenden Toner, der den Hautton ausgleicht und der Haut ein gesundes, strahlendes Aussehen verleiht.<\/p>\n","protected":false},"featured_media":36567,"comment_status":"open","ping_status":"closed","template":"","meta":[],"pwb-brand":[985],"product_brand":[],"product_cat":[292,111,98,546,3769],"product_tag":[419,293,4368,300,3612],"class_list":{"0":"post-36571","1":"product","2":"type-product","3":"status-publish","4":"has-post-thumbnail","6":"pwb-brand-skin-1004","7":"product_cat-behandlungen","8":"product_cat-fur-sie-de","9":"product_cat-hohepunkte","10":"product_cat-gesichtsbehandlung","11":"product_cat-k-beauty-de","12":"product_tag-behandlungen-de","13":"product_tag-frau","14":"product_tag-fruehlingsspecial","15":"product_tag-gesichtsbehandlungen","16":"product_tag-k-beauty-de","18":"first","19":"instock","20":"sale","21":"taxable","22":"shipping-taxable","23":"purchasable","24":"product-type-simple"},"brands":[{"id":985,"name":"Skin 1004","slug":"skin-1004"}],"_links":{"self":[{"href":"https:\/\/www.freeshopfrontiera.ch\/de\/wp-json\/wp\/v2\/product\/36571","targetHints":{"allow":["GET"]}}],"collection":[{"href":"https:\/\/www.freeshopfrontiera.ch\/de\/wp-json\/wp\/v2\/product"}],"about":[{"href":"https:\/\/www.freeshopfrontiera.ch\/de\/wp-json\/wp\/v2\/types\/product"}],"replies":[{"embeddable":true,"href":"https:\/\/www.freeshopfrontiera.ch\/de\/wp-json\/wp\/v2\/comments?post=36571"}],"version-history":[{"count":1,"href":"https:\/\/www.freeshopfrontiera.ch\/de\/wp-json\/wp\/v2\/product\/36571\/revisions"}],"predecessor-version":[{"id":36574,"href":"https:\/\/www.freeshopfrontiera.ch\/de\/wp-json\/wp\/v2\/product\/36571\/revisions\/36574"}],"wp:featuredmedia":[{"embeddable":true,"href":"https:\/\/www.freeshopfrontiera.ch\/de\/wp-json\/wp\/v2\/media\/36567"}],"wp:attachment":[{"href":"https:\/\/www.freeshopfrontiera.ch\/de\/wp-json\/wp\/v2\/media?parent=36571"}],"wp:term":[{"taxonomy":"pwb-brand","embeddable":true,"href":"https:\/\/www.freeshopfrontiera.ch\/de\/wp-json\/wp\/v2\/pwb-brand?post=36571"},{"taxonomy":"product_brand","embeddable":true,"href":"https:\/\/www.freeshopfrontiera.ch\/de\/wp-json\/wp\/v2\/product_brand?post=36571"},{"taxonomy":"product_cat","embeddable":true,"href":"https:\/\/www.freeshopfrontiera.ch\/de\/wp-json\/wp\/v2\/product_cat?post=36571"},{"taxonomy":"product_tag","embeddable":true,"href":"https:\/\/www.freeshopfrontiera.ch\/de\/wp-json\/wp\/v2\/product_tag?post=36571"}],"curies":[{"name":"wp","href":"https:\/\/api.w.org\/{rel}","templated":true}]}}