{"id":36589,"date":"2025-10-27T15:46:35","date_gmt":"2025-10-27T15:46:35","guid":{"rendered":"https:\/\/www.freeshopfrontiera.ch\/shop\/skin1004-madagascar-centella-hyalu-cica-first-ampoule-100ml\/"},"modified":"2025-10-27T15:52:03","modified_gmt":"2025-10-27T15:52:03","slug":"skin1004-madagascar-centella-hyalu-cica-first-ampoule-100ml","status":"publish","type":"product","link":"https:\/\/www.freeshopfrontiera.ch\/de\/shop\/skin1004-madagascar-centella-hyalu-cica-first-ampoule-100ml\/","title":{"rendered":"SKIN1004 Madagascar Centella Hyalu-Cica First Ampoule 100ml"},"content":{"rendered":"<h3 data-start=\"1879\" data-end=\"1951\"><strong data-start=\"1888\" data-end=\"1951\">SKIN1004 Madagascar Centella Hyalu-Cica First Ampoule 100ml<\/strong><\/h3>\n<p data-start=\"1953\" data-end=\"2353\">Starten Sie Ihre Hautpflegeroutine mit der <strong data-start=\"1996\" data-end=\"2059\">SKIN1004 Madagascar Centella Hyalu-Cica First Ampoule 100ml<\/strong>, einer konzentrierten Behandlung, die die Haut vorbereitet und die Aufnahme nachfolgender Produkte verbessert. Geeignet f\u00fcr alle Hauttypen spendet diese Ampulle intensive Feuchtigkeit, beruhigt Irritationen und st\u00e4rkt die Hautbarriere, wodurch das Gesicht frisch, weich und strahlend bleibt.<\/p>\n<p data-start=\"2355\" data-end=\"2790\">Angereichert mit <strong data-start=\"2372\" data-end=\"2423\">reinem Centella Asiatica-Extrakt aus Madagaskar<\/strong> und <strong data-start=\"2428\" data-end=\"2445\">Hyalurons\u00e4ure<\/strong> bietet die Formel beruhigende, regenerierende und feuchtigkeitsspendende Eigenschaften, reduziert R\u00f6tungen und Anzeichen von Hauterm\u00fcdung. Die leichte, w\u00e4ssrige Textur zieht schnell ein und schafft die perfekte Basis f\u00fcr Seren und Cremes, wodurch deren Wirksamkeit optimiert und eine sichtbar ges\u00fcndere, ausgeglichene Haut gew\u00e4hrleistet wird.<\/p>\n<p data-start=\"2792\" data-end=\"3096\">Die <strong data-start=\"2796\" data-end=\"2824\">Hyalu-Cica First Ampoule<\/strong> eignet sich ideal f\u00fcr die Anwendung morgens und abends direkt nach der Reinigung, um die Haut auf die vollst\u00e4ndige Routine vorzubereiten und ihre nat\u00fcrliche Ausstrahlung zu verbessern. Perfekt f\u00fcr alle, die eine hydratisierte, gleichm\u00e4\u00dfige und strahlende Haut w\u00fcnschen.<\/p>\n<p data-start=\"3098\" data-end=\"3291\"><strong data-start=\"3098\" data-end=\"3112\">Anwendung:<\/strong> Einige Tropfen auf die gereinigte Haut nach der Reinigung auftragen. Sanft einmassieren, bis das Produkt vollst\u00e4ndig eingezogen ist, bevor Seren oder Cremes aufgetragen werden.<\/p>\n<p data-start=\"3293\" data-end=\"3313\"><strong data-start=\"3293\" data-end=\"3311\">Hauptvorteile:<\/strong><\/p>\n<ul data-start=\"3314\" data-end=\"3646\">\n<li data-start=\"3314\" data-end=\"3400\">\n<p data-start=\"3316\" data-end=\"3400\">Bereitet die Haut auf nachfolgende Pflegeprodukte vor und verbessert die Aufnahme.<\/p>\n<\/li>\n<li data-start=\"3401\" data-end=\"3485\">\n<p data-start=\"3403\" data-end=\"3485\">Beruhigt und regeneriert mit Centella Asiatica aus Madagaskar und Hyalurons\u00e4ure.<\/p>\n<\/li>\n<li data-start=\"3486\" data-end=\"3571\">\n<p data-start=\"3488\" data-end=\"3571\">Spendet intensive Feuchtigkeit und reduziert R\u00f6tungen und Erm\u00fcdungserscheinungen.<\/p>\n<\/li>\n<li data-start=\"3572\" data-end=\"3646\">\n<p data-start=\"3574\" data-end=\"3646\">Leichte, schnell einziehende Textur, ideal f\u00fcr den t\u00e4glichen Gebrauch.<\/p>\n<\/li>\n<\/ul>\n<p data-start=\"3648\" data-end=\"3799\"><strong data-start=\"3648\" data-end=\"3711\">SKIN1004 Madagascar Centella Hyalu-Cica First Ampoule 100ml<\/strong> \u2013 die perfekte L\u00f6sung f\u00fcr ausgeglichene, hydratisierte und nat\u00fcrlich strahlende Haut.<\/p>\n<p data-start=\"1805\" data-end=\"1967\">Follow us! <a href=\"https:\/\/www.instagram.com\/freeshopswiss\/\" target=\"_blank\" rel=\"noopener\">@freeshopswiss<\/a><\/p>\n","protected":false},"excerpt":{"rendered":"<p>Starten Sie Ihre Hautpflegeroutine mit der <strong data-start=\"1996\" data-end=\"2059\">SKIN1004 Madagascar Centella Hyalu-Cica First Ampoule 100ml<\/strong>, einer konzentrierten Behandlung, die die Haut vorbereitet und die Aufnahme nachfolgender Produkte verbessert.<\/p>\n","protected":false},"featured_media":36580,"comment_status":"open","ping_status":"closed","template":"","meta":[],"pwb-brand":[985],"product_brand":[],"product_cat":[292,111,546,3769],"product_tag":[419,293,300,3612],"class_list":{"0":"post-36589","1":"product","2":"type-product","3":"status-publish","4":"has-post-thumbnail","6":"pwb-brand-skin-1004","7":"product_cat-behandlungen","8":"product_cat-fur-sie-de","9":"product_cat-gesichtsbehandlung","10":"product_cat-k-beauty-de","11":"product_tag-behandlungen-de","12":"product_tag-frau","13":"product_tag-gesichtsbehandlungen","14":"product_tag-k-beauty-de","16":"first","17":"outofstock","18":"sale","19":"taxable","20":"shipping-taxable","21":"purchasable","22":"product-type-simple"},"brands":[{"id":985,"name":"Skin 1004","slug":"skin-1004"}],"_links":{"self":[{"href":"https:\/\/www.freeshopfrontiera.ch\/de\/wp-json\/wp\/v2\/product\/36589","targetHints":{"allow":["GET"]}}],"collection":[{"href":"https:\/\/www.freeshopfrontiera.ch\/de\/wp-json\/wp\/v2\/product"}],"about":[{"href":"https:\/\/www.freeshopfrontiera.ch\/de\/wp-json\/wp\/v2\/types\/product"}],"replies":[{"embeddable":true,"href":"https:\/\/www.freeshopfrontiera.ch\/de\/wp-json\/wp\/v2\/comments?post=36589"}],"version-history":[{"count":1,"href":"https:\/\/www.freeshopfrontiera.ch\/de\/wp-json\/wp\/v2\/product\/36589\/revisions"}],"predecessor-version":[{"id":36592,"href":"https:\/\/www.freeshopfrontiera.ch\/de\/wp-json\/wp\/v2\/product\/36589\/revisions\/36592"}],"wp:featuredmedia":[{"embeddable":true,"href":"https:\/\/www.freeshopfrontiera.ch\/de\/wp-json\/wp\/v2\/media\/36580"}],"wp:attachment":[{"href":"https:\/\/www.freeshopfrontiera.ch\/de\/wp-json\/wp\/v2\/media?parent=36589"}],"wp:term":[{"taxonomy":"pwb-brand","embeddable":true,"href":"https:\/\/www.freeshopfrontiera.ch\/de\/wp-json\/wp\/v2\/pwb-brand?post=36589"},{"taxonomy":"product_brand","embeddable":true,"href":"https:\/\/www.freeshopfrontiera.ch\/de\/wp-json\/wp\/v2\/product_brand?post=36589"},{"taxonomy":"product_cat","embeddable":true,"href":"https:\/\/www.freeshopfrontiera.ch\/de\/wp-json\/wp\/v2\/product_cat?post=36589"},{"taxonomy":"product_tag","embeddable":true,"href":"https:\/\/www.freeshopfrontiera.ch\/de\/wp-json\/wp\/v2\/product_tag?post=36589"}],"curies":[{"name":"wp","href":"https:\/\/api.w.org\/{rel}","templated":true}]}}