{"id":36658,"date":"2025-11-03T08:55:56","date_gmt":"2025-11-03T08:55:56","guid":{"rendered":"https:\/\/www.freeshopfrontiera.ch\/shop\/guerlain-set-mon-guerlain\/"},"modified":"2025-11-03T08:59:10","modified_gmt":"2025-11-03T08:59:10","slug":"guerlain-set-mon-guerlain","status":"publish","type":"product","link":"https:\/\/www.freeshopfrontiera.ch\/de\/shop\/guerlain-set-mon-guerlain\/","title":{"rendered":"GUERLAIN Set Mon Guerlain"},"content":{"rendered":"<p>Das <strong data-start=\"2981\" data-end=\"3018\">GUERLAIN Mon Guerlain Geschenkset<\/strong> ist eine Hommage an die moderne Weiblichkeit \u2013 stark, frei und sinnlich. Dieses luxuri\u00f6se Set verk\u00f6rpert zeitlose Eleganz und feine Raffinesse und ist ideal f\u00fcr Frauen, die ihre innere St\u00e4rke und Anmut zum Ausdruck bringen m\u00f6chten.<br data-start=\"3250\" data-end=\"3253\" \/>Im eleganten Set enthalten ist das ikonische <strong data-start=\"3298\" data-end=\"3333\">Mon Guerlain Eau de Parfum 50ml<\/strong>, ein bet\u00f6render Duft, der die Frische von <strong data-start=\"3376\" data-end=\"3402\">franz\u00f6sischem Lavendel<\/strong> mit der sanften S\u00fc\u00dfe von <strong data-start=\"3428\" data-end=\"3450\">Madagaskar-Vanille<\/strong>, der warmen Tiefe von <strong data-start=\"3473\" data-end=\"3501\">australischem Sandelholz<\/strong> und dem strahlenden Akzent von <strong data-start=\"3533\" data-end=\"3550\">Sambac-Jasmin<\/strong> vereint. Das Ergebnis ist ein sinnlicher, langanhaltender Duft, der die Essenz der Weiblichkeit widerspiegelt.<br data-start=\"3661\" data-end=\"3664\" \/>Erg\u00e4nzt wird das Set durch eine <strong data-start=\"3696\" data-end=\"3723\">parf\u00fcmierte Body Lotion<\/strong>, die die Haut intensiv pflegt und zart duftend hinterl\u00e4sst, sowie eine <strong data-start=\"3795\" data-end=\"3807\">Miniatur<\/strong>, perfekt f\u00fcr unterwegs.<br data-start=\"3831\" data-end=\"3834\" \/>Ob als besonderes Geschenk oder als luxuri\u00f6ser Genuss f\u00fcr sich selbst \u2013 das <strong data-start=\"3910\" data-end=\"3938\">Mon Guerlain Geschenkset<\/strong> steht f\u00fcr Stil, Selbstbewusstsein und Eleganz. Mehr als nur ein Parfum, ist es ein t\u00e4gliches Sch\u00f6nheitsritual, das K\u00f6rper und Geist mit einem Hauch franz\u00f6sischer Exzellenz umh\u00fcllt.<\/p>\n<p>&nbsp;<\/p>\n<p>Follow us! <a href=\"https:\/\/www.instagram.com\/freeshopswiss\/\" target=\"_blank\" rel=\"noopener\">@freeshopswiss<\/a><\/p>\n","protected":false},"excerpt":{"rendered":"<p>Das <strong data-start=\"2981\" data-end=\"3018\">GUERLAIN Mon Guerlain Geschenkset<\/strong> ist eine Hommage an die moderne Weiblichkeit \u2013 stark, frei und sinnlich. Dieses luxuri\u00f6se Set verk\u00f6rpert zeitlose Eleganz und feine Raffinesse und ist ideal f\u00fcr Frauen, die ihre innere St\u00e4rke und Anmut zum Ausdruck bringen m\u00f6chten.<\/p>\n","protected":false},"featured_media":36654,"comment_status":"open","ping_status":"closed","template":"","meta":[],"pwb-brand":[],"product_brand":[],"product_cat":[292,84,111,485,546],"product_tag":[419,281,293,462,5051,5073,460],"class_list":{"0":"post-36658","1":"product","2":"type-product","3":"status-publish","4":"has-post-thumbnail","6":"product_cat-behandlungen","7":"product_cat-duefte","8":"product_cat-fur-sie-de","9":"product_cat-geschenkbox","10":"product_cat-gesichtsbehandlung","11":"product_tag-behandlungen-de","12":"product_tag-bestseller-de","13":"product_tag-frau","14":"product_tag-geschenkset-fuer-damen","15":"product_tag-muttertag","16":"product_tag-muttertags-parfums","17":"product_tag-parfuem-geschenkset","19":"first","20":"instock","21":"sale","22":"taxable","23":"shipping-taxable","24":"purchasable","25":"product-type-simple"},"brands":[],"_links":{"self":[{"href":"https:\/\/www.freeshopfrontiera.ch\/de\/wp-json\/wp\/v2\/product\/36658","targetHints":{"allow":["GET"]}}],"collection":[{"href":"https:\/\/www.freeshopfrontiera.ch\/de\/wp-json\/wp\/v2\/product"}],"about":[{"href":"https:\/\/www.freeshopfrontiera.ch\/de\/wp-json\/wp\/v2\/types\/product"}],"replies":[{"embeddable":true,"href":"https:\/\/www.freeshopfrontiera.ch\/de\/wp-json\/wp\/v2\/comments?post=36658"}],"version-history":[{"count":1,"href":"https:\/\/www.freeshopfrontiera.ch\/de\/wp-json\/wp\/v2\/product\/36658\/revisions"}],"predecessor-version":[{"id":36660,"href":"https:\/\/www.freeshopfrontiera.ch\/de\/wp-json\/wp\/v2\/product\/36658\/revisions\/36660"}],"wp:featuredmedia":[{"embeddable":true,"href":"https:\/\/www.freeshopfrontiera.ch\/de\/wp-json\/wp\/v2\/media\/36654"}],"wp:attachment":[{"href":"https:\/\/www.freeshopfrontiera.ch\/de\/wp-json\/wp\/v2\/media?parent=36658"}],"wp:term":[{"taxonomy":"pwb-brand","embeddable":true,"href":"https:\/\/www.freeshopfrontiera.ch\/de\/wp-json\/wp\/v2\/pwb-brand?post=36658"},{"taxonomy":"product_brand","embeddable":true,"href":"https:\/\/www.freeshopfrontiera.ch\/de\/wp-json\/wp\/v2\/product_brand?post=36658"},{"taxonomy":"product_cat","embeddable":true,"href":"https:\/\/www.freeshopfrontiera.ch\/de\/wp-json\/wp\/v2\/product_cat?post=36658"},{"taxonomy":"product_tag","embeddable":true,"href":"https:\/\/www.freeshopfrontiera.ch\/de\/wp-json\/wp\/v2\/product_tag?post=36658"}],"curies":[{"name":"wp","href":"https:\/\/api.w.org\/{rel}","templated":true}]}}