{"id":36686,"date":"2025-11-03T09:50:44","date_gmt":"2025-11-03T09:50:44","guid":{"rendered":"https:\/\/www.freeshopfrontiera.ch\/shop\/valentino-set-born-in-roma-donna\/"},"modified":"2025-11-03T09:59:21","modified_gmt":"2025-11-03T09:59:21","slug":"valentino-set-born-in-roma-donna","status":"publish","type":"product","link":"https:\/\/www.freeshopfrontiera.ch\/de\/shop\/valentino-set-born-in-roma-donna\/","title":{"rendered":"VALENTINO SET Born in Roma Donna"},"content":{"rendered":"<p data-start=\"2633\" data-end=\"3005\">Erleben Sie zeitgen\u00f6ssische Eleganz und Selbstbewusstsein mit dem <strong data-start=\"2699\" data-end=\"2753\">VALENTINO Born in Roma Eau de Parfum Set f\u00fcr Damen<\/strong>, einem exklusiven Geschenkset f\u00fcr moderne Frauen, die auffallen m\u00f6chten. Inspiriert von der ewigen Stadt, verk\u00f6rpert <strong data-start=\"2871\" data-end=\"2887\">Born in Roma<\/strong> k\u00fchne und raffinierte Weiblichkeit mit einer einzigartigen Kombination aus blumigen, fruchtigen und holzigen Noten.<\/p>\n<p data-start=\"3007\" data-end=\"3418\">Das Set enth\u00e4lt das <strong data-start=\"3027\" data-end=\"3049\">50ml Eau de Parfum<\/strong> sowie einen praktischen <strong data-start=\"3074\" data-end=\"3095\">10ml Travel Spray<\/strong>, ideal, um den Lieblingsduft jederzeit bei sich zu tragen. Die Komposition er\u00f6ffnet mit frischen Noten von <strong data-start=\"3203\" data-end=\"3245\">Bergamotte und schwarzer Johannisbeere<\/strong>, gefolgt von einem eleganten Herz aus <strong data-start=\"3284\" data-end=\"3309\">Jasmin, Rose und Iris<\/strong>, w\u00e4hrend die Basisnoten von <strong data-start=\"3338\" data-end=\"3375\">Vanille, Patchouli und Zedernholz<\/strong> W\u00e4rme, Tiefe und Sinnlichkeit verleihen.<\/p>\n<p data-start=\"3420\" data-end=\"3739\">Das <strong data-start=\"3424\" data-end=\"3454\">VALENTINO Born in Roma Set<\/strong> ist das perfekte Geschenk f\u00fcr alle, die einen eleganten, modernen und vielseitigen Duft suchen, der Pers\u00f6nlichkeit und Stil in jedem Moment ausdr\u00fcckt. Pr\u00e4sentiert in einer ikonischen und raffinierten Verpackung, verk\u00f6rpert dieses Duo Luxus, Stil und Weiblichkeit \u00e0 la <strong data-start=\"3723\" data-end=\"3736\">VALENTINO<\/strong>.<\/p>\n<p data-start=\"1140\" data-end=\"1471\">Follow us! <a href=\"https:\/\/www.instagram.com\/freeshopswiss\/\" target=\"_blank\" rel=\"noopener\">@freeshopswiss<\/a><\/p>\n","protected":false},"excerpt":{"rendered":"<p>Erleben Sie zeitgen\u00f6ssische Eleganz und Selbstbewusstsein mit dem <strong data-start=\"2699\" data-end=\"2753\">VALENTINO Born in Roma Eau de Parfum Set f\u00fcr Damen<\/strong>, einem exklusiven Geschenkset f\u00fcr moderne Frauen, die auffallen m\u00f6chten. Inspiriert von der ewigen Stadt, verk\u00f6rpert <strong data-start=\"2871\" data-end=\"2887\">Born in Roma<\/strong> k\u00fchne und raffinierte Weiblichkeit mit einer einzigartigen Kombination aus blumigen, fruchtigen und holzigen Noten.<\/p>\n","protected":false},"featured_media":36682,"comment_status":"open","ping_status":"closed","template":"","meta":[],"pwb-brand":[298],"product_brand":[],"product_cat":[292,111,485],"product_tag":[254,293,462,460],"class_list":{"0":"post-36686","1":"product","2":"type-product","3":"status-publish","4":"has-post-thumbnail","6":"pwb-brand-valentino","7":"product_cat-behandlungen","8":"product_cat-fur-sie-de","9":"product_cat-geschenkbox","10":"product_tag-eau-de-parfum-de","11":"product_tag-frau","12":"product_tag-geschenkset-fuer-damen","13":"product_tag-parfuem-geschenkset","15":"first","16":"outofstock","17":"sale","18":"taxable","19":"shipping-taxable","20":"purchasable","21":"product-type-simple"},"brands":[{"id":298,"name":"Valentino","slug":"valentino"}],"_links":{"self":[{"href":"https:\/\/www.freeshopfrontiera.ch\/de\/wp-json\/wp\/v2\/product\/36686","targetHints":{"allow":["GET"]}}],"collection":[{"href":"https:\/\/www.freeshopfrontiera.ch\/de\/wp-json\/wp\/v2\/product"}],"about":[{"href":"https:\/\/www.freeshopfrontiera.ch\/de\/wp-json\/wp\/v2\/types\/product"}],"replies":[{"embeddable":true,"href":"https:\/\/www.freeshopfrontiera.ch\/de\/wp-json\/wp\/v2\/comments?post=36686"}],"version-history":[{"count":1,"href":"https:\/\/www.freeshopfrontiera.ch\/de\/wp-json\/wp\/v2\/product\/36686\/revisions"}],"predecessor-version":[{"id":36688,"href":"https:\/\/www.freeshopfrontiera.ch\/de\/wp-json\/wp\/v2\/product\/36686\/revisions\/36688"}],"wp:featuredmedia":[{"embeddable":true,"href":"https:\/\/www.freeshopfrontiera.ch\/de\/wp-json\/wp\/v2\/media\/36682"}],"wp:attachment":[{"href":"https:\/\/www.freeshopfrontiera.ch\/de\/wp-json\/wp\/v2\/media?parent=36686"}],"wp:term":[{"taxonomy":"pwb-brand","embeddable":true,"href":"https:\/\/www.freeshopfrontiera.ch\/de\/wp-json\/wp\/v2\/pwb-brand?post=36686"},{"taxonomy":"product_brand","embeddable":true,"href":"https:\/\/www.freeshopfrontiera.ch\/de\/wp-json\/wp\/v2\/product_brand?post=36686"},{"taxonomy":"product_cat","embeddable":true,"href":"https:\/\/www.freeshopfrontiera.ch\/de\/wp-json\/wp\/v2\/product_cat?post=36686"},{"taxonomy":"product_tag","embeddable":true,"href":"https:\/\/www.freeshopfrontiera.ch\/de\/wp-json\/wp\/v2\/product_tag?post=36686"}],"curies":[{"name":"wp","href":"https:\/\/api.w.org\/{rel}","templated":true}]}}