{"id":36712,"date":"2025-11-03T11:10:57","date_gmt":"2025-11-03T11:10:57","guid":{"rendered":"https:\/\/www.freeshopfrontiera.ch\/shop\/babor-advent-calendar-2025\/"},"modified":"2026-03-06T16:18:20","modified_gmt":"2026-03-06T16:18:20","slug":"babor-advent-calendar-2025","status":"publish","type":"product","link":"https:\/\/www.freeshopfrontiera.ch\/de\/shop\/babor-advent-calendar-2025\/","title":{"rendered":"BABOR Advent Calendar 2025"},"content":{"rendered":"<p data-start=\"158\" data-end=\"190\"><strong data-start=\"158\" data-end=\"188\">BABOR Adventskalender 2025<\/strong><\/p>\n<p data-start=\"192\" data-end=\"584\">Erleben Sie die Magie der Weihnachtszeit mit dem <strong data-start=\"241\" data-end=\"271\">BABOR Adventskalender 2025<\/strong>, einem luxuri\u00f6sen Countdown, der jeden Tag im Dezember zu einem Moment <strong data-start=\"343\" data-end=\"378\">exklusiver Pflege und Sch\u00f6nheit<\/strong> macht. Im Inneren erwarten Sie <strong data-start=\"410\" data-end=\"460\">24 Premium-Skincare- und Beauty-\u00dcberraschungen<\/strong>, darunter <strong data-start=\"471\" data-end=\"521\">Seren, Cremes, Masken und exklusive Miniaturen<\/strong>, perfekt, um die ikonischen Produkte von BABOR zu entdecken.<\/p>\n<p data-start=\"586\" data-end=\"959\">Jedes T\u00fcrchen bietet ein t\u00e4gliches Verw\u00f6hnerlebnis und ist ideal f\u00fcr alle, die <strong data-start=\"665\" data-end=\"698\">ihrer Haut hochwertige Pflege<\/strong> g\u00f6nnen m\u00f6chten oder auf der Suche nach einem stilvollen und originellen Geschenk sind. Die sorgf\u00e4ltig zusammengestellte Auswahl vereint <strong data-start=\"835\" data-end=\"883\">kosmetische Innovation mit sinnlichem Genuss<\/strong>, mit zarten Texturen, eleganten D\u00fcften und wirkungsvollen Formulierungen.<\/p>\n<p data-start=\"961\" data-end=\"1196\">Mit seinem eleganten Design und der Liebe zum Detail ist der <strong data-start=\"1022\" data-end=\"1052\">BABOR Adventskalender 2025<\/strong> nicht nur ein Beauty-Geschenk, sondern auch ein stilvolles Dekorationsobjekt, das jedem Raum einen Hauch von Luxus und Festlichkeit verleiht.<\/p>\n<p data-start=\"1198\" data-end=\"1348\">Ein Kalender, der <strong data-start=\"1216\" data-end=\"1268\">24 Tage voller Pflege, Freude und \u00dcberraschungen<\/strong> schenkt und das Warten auf Weihnachten zu einem t\u00e4glichen Genussmoment macht.<\/p>\n<p data-start=\"1198\" data-end=\"1364\">Follow us! <a href=\"https:\/\/www.instagram.com\/freeshopswiss\/\" target=\"_blank\" rel=\"noopener\">@freeshopswiss<\/a><\/p>\n","protected":false},"excerpt":{"rendered":"<p>Erleben Sie die Magie der Weihnachtszeit mit dem <strong data-start=\"241\" data-end=\"271\">BABOR Adventskalender 2025<\/strong>, einem luxuri\u00f6sen Countdown, der jeden Tag im Dezember zu einem Moment <strong data-start=\"343\" data-end=\"378\">exklusiver Pflege und Sch\u00f6nheit<\/strong> macht.<\/p>\n","protected":false},"featured_media":36708,"comment_status":"open","ping_status":"closed","template":"","meta":[],"pwb-brand":[808],"product_brand":[],"product_cat":[292,144,111,549,4200,485,546],"product_tag":[419,281,293,462,300,5051,563,460],"class_list":{"0":"post-36712","1":"product","2":"type-product","3":"status-publish","4":"has-post-thumbnail","6":"pwb-brand-babor","7":"product_cat-behandlungen","8":"product_cat-bietet","9":"product_cat-fur-sie-de","10":"product_cat-augenpflegebehandlung","11":"product_cat-behandlungen-aktion","12":"product_cat-geschenkbox","13":"product_cat-gesichtsbehandlung","14":"product_tag-behandlungen-de","15":"product_tag-bestseller-de","16":"product_tag-frau","17":"product_tag-geschenkset-fuer-damen","18":"product_tag-gesichtsbehandlungen","19":"product_tag-muttertag","20":"product_tag-neuheiten-pflegeprodukte","21":"product_tag-parfuem-geschenkset","23":"first","24":"instock","25":"sale","26":"taxable","27":"shipping-taxable","28":"purchasable","29":"product-type-simple"},"brands":[{"id":808,"name":"Babor","slug":"babor"}],"_links":{"self":[{"href":"https:\/\/www.freeshopfrontiera.ch\/de\/wp-json\/wp\/v2\/product\/36712","targetHints":{"allow":["GET"]}}],"collection":[{"href":"https:\/\/www.freeshopfrontiera.ch\/de\/wp-json\/wp\/v2\/product"}],"about":[{"href":"https:\/\/www.freeshopfrontiera.ch\/de\/wp-json\/wp\/v2\/types\/product"}],"replies":[{"embeddable":true,"href":"https:\/\/www.freeshopfrontiera.ch\/de\/wp-json\/wp\/v2\/comments?post=36712"}],"version-history":[{"count":1,"href":"https:\/\/www.freeshopfrontiera.ch\/de\/wp-json\/wp\/v2\/product\/36712\/revisions"}],"predecessor-version":[{"id":36715,"href":"https:\/\/www.freeshopfrontiera.ch\/de\/wp-json\/wp\/v2\/product\/36712\/revisions\/36715"}],"wp:featuredmedia":[{"embeddable":true,"href":"https:\/\/www.freeshopfrontiera.ch\/de\/wp-json\/wp\/v2\/media\/36708"}],"wp:attachment":[{"href":"https:\/\/www.freeshopfrontiera.ch\/de\/wp-json\/wp\/v2\/media?parent=36712"}],"wp:term":[{"taxonomy":"pwb-brand","embeddable":true,"href":"https:\/\/www.freeshopfrontiera.ch\/de\/wp-json\/wp\/v2\/pwb-brand?post=36712"},{"taxonomy":"product_brand","embeddable":true,"href":"https:\/\/www.freeshopfrontiera.ch\/de\/wp-json\/wp\/v2\/product_brand?post=36712"},{"taxonomy":"product_cat","embeddable":true,"href":"https:\/\/www.freeshopfrontiera.ch\/de\/wp-json\/wp\/v2\/product_cat?post=36712"},{"taxonomy":"product_tag","embeddable":true,"href":"https:\/\/www.freeshopfrontiera.ch\/de\/wp-json\/wp\/v2\/product_tag?post=36712"}],"curies":[{"name":"wp","href":"https:\/\/api.w.org\/{rel}","templated":true}]}}