{"id":36725,"date":"2025-11-03T11:41:41","date_gmt":"2025-11-03T11:41:41","guid":{"rendered":"https:\/\/www.freeshopfrontiera.ch\/shop\/guerlain-set-aqua-allegoria-forte-floraboom\/"},"modified":"2025-11-03T11:44:40","modified_gmt":"2025-11-03T11:44:40","slug":"guerlain-set-aqua-allegoria-forte-floraboom","status":"publish","type":"product","link":"https:\/\/www.freeshopfrontiera.ch\/de\/shop\/guerlain-set-aqua-allegoria-forte-floraboom\/","title":{"rendered":"GUERLAIN SET Aqua Allegoria Forte Floraboom"},"content":{"rendered":"<p data-start=\"1095\" data-end=\"1189\"><strong data-start=\"1095\" data-end=\"1187\">GUERLAIN Set Aqua Allegoria Forte Floraboom Eau de Parfum 125ml + Body Lotion + Miniatur<\/strong><\/p>\n<p data-start=\"1191\" data-end=\"1603\">Entdecken Sie die Eleganz und blumige Frische von <strong data-start=\"1241\" data-end=\"1284\">Guerlain Aqua Allegoria Forte Floraboom<\/strong>, einem exklusiven Set, das <strong data-start=\"1312\" data-end=\"1347\">Duft, K\u00f6rperpflege und Miniatur<\/strong> f\u00fcr ein vollst\u00e4ndiges Beauty-Erlebnis vereint. Das <strong data-start=\"1399\" data-end=\"1422\">125ml Eau de Parfum<\/strong> entfaltet intensive und leuchtende Blumennoten, in denen sich zarte wei\u00dfe Blumen mit fruchtigen und gr\u00fcnen Akzenten verbinden und ein harmonisches, raffiniertes Bouquet schaffen.<\/p>\n<p data-start=\"1605\" data-end=\"1867\">Die <strong data-start=\"1609\" data-end=\"1624\">Body Lotion<\/strong> spendet der Haut Feuchtigkeit und Geschmeidigkeit und h\u00fcllt sie in denselben eleganten und lebendigen Duft des Parfums, w\u00e4hrend die <strong data-start=\"1757\" data-end=\"1769\">Miniatur<\/strong> es erm\u00f6glicht, die Guerlain-Essenz jederzeit mitzunehmen \u2013 ideal f\u00fcr unterwegs oder auf Reisen.<\/p>\n<p data-start=\"1869\" data-end=\"2079\">Perfekt als luxuri\u00f6ses Geschenk oder f\u00fcr die pers\u00f6nliche Verw\u00f6hnung, vereint dieses Set <strong data-start=\"1957\" data-end=\"1994\">die Kunst der Guerlain-Parf\u00fcmerie<\/strong> mit kreativer Duftkomposition und Hautpflege zu einem raffinierten Sinneserlebnis.<\/p>\n<p data-start=\"860\" data-end=\"1088\">Follow us! <a href=\"https:\/\/www.instagram.com\/freeshopswiss\/\" target=\"_blank\" rel=\"noopener\">@freeshopswiss<\/a><\/p>\n","protected":false},"excerpt":{"rendered":"<p>Entdecken Sie die Eleganz und blumige Frische von <strong data-start=\"1241\" data-end=\"1284\">Guerlain Aqua Allegoria Forte Floraboom<\/strong>, einem exklusiven Set, das <strong data-start=\"1312\" data-end=\"1347\">Duft, K\u00f6rperpflege und Miniatur<\/strong> f\u00fcr ein vollst\u00e4ndiges Beauty-Erlebnis vereint.<\/p>\n","protected":false},"featured_media":36720,"comment_status":"open","ping_status":"closed","template":"","meta":[],"pwb-brand":[2199],"product_brand":[],"product_cat":[292,84,485,546],"product_tag":[148,952,293,462,460],"class_list":{"0":"post-36725","1":"product","2":"type-product","3":"status-publish","4":"has-post-thumbnail","6":"pwb-brand-guerlain","7":"product_cat-behandlungen","8":"product_cat-duefte","9":"product_cat-geschenkbox","10":"product_cat-gesichtsbehandlung","11":"product_tag-angebot","12":"product_tag-profumi-de","13":"product_tag-frau","14":"product_tag-geschenkset-fuer-damen","15":"product_tag-parfuem-geschenkset","17":"first","18":"outofstock","19":"sale","20":"taxable","21":"shipping-taxable","22":"purchasable","23":"product-type-simple"},"brands":[{"id":2199,"name":"Guerlain","slug":"guerlain"}],"_links":{"self":[{"href":"https:\/\/www.freeshopfrontiera.ch\/de\/wp-json\/wp\/v2\/product\/36725","targetHints":{"allow":["GET"]}}],"collection":[{"href":"https:\/\/www.freeshopfrontiera.ch\/de\/wp-json\/wp\/v2\/product"}],"about":[{"href":"https:\/\/www.freeshopfrontiera.ch\/de\/wp-json\/wp\/v2\/types\/product"}],"replies":[{"embeddable":true,"href":"https:\/\/www.freeshopfrontiera.ch\/de\/wp-json\/wp\/v2\/comments?post=36725"}],"version-history":[{"count":1,"href":"https:\/\/www.freeshopfrontiera.ch\/de\/wp-json\/wp\/v2\/product\/36725\/revisions"}],"predecessor-version":[{"id":36727,"href":"https:\/\/www.freeshopfrontiera.ch\/de\/wp-json\/wp\/v2\/product\/36725\/revisions\/36727"}],"wp:featuredmedia":[{"embeddable":true,"href":"https:\/\/www.freeshopfrontiera.ch\/de\/wp-json\/wp\/v2\/media\/36720"}],"wp:attachment":[{"href":"https:\/\/www.freeshopfrontiera.ch\/de\/wp-json\/wp\/v2\/media?parent=36725"}],"wp:term":[{"taxonomy":"pwb-brand","embeddable":true,"href":"https:\/\/www.freeshopfrontiera.ch\/de\/wp-json\/wp\/v2\/pwb-brand?post=36725"},{"taxonomy":"product_brand","embeddable":true,"href":"https:\/\/www.freeshopfrontiera.ch\/de\/wp-json\/wp\/v2\/product_brand?post=36725"},{"taxonomy":"product_cat","embeddable":true,"href":"https:\/\/www.freeshopfrontiera.ch\/de\/wp-json\/wp\/v2\/product_cat?post=36725"},{"taxonomy":"product_tag","embeddable":true,"href":"https:\/\/www.freeshopfrontiera.ch\/de\/wp-json\/wp\/v2\/product_tag?post=36725"}],"curies":[{"name":"wp","href":"https:\/\/api.w.org\/{rel}","templated":true}]}}