{"id":36737,"date":"2025-11-03T11:53:11","date_gmt":"2025-11-03T11:53:11","guid":{"rendered":"https:\/\/www.freeshopfrontiera.ch\/shop\/arabian-eagle-arlen-eau-de-parfum-100ml\/"},"modified":"2026-02-17T19:57:06","modified_gmt":"2026-02-17T19:57:06","slug":"arabian-eagle-arlen-eau-de-parfum-100ml","status":"publish","type":"product","link":"https:\/\/www.freeshopfrontiera.ch\/de\/shop\/arabian-eagle-arlen-eau-de-parfum-100ml\/","title":{"rendered":"ARABIAN EAGLE ARLEN Eau de Parfum 100ml"},"content":{"rendered":"<p data-start=\"2267\" data-end=\"2318\"><strong data-start=\"2267\" data-end=\"2316\">ARABIAN EAGLE Arlen Eau de Parfum Spray 100ml<\/strong><\/p>\n<p data-start=\"2320\" data-end=\"3304\"><strong data-start=\"2320\" data-end=\"2343\">Arabian Eagle Arlen<\/strong> ist ein einzigartiger Duft f\u00fcr alle, die mit Eleganz und Selbstbewusstsein auffallen m\u00f6chten. Die Kopfnote er\u00f6ffnet mit lebendiger Zitrusfrische und feinen Gew\u00fcrzakzenten, die sofort Aufmerksamkeit erregen und die Sinne beleben. Das Herz enth\u00fcllt einen raffinierten Bouquet aus Blumen und edlen H\u00f6lzern, der Tiefe und verf\u00fchrerischen Charme verleiht und eine perfekte Balance zwischen Leichtigkeit und Intensit\u00e4t schafft.<\/p>\n<p data-start=\"2320\" data-end=\"3304\">Die warme, langanhaltende Basis aus Bernstein, Moschus und zarten Vanillenoten hinterl\u00e4sst eine elegante, unvergessliche Spur. <strong data-start=\"2893\" data-end=\"2902\">Arlen<\/strong> eignet sich sowohl f\u00fcr Tag als auch Abend und verwandelt jeden Moment in ein au\u00dfergew\u00f6hnliches sinnliches Erlebnis. Seine raffinierte Komposition macht ihn auch zu einem idealen Geschenk f\u00fcr Liebhaber exklusiver D\u00fcfte. Mit <strong data-start=\"3126\" data-end=\"3149\">Arabian Eagle Arlen<\/strong> wird jede Bewegung zum Ausdruck von Stil und Pers\u00f6nlichkeit \u2013 ein Parfum, das Geschichten von zeitloser Faszination, Geheimnis und Sinnlichkeit erz\u00e4hlt.<\/p>\n<p data-start=\"252\" data-end=\"1293\">Follow us! <a href=\"https:\/\/www.instagram.com\/freeshopswiss\/\" target=\"_blank\" rel=\"noopener\">@freeshopswiss<\/a><\/p>\n","protected":false},"excerpt":{"rendered":"<p><strong data-start=\"2320\" data-end=\"2343\">Arabian Eagle Arlen<\/strong> ist ein einzigartiger Duft f\u00fcr alle, die mit Eleganz und Selbstbewusstsein auffallen m\u00f6chten. Die Kopfnote er\u00f6ffnet mit lebendiger Zitrusfrische und feinen Gew\u00fcrzakzenten, die sofort Aufmerksamkeit erregen und die Sinne beleben.<\/p>\n","protected":false},"featured_media":36733,"comment_status":"open","ping_status":"closed","template":"","meta":[],"pwb-brand":[3139],"product_brand":[],"product_cat":[84,86,111],"product_tag":[952,254,293,953],"class_list":{"0":"post-36737","1":"product","2":"type-product","3":"status-publish","4":"has-post-thumbnail","6":"pwb-brand-arabian-eagle","7":"product_cat-duefte","8":"product_cat-fur-ihn-de","9":"product_cat-fur-sie-de","10":"product_tag-profumi-de","11":"product_tag-eau-de-parfum-de","12":"product_tag-frau","13":"product_tag-uomo-de","15":"first","16":"outofstock","17":"sale","18":"taxable","19":"shipping-taxable","20":"purchasable","21":"product-type-simple"},"brands":[{"id":3139,"name":"Arabian Eagle","slug":"arabian-eagle"}],"_links":{"self":[{"href":"https:\/\/www.freeshopfrontiera.ch\/de\/wp-json\/wp\/v2\/product\/36737","targetHints":{"allow":["GET"]}}],"collection":[{"href":"https:\/\/www.freeshopfrontiera.ch\/de\/wp-json\/wp\/v2\/product"}],"about":[{"href":"https:\/\/www.freeshopfrontiera.ch\/de\/wp-json\/wp\/v2\/types\/product"}],"replies":[{"embeddable":true,"href":"https:\/\/www.freeshopfrontiera.ch\/de\/wp-json\/wp\/v2\/comments?post=36737"}],"version-history":[{"count":1,"href":"https:\/\/www.freeshopfrontiera.ch\/de\/wp-json\/wp\/v2\/product\/36737\/revisions"}],"predecessor-version":[{"id":36740,"href":"https:\/\/www.freeshopfrontiera.ch\/de\/wp-json\/wp\/v2\/product\/36737\/revisions\/36740"}],"wp:featuredmedia":[{"embeddable":true,"href":"https:\/\/www.freeshopfrontiera.ch\/de\/wp-json\/wp\/v2\/media\/36733"}],"wp:attachment":[{"href":"https:\/\/www.freeshopfrontiera.ch\/de\/wp-json\/wp\/v2\/media?parent=36737"}],"wp:term":[{"taxonomy":"pwb-brand","embeddable":true,"href":"https:\/\/www.freeshopfrontiera.ch\/de\/wp-json\/wp\/v2\/pwb-brand?post=36737"},{"taxonomy":"product_brand","embeddable":true,"href":"https:\/\/www.freeshopfrontiera.ch\/de\/wp-json\/wp\/v2\/product_brand?post=36737"},{"taxonomy":"product_cat","embeddable":true,"href":"https:\/\/www.freeshopfrontiera.ch\/de\/wp-json\/wp\/v2\/product_cat?post=36737"},{"taxonomy":"product_tag","embeddable":true,"href":"https:\/\/www.freeshopfrontiera.ch\/de\/wp-json\/wp\/v2\/product_tag?post=36737"}],"curies":[{"name":"wp","href":"https:\/\/api.w.org\/{rel}","templated":true}]}}