{"id":36803,"date":"2025-11-07T10:50:03","date_gmt":"2025-11-07T10:50:03","guid":{"rendered":"https:\/\/www.freeshopfrontiera.ch\/shop\/prices-candles-warm-hug\/"},"modified":"2025-11-07T10:55:35","modified_gmt":"2025-11-07T10:55:35","slug":"prices-candles-warm-hug","status":"publish","type":"product","link":"https:\/\/www.freeshopfrontiera.ch\/de\/shop\/prices-candles-warm-hug\/","title":{"rendered":"PRICE&#8217;S CANDLES Warm Hug"},"content":{"rendered":"<p data-start=\"105\" data-end=\"137\"><strong data-start=\"105\" data-end=\"135\">PRICE&#8217;S CANDLES \u2013 Warm Hug<\/strong><\/p>\n<p data-start=\"1001\" data-end=\"1256\">Warm Hug von Price\u2019s Candles umh\u00fcllt die Sinne wie eine warme, tr\u00f6stliche Umarmung. Der Duft vereint s\u00fc\u00dfe und sanfte Noten und vermittelt ein Gef\u00fchl von heimischem Komfort und Entspannung \u2013 ideal, um eine gem\u00fctliche Atmosph\u00e4re in jedem Raum zu schaffen.<\/p>\n<p data-start=\"1258\" data-end=\"1545\">Beim Entz\u00fcnden von Warm Hug erf\u00fcllt die Luft zarte Nuancen von cremiger Vanille, Honig und leicht gew\u00fcrztem Holz, die S\u00fc\u00dfe und W\u00e4rme harmonisch ausbalancieren. Hergestellt aus hochwertigem Wachs sorgt diese Kerze f\u00fcr eine gleichm\u00e4\u00dfige, langanhaltende Brenndauer ohne \u00fcberm\u00e4\u00dfigen Rauch.<\/p>\n<p data-start=\"1547\" data-end=\"1841\">Perfekt f\u00fcr Momente der Ruhe, beim Lesen oder Meditieren, verwandelt Warm Hug Ihr Zuhause in eine Oase der Gelassenheit. Mit elegantem, minimalistischem Design f\u00fcgt sie sich nahtlos in jede Einrichtung ein und eignet sich hervorragend als Geschenk, um Wohlbefinden und Geborgenheit zu teilen.<\/p>\n<p data-start=\"710\" data-end=\"1031\">Follow us! <a href=\"https:\/\/www.instagram.com\/freeshopswiss\/\" target=\"_blank\" rel=\"noopener\">@freeshopswiss<\/a><\/p>\n","protected":false},"excerpt":{"rendered":"<p>Warm Hug von Price\u2019s Candles umh\u00fcllt die Sinne wie eine warme, tr\u00f6stliche Umarmung.<\/p>\n","protected":false},"featured_media":36785,"comment_status":"open","ping_status":"closed","template":"","meta":[],"pwb-brand":[3161],"product_brand":[],"product_cat":[533],"product_tag":[3172,3173],"class_list":{"0":"post-36803","1":"product","2":"type-product","3":"status-publish","4":"has-post-thumbnail","6":"pwb-brand-prices-candles","7":"product_cat-raumduefte","8":"product_tag-duftkerzen","9":"product_tag-raumduft","11":"first","12":"instock","13":"sale","14":"taxable","15":"shipping-taxable","16":"purchasable","17":"product-type-variable","18":"has-default-attributes"},"brands":[{"id":3161,"name":"Price's Candles","slug":"prices-candles"}],"_links":{"self":[{"href":"https:\/\/www.freeshopfrontiera.ch\/de\/wp-json\/wp\/v2\/product\/36803","targetHints":{"allow":["GET"]}}],"collection":[{"href":"https:\/\/www.freeshopfrontiera.ch\/de\/wp-json\/wp\/v2\/product"}],"about":[{"href":"https:\/\/www.freeshopfrontiera.ch\/de\/wp-json\/wp\/v2\/types\/product"}],"replies":[{"embeddable":true,"href":"https:\/\/www.freeshopfrontiera.ch\/de\/wp-json\/wp\/v2\/comments?post=36803"}],"version-history":[{"count":1,"href":"https:\/\/www.freeshopfrontiera.ch\/de\/wp-json\/wp\/v2\/product\/36803\/revisions"}],"predecessor-version":[{"id":36808,"href":"https:\/\/www.freeshopfrontiera.ch\/de\/wp-json\/wp\/v2\/product\/36803\/revisions\/36808"}],"wp:featuredmedia":[{"embeddable":true,"href":"https:\/\/www.freeshopfrontiera.ch\/de\/wp-json\/wp\/v2\/media\/36785"}],"wp:attachment":[{"href":"https:\/\/www.freeshopfrontiera.ch\/de\/wp-json\/wp\/v2\/media?parent=36803"}],"wp:term":[{"taxonomy":"pwb-brand","embeddable":true,"href":"https:\/\/www.freeshopfrontiera.ch\/de\/wp-json\/wp\/v2\/pwb-brand?post=36803"},{"taxonomy":"product_brand","embeddable":true,"href":"https:\/\/www.freeshopfrontiera.ch\/de\/wp-json\/wp\/v2\/product_brand?post=36803"},{"taxonomy":"product_cat","embeddable":true,"href":"https:\/\/www.freeshopfrontiera.ch\/de\/wp-json\/wp\/v2\/product_cat?post=36803"},{"taxonomy":"product_tag","embeddable":true,"href":"https:\/\/www.freeshopfrontiera.ch\/de\/wp-json\/wp\/v2\/product_tag?post=36803"}],"curies":[{"name":"wp","href":"https:\/\/api.w.org\/{rel}","templated":true}]}}