{"id":36828,"date":"2025-11-07T11:16:44","date_gmt":"2025-11-07T11:16:44","guid":{"rendered":"https:\/\/www.freeshopfrontiera.ch\/shop\/prices-candles-soft-sakura\/"},"modified":"2026-01-26T12:36:46","modified_gmt":"2026-01-26T12:36:46","slug":"prices-candles-soft-sakura","status":"publish","type":"product","link":"https:\/\/www.freeshopfrontiera.ch\/de\/shop\/prices-candles-soft-sakura\/","title":{"rendered":"PRICE&#8217;S CANDLES Soft Sakura"},"content":{"rendered":"<p data-start=\"1020\" data-end=\"1055\"><strong data-start=\"1020\" data-end=\"1053\">PRICE&#8217;S CANDLES \u2013 Soft Sakura<\/strong><\/p>\n<p data-start=\"1057\" data-end=\"1332\">Soft Sakura von Price\u2019s Candles f\u00e4ngt die Zartheit und Poesie der Kirschbl\u00fcte im Fr\u00fchling ein. Der feine Duft vereint frische und florale Noten und schafft eine leichte, romantische und entspannende Atmosph\u00e4re \u2013 ideal, um jeden Raum in eine Oase der Harmonie zu verwandeln.<\/p>\n<p data-start=\"1334\" data-end=\"1662\">Beim Entz\u00fcnden von Soft Sakura erf\u00fcllt die Luft sanfte Nuancen von Kirschbl\u00fcten, frischen Bl\u00fctenbl\u00e4ttern und einem Hauch leichter Fr\u00fcchte, die eine elegante Balance zwischen Frische und S\u00fc\u00dfe erzeugen. Hergestellt aus hochwertigem Wachs sorgt diese Kerze f\u00fcr eine gleichm\u00e4\u00dfige, langanhaltende Brenndauer ohne \u00fcberm\u00e4\u00dfigen Rauch.<\/p>\n<p data-start=\"1664\" data-end=\"1911\">Perfekt f\u00fcr Momente der Entspannung, Meditation oder beim Lesen, bringt Soft Sakura einen Hauch von Fr\u00fchling in Ihr Zuhause. Das minimalistische und elegante Design macht sie zudem zu einem idealen Geschenk, das Zartheit und F\u00fcrsorge vermittelt.<\/p>\n<p data-start=\"816\" data-end=\"1050\">Follow us! <a href=\"https:\/\/www.instagram.com\/freeshopswiss\/\" target=\"_blank\" rel=\"noopener\">@freeshopswiss<\/a><\/p>\n","protected":false},"excerpt":{"rendered":"<p>Soft Sakura von Price\u2019s Candles f\u00e4ngt die Zartheit und Poesie der Kirschbl\u00fcte im Fr\u00fchling ein. Der feine Duft vereint frische und florale Noten und schafft eine leichte, romantische und entspannende Atmosph\u00e4re \u2013 ideal, um jeden Raum in eine Oase der Harmonie zu verwandeln.<\/p>\n","protected":false},"featured_media":36814,"comment_status":"open","ping_status":"closed","template":"","meta":[],"pwb-brand":[3161],"product_brand":[],"product_cat":[533],"product_tag":[3172,4368,2810,3173],"class_list":{"0":"post-36828","1":"product","2":"type-product","3":"status-publish","4":"has-post-thumbnail","6":"pwb-brand-prices-candles","7":"product_cat-raumduefte","8":"product_tag-duftkerzen","9":"product_tag-fruehlingsspecial","10":"product_tag-home-diffuser-de","11":"product_tag-raumduft","13":"first","14":"instock","15":"sale","16":"taxable","17":"shipping-taxable","18":"purchasable","19":"product-type-variable","20":"has-default-attributes"},"brands":[{"id":3161,"name":"Price's Candles","slug":"prices-candles"}],"_links":{"self":[{"href":"https:\/\/www.freeshopfrontiera.ch\/de\/wp-json\/wp\/v2\/product\/36828","targetHints":{"allow":["GET"]}}],"collection":[{"href":"https:\/\/www.freeshopfrontiera.ch\/de\/wp-json\/wp\/v2\/product"}],"about":[{"href":"https:\/\/www.freeshopfrontiera.ch\/de\/wp-json\/wp\/v2\/types\/product"}],"replies":[{"embeddable":true,"href":"https:\/\/www.freeshopfrontiera.ch\/de\/wp-json\/wp\/v2\/comments?post=36828"}],"version-history":[{"count":2,"href":"https:\/\/www.freeshopfrontiera.ch\/de\/wp-json\/wp\/v2\/product\/36828\/revisions"}],"predecessor-version":[{"id":36834,"href":"https:\/\/www.freeshopfrontiera.ch\/de\/wp-json\/wp\/v2\/product\/36828\/revisions\/36834"}],"wp:featuredmedia":[{"embeddable":true,"href":"https:\/\/www.freeshopfrontiera.ch\/de\/wp-json\/wp\/v2\/media\/36814"}],"wp:attachment":[{"href":"https:\/\/www.freeshopfrontiera.ch\/de\/wp-json\/wp\/v2\/media?parent=36828"}],"wp:term":[{"taxonomy":"pwb-brand","embeddable":true,"href":"https:\/\/www.freeshopfrontiera.ch\/de\/wp-json\/wp\/v2\/pwb-brand?post=36828"},{"taxonomy":"product_brand","embeddable":true,"href":"https:\/\/www.freeshopfrontiera.ch\/de\/wp-json\/wp\/v2\/product_brand?post=36828"},{"taxonomy":"product_cat","embeddable":true,"href":"https:\/\/www.freeshopfrontiera.ch\/de\/wp-json\/wp\/v2\/product_cat?post=36828"},{"taxonomy":"product_tag","embeddable":true,"href":"https:\/\/www.freeshopfrontiera.ch\/de\/wp-json\/wp\/v2\/product_tag?post=36828"}],"curies":[{"name":"wp","href":"https:\/\/api.w.org\/{rel}","templated":true}]}}