{"id":36954,"date":"2025-11-11T09:05:02","date_gmt":"2025-11-11T09:05:02","guid":{"rendered":"https:\/\/www.freeshopfrontiera.ch\/shop\/prices-candles-apple-chai\/"},"modified":"2025-11-11T09:17:28","modified_gmt":"2025-11-11T09:17:28","slug":"prices-candles-apple-chai","status":"publish","type":"product","link":"https:\/\/www.freeshopfrontiera.ch\/de\/shop\/prices-candles-apple-chai\/","title":{"rendered":"PRICE&#8217;S CANDLES Apple Chai"},"content":{"rendered":"<p data-start=\"992\" data-end=\"1505\"><strong data-start=\"992\" data-end=\"1006\">Apple Chai<\/strong> von <strong data-start=\"1011\" data-end=\"1030\">Price\u2019s Candles<\/strong> ist eine raffinierte Mischung herbstlicher D\u00fcfte, die W\u00e4rme, Geborgenheit und s\u00fc\u00dfe Entspannungsmomente hervorrufen. Der Duft \u00f6ffnet sich mit saftigen, frischen Noten von <strong data-start=\"1201\" data-end=\"1216\">rotem Apfel<\/strong>, die sich harmonisch mit einem w\u00fcrzigen Herzen aus <strong data-start=\"1268\" data-end=\"1297\">Zimt, Nelken und Kardamom<\/strong> verbinden \u2013 ganz wie ein frisch aufgebr\u00fchter Chai-Tee. Im Hintergrund verleihen feine Akzente von <strong data-start=\"1396\" data-end=\"1421\">Vanille und Amberholz<\/strong> dem Duft Tiefe und Weichheit und schaffen eine gem\u00fctliche, einladende Atmosph\u00e4re.<\/p>\n<p data-start=\"1507\" data-end=\"1901\">Perfekt f\u00fcr kalte Tage oder um jedem Raum zu jeder Jahreszeit eine warme Note zu verleihen. Diese Kerze verstr\u00f6mt einen ausgewogenen, langanhaltenden Duft, der jeden Raum in eine Oase der Entspannung verwandelt. Mit ihrem eleganten Design und der bew\u00e4hrten Qualit\u00e4t von <strong data-start=\"1777\" data-end=\"1796\">Price\u2019s Candles<\/strong> ist Apple Chai die ideale Wahl f\u00fcr Liebhaber w\u00fcrzig-fruchtiger D\u00fcfte mit Charakter und Pers\u00f6nlichkeit.<\/p>\n<p data-start=\"522\" data-end=\"927\" data-is-last-node=\"\" data-is-only-node=\"\">Follow us! <a href=\"https:\/\/www.instagram.com\/freeshopswiss\/\" target=\"_blank\" rel=\"noopener\">@freeshopswiss<\/a><\/p>\n","protected":false},"excerpt":{"rendered":"<p><strong data-start=\"992\" data-end=\"1006\">Apple Chai<\/strong> von <strong data-start=\"1011\" data-end=\"1030\">Price\u2019s Candles<\/strong> ist eine raffinierte Mischung herbstlicher D\u00fcfte, die W\u00e4rme, Geborgenheit und s\u00fc\u00dfe Entspannungsmomente hervorrufen.<\/p>\n","protected":false},"featured_media":36936,"comment_status":"open","ping_status":"closed","template":"","meta":[],"pwb-brand":[3161],"product_brand":[],"product_cat":[533],"product_tag":[3172,2810,3173],"class_list":{"0":"post-36954","1":"product","2":"type-product","3":"status-publish","4":"has-post-thumbnail","6":"pwb-brand-prices-candles","7":"product_cat-raumduefte","8":"product_tag-duftkerzen","9":"product_tag-home-diffuser-de","10":"product_tag-raumduft","12":"first","13":"instock","14":"sale","15":"taxable","16":"shipping-taxable","17":"purchasable","18":"product-type-variable","19":"has-default-attributes"},"brands":[{"id":3161,"name":"Price's Candles","slug":"prices-candles"}],"_links":{"self":[{"href":"https:\/\/www.freeshopfrontiera.ch\/de\/wp-json\/wp\/v2\/product\/36954","targetHints":{"allow":["GET"]}}],"collection":[{"href":"https:\/\/www.freeshopfrontiera.ch\/de\/wp-json\/wp\/v2\/product"}],"about":[{"href":"https:\/\/www.freeshopfrontiera.ch\/de\/wp-json\/wp\/v2\/types\/product"}],"replies":[{"embeddable":true,"href":"https:\/\/www.freeshopfrontiera.ch\/de\/wp-json\/wp\/v2\/comments?post=36954"}],"version-history":[{"count":2,"href":"https:\/\/www.freeshopfrontiera.ch\/de\/wp-json\/wp\/v2\/product\/36954\/revisions"}],"predecessor-version":[{"id":36959,"href":"https:\/\/www.freeshopfrontiera.ch\/de\/wp-json\/wp\/v2\/product\/36954\/revisions\/36959"}],"wp:featuredmedia":[{"embeddable":true,"href":"https:\/\/www.freeshopfrontiera.ch\/de\/wp-json\/wp\/v2\/media\/36936"}],"wp:attachment":[{"href":"https:\/\/www.freeshopfrontiera.ch\/de\/wp-json\/wp\/v2\/media?parent=36954"}],"wp:term":[{"taxonomy":"pwb-brand","embeddable":true,"href":"https:\/\/www.freeshopfrontiera.ch\/de\/wp-json\/wp\/v2\/pwb-brand?post=36954"},{"taxonomy":"product_brand","embeddable":true,"href":"https:\/\/www.freeshopfrontiera.ch\/de\/wp-json\/wp\/v2\/product_brand?post=36954"},{"taxonomy":"product_cat","embeddable":true,"href":"https:\/\/www.freeshopfrontiera.ch\/de\/wp-json\/wp\/v2\/product_cat?post=36954"},{"taxonomy":"product_tag","embeddable":true,"href":"https:\/\/www.freeshopfrontiera.ch\/de\/wp-json\/wp\/v2\/product_tag?post=36954"}],"curies":[{"name":"wp","href":"https:\/\/api.w.org\/{rel}","templated":true}]}}