{"id":36996,"date":"2025-11-11T10:05:03","date_gmt":"2025-11-11T10:05:03","guid":{"rendered":"https:\/\/www.freeshopfrontiera.ch\/shop\/prices-candles-sunrise-infusion\/"},"modified":"2025-11-11T10:17:23","modified_gmt":"2025-11-11T10:17:23","slug":"prices-candles-sunrise-infusion","status":"publish","type":"product","link":"https:\/\/www.freeshopfrontiera.ch\/de\/shop\/prices-candles-sunrise-infusion\/","title":{"rendered":"PRICE&#8217;S CANDLES Sunrise Infusion"},"content":{"rendered":"<p data-start=\"1053\" data-end=\"1506\"><strong data-start=\"1053\" data-end=\"1091\">Price\u2019s Candles \u2013 Sunrise Infusion<\/strong> ist ein heller, belebender Duft, der die Frische und Energie der fr\u00fchen Morgenstunden einf\u00e4ngt. Spritzige Noten von <strong data-start=\"1208\" data-end=\"1241\">Zitrusfr\u00fcchten und Sommerobst<\/strong> vereinen sich mit einem zarten Herzen aus <strong data-start=\"1284\" data-end=\"1316\">wei\u00dfen Bl\u00fcten und gr\u00fcnem Tee<\/strong>, um ein ausgewogenes, vitalisierendes Aroma zu schaffen. In der Basis sorgen <strong data-start=\"1394\" data-end=\"1422\">Moschus und helle H\u00f6lzer<\/strong> f\u00fcr W\u00e4rme und Harmonie und erinnern an die Ruhe eines strahlenden Sonnenaufgangs.<\/p>\n<p data-start=\"1508\" data-end=\"1896\">Ideal, um den Tag positiv zu beginnen oder Wohnr\u00e4ume zu erfrischen \u2013 <strong data-start=\"1577\" data-end=\"1597\">Sunrise Infusion<\/strong> verstr\u00f6mt einen klaren, energetisierenden Duft, der Wohlbefinden und Leichtigkeit vermittelt. Mit ihrem eleganten Design und der bew\u00e4hrten Qualit\u00e4t von <strong data-start=\"1750\" data-end=\"1769\">Price\u2019s Candles<\/strong> ist diese Kerze perfekt f\u00fcr alle, die frische, nat\u00fcrliche und lebendige D\u00fcfte lieben, die jedem Raum neue Energie verleihen.<\/p>\n<p data-start=\"609\" data-end=\"1044\">Follow us! <a href=\"https:\/\/www.instagram.com\/freeshopswiss\/\" target=\"_blank\" rel=\"noopener\">@freeshopswiss<\/a><\/p>\n","protected":false},"excerpt":{"rendered":"<p><strong data-start=\"1053\" data-end=\"1091\">Price\u2019s Candles \u2013 Sunrise Infusion<\/strong> ist ein heller, belebender Duft, der die Frische und Energie der fr\u00fchen Morgenstunden einf\u00e4ngt.<\/p>\n","protected":false},"featured_media":36978,"comment_status":"open","ping_status":"closed","template":"","meta":[],"pwb-brand":[3161],"product_brand":[],"product_cat":[533],"product_tag":[3172,2810,3173],"class_list":{"0":"post-36996","1":"product","2":"type-product","3":"status-publish","4":"has-post-thumbnail","6":"pwb-brand-prices-candles","7":"product_cat-raumduefte","8":"product_tag-duftkerzen","9":"product_tag-home-diffuser-de","10":"product_tag-raumduft","12":"first","13":"instock","14":"sale","15":"taxable","16":"shipping-taxable","17":"purchasable","18":"product-type-variable","19":"has-default-attributes"},"brands":[{"id":3161,"name":"Price's Candles","slug":"prices-candles"}],"_links":{"self":[{"href":"https:\/\/www.freeshopfrontiera.ch\/de\/wp-json\/wp\/v2\/product\/36996","targetHints":{"allow":["GET"]}}],"collection":[{"href":"https:\/\/www.freeshopfrontiera.ch\/de\/wp-json\/wp\/v2\/product"}],"about":[{"href":"https:\/\/www.freeshopfrontiera.ch\/de\/wp-json\/wp\/v2\/types\/product"}],"replies":[{"embeddable":true,"href":"https:\/\/www.freeshopfrontiera.ch\/de\/wp-json\/wp\/v2\/comments?post=36996"}],"version-history":[{"count":2,"href":"https:\/\/www.freeshopfrontiera.ch\/de\/wp-json\/wp\/v2\/product\/36996\/revisions"}],"predecessor-version":[{"id":37002,"href":"https:\/\/www.freeshopfrontiera.ch\/de\/wp-json\/wp\/v2\/product\/36996\/revisions\/37002"}],"wp:featuredmedia":[{"embeddable":true,"href":"https:\/\/www.freeshopfrontiera.ch\/de\/wp-json\/wp\/v2\/media\/36978"}],"wp:attachment":[{"href":"https:\/\/www.freeshopfrontiera.ch\/de\/wp-json\/wp\/v2\/media?parent=36996"}],"wp:term":[{"taxonomy":"pwb-brand","embeddable":true,"href":"https:\/\/www.freeshopfrontiera.ch\/de\/wp-json\/wp\/v2\/pwb-brand?post=36996"},{"taxonomy":"product_brand","embeddable":true,"href":"https:\/\/www.freeshopfrontiera.ch\/de\/wp-json\/wp\/v2\/product_brand?post=36996"},{"taxonomy":"product_cat","embeddable":true,"href":"https:\/\/www.freeshopfrontiera.ch\/de\/wp-json\/wp\/v2\/product_cat?post=36996"},{"taxonomy":"product_tag","embeddable":true,"href":"https:\/\/www.freeshopfrontiera.ch\/de\/wp-json\/wp\/v2\/product_tag?post=36996"}],"curies":[{"name":"wp","href":"https:\/\/api.w.org\/{rel}","templated":true}]}}