{"id":37022,"date":"2025-11-11T11:37:30","date_gmt":"2025-11-11T11:37:30","guid":{"rendered":"https:\/\/www.freeshopfrontiera.ch\/shop\/prices-candles-crystal-fruits\/"},"modified":"2025-11-11T11:44:22","modified_gmt":"2025-11-11T11:44:22","slug":"prices-candles-crystal-fruits","status":"publish","type":"product","link":"https:\/\/www.freeshopfrontiera.ch\/de\/shop\/prices-candles-crystal-fruits\/","title":{"rendered":"PRICE&#8217;S CANDLES Crystal Fruits"},"content":{"rendered":"<p data-start=\"1064\" data-end=\"1488\"><strong data-start=\"1064\" data-end=\"1100\">Price\u2019s Candles \u2013 Crystal Fruits<\/strong> ist ein strahlender, fruchtiger Duft, der jedem Raum Frische und Energie verleiht. Die Kopfnoten aus <strong data-start=\"1202\" data-end=\"1244\">gr\u00fcnem Apfel, Birne und Zitrusfr\u00fcchten<\/strong> sorgen f\u00fcr eine spritzige Lebendigkeit, w\u00e4hrend das Herz aus <strong data-start=\"1306\" data-end=\"1342\">roten Fr\u00fcchten und wei\u00dfen Bl\u00fcten<\/strong> eine zarte, elegante Note beisteuert. In der Basis runden <strong data-start=\"1401\" data-end=\"1429\">Moschus und helle H\u00f6lzer<\/strong> den Duft harmonisch ab und verleihen ihm Ausgewogenheit.<\/p>\n<p data-start=\"1490\" data-end=\"1929\">Ideal f\u00fcr alle, die leichte, spritzige D\u00fcfte lieben \u2013 <strong data-start=\"1544\" data-end=\"1562\">Crystal Fruits<\/strong> verbreitet ein sauberes, s\u00fc\u00dfes und leuchtendes Aroma, das das ganze Jahr \u00fcber f\u00fcr Frische sorgt. Mit dem eleganten Design und der bew\u00e4hrten Qualit\u00e4t von <strong data-start=\"1716\" data-end=\"1735\">Price\u2019s Candles<\/strong> verwandelt diese Kerze jeden Raum in eine Oase des Wohlbefindens und der Positivit\u00e4t. Ein moderner, vielseitiger Duft, der durch seine nat\u00fcrliche Frische und strahlende Helligkeit begeistert.<\/p>\n<p data-start=\"572\" data-end=\"1028\">Follow us! <a href=\"https:\/\/www.instagram.com\/freeshopswiss\/\" target=\"_blank\" rel=\"noopener\">@freeshopswiss<\/a><\/p>\n<p data-start=\"572\" data-end=\"1028\">\n","protected":false},"excerpt":{"rendered":"<p><strong data-start=\"1064\" data-end=\"1100\">Price\u2019s Candles \u2013 Crystal Fruits<\/strong> ist ein strahlender, fruchtiger Duft, der jedem Raum Frische und Energie verleiht. Die Kopfnoten aus <strong data-start=\"1202\" data-end=\"1244\">gr\u00fcnem Apfel, Birne und Zitrusfr\u00fcchten<\/strong> sorgen f\u00fcr eine spritzige Lebendigkeit, w\u00e4hrend das Herz aus <strong data-start=\"1306\" data-end=\"1342\">roten Fr\u00fcchten und wei\u00dfen Bl\u00fcten<\/strong> eine zarte, elegante Note beisteuert. In der Basis runden <strong data-start=\"1401\" data-end=\"1429\">Moschus und helle H\u00f6lzer<\/strong> den Duft harmonisch ab und verleihen ihm Ausgewogenheit.<\/p>\n","protected":false},"featured_media":37010,"comment_status":"open","ping_status":"closed","template":"","meta":[],"pwb-brand":[3161],"product_brand":[],"product_cat":[533],"product_tag":[3172,4368,2810,3173],"class_list":{"0":"post-37022","1":"product","2":"type-product","3":"status-publish","4":"has-post-thumbnail","6":"pwb-brand-prices-candles","7":"product_cat-raumduefte","8":"product_tag-duftkerzen","9":"product_tag-fruehlingsspecial","10":"product_tag-home-diffuser-de","11":"product_tag-raumduft","13":"first","14":"instock","15":"sale","16":"taxable","17":"shipping-taxable","18":"purchasable","19":"product-type-variable","20":"has-default-attributes"},"brands":[{"id":3161,"name":"Price's Candles","slug":"prices-candles"}],"_links":{"self":[{"href":"https:\/\/www.freeshopfrontiera.ch\/de\/wp-json\/wp\/v2\/product\/37022","targetHints":{"allow":["GET"]}}],"collection":[{"href":"https:\/\/www.freeshopfrontiera.ch\/de\/wp-json\/wp\/v2\/product"}],"about":[{"href":"https:\/\/www.freeshopfrontiera.ch\/de\/wp-json\/wp\/v2\/types\/product"}],"replies":[{"embeddable":true,"href":"https:\/\/www.freeshopfrontiera.ch\/de\/wp-json\/wp\/v2\/comments?post=37022"}],"version-history":[{"count":1,"href":"https:\/\/www.freeshopfrontiera.ch\/de\/wp-json\/wp\/v2\/product\/37022\/revisions"}],"predecessor-version":[{"id":37028,"href":"https:\/\/www.freeshopfrontiera.ch\/de\/wp-json\/wp\/v2\/product\/37022\/revisions\/37028"}],"wp:featuredmedia":[{"embeddable":true,"href":"https:\/\/www.freeshopfrontiera.ch\/de\/wp-json\/wp\/v2\/media\/37010"}],"wp:attachment":[{"href":"https:\/\/www.freeshopfrontiera.ch\/de\/wp-json\/wp\/v2\/media?parent=37022"}],"wp:term":[{"taxonomy":"pwb-brand","embeddable":true,"href":"https:\/\/www.freeshopfrontiera.ch\/de\/wp-json\/wp\/v2\/pwb-brand?post=37022"},{"taxonomy":"product_brand","embeddable":true,"href":"https:\/\/www.freeshopfrontiera.ch\/de\/wp-json\/wp\/v2\/product_brand?post=37022"},{"taxonomy":"product_cat","embeddable":true,"href":"https:\/\/www.freeshopfrontiera.ch\/de\/wp-json\/wp\/v2\/product_cat?post=37022"},{"taxonomy":"product_tag","embeddable":true,"href":"https:\/\/www.freeshopfrontiera.ch\/de\/wp-json\/wp\/v2\/product_tag?post=37022"}],"curies":[{"name":"wp","href":"https:\/\/api.w.org\/{rel}","templated":true}]}}